{"id":4713,"date":"2025-06-11T19:29:21","date_gmt":"2025-06-11T17:29:21","guid":{"rendered":"https:\/\/agribiomix.com\/produit\/plantas-silficeas-silphium-perfoliatum\/"},"modified":"2026-04-04T02:13:35","modified_gmt":"2026-04-04T00:13:35","slug":"plantas-silficeas-silphium-perfoliatum","status":"publish","type":"product","link":"https:\/\/agribiomix.com\/es\/produit\/plantas-silficeas-silphium-perfoliatum\/","title":{"rendered":"Plantas silf\u00edceas &#8211; Silphium Perfoliatum"},"content":{"rendered":"<h1 data-start=\"143\" data-end=\"348\">Silphia, una planta perenne multifuncional<\/h1>\n<p data-start=\"143\" data-end=\"348\">Originaria de las praderas h\u00famedas de los Grandes Lagos de Norteam\u00e9rica e introducida en Europa en el siglo XVIII, la silfia (Silphium perfoliatum) se cultiva actualmente como cultivo energ\u00e9tico perenne: tras el segundo a\u00f1o, suele producir entre 13 y 18 t MS\/ha, o entre 6.000 y 8.000 Nm\u00b3 de metano\/ha, permaneciendo en su lugar durante m\u00e1s de quince a\u00f1os; su prolongada floraci\u00f3n estival rinde hasta 150 kg de miel\/ha y proporciona una cubierta sostenible favorable a la biodiversidad. En el jard\u00edn, tambi\u00e9n produce un atractivo follaje verde y unas caracter\u00edsticas flores amarillas en verano, que recuerdan a los campos de colza o girasol. <\/p>\n<p data-start=\"143\" data-end=\"348\"><b>Para plantar Silphia en buenas condiciones, hay que preparar el suelo:  <\/b><\/p>\n<p data-start=\"143\" data-end=\"348\">&#8211; Arado o descompactaci\u00f3n ligera<br data-start=\"244\" data-end=\"247\">&#8211; incorpora una palada de compost por planta<\/p>\n<p data-start=\"350\" data-end=\"629\"><strong data-start=\"350\" data-end=\"364\">Plantaci\u00f3n<\/strong><br data-start=\"364\" data-end=\"367\">&#8211; Coloca el cuello a ras del suelo, apisonando moderadamente.<br data-start=\"420\" data-end=\"423\">&#8211; Riega 10-15 L\/planta inmediatamente despu\u00e9s.<br data-start=\"459\" data-end=\"462\">&#8211; Coloca inmediatamente 5 cm de mantillo de miscanthus (\u2248 3 L por planta): -90% de aparici\u00f3n de malas hierbas y mejor retenci\u00f3n del agua.<\/p>\n<p data-start=\"878\" data-end=\"1080\"><strong data-start=\"878\" data-end=\"891\">Mantenimiento<\/strong><br data-start=\"891\" data-end=\"894\">&#8211; Azada o escarda mec\u00e1nica<br data-start=\"969\" data-end=\"972\">&#8211; Vigilancia de babosas en la primera quincena.<br data-start=\"1014\" data-end=\"1017\">&#8211; Sin laboreo en los a\u00f1os siguientes: cultivo perenne.<\/p>\n<p data-start=\"1082\" data-end=\"1212\"><strong data-start=\"1082\" data-end=\"1096\">Riego<\/strong><br data-start=\"1096\" data-end=\"1099\">&#8211; Mant\u00e9n un riego regular durante el primer a\u00f1o, ya que la planta se vuelve tolerante a la sequ\u00eda en el segundo a\u00f1o.<\/p>\n<p data-start=\"1411\" data-end=\"1512\"><strong data-start=\"1411\" data-end=\"1427\">Vida \u00fatil<\/strong><br data-start=\"1427\" data-end=\"1430\">&#8211; 15-20 a\u00f1os antes de que el rodal se vuelva raro; reasegura si &lt; 80% de cobertura.<\/p>\n<p><strong>Usos:<\/strong><\/p>\n<p data-start=\"1411\" data-end=\"1512\"><strong data-start=\"338\" data-end=\"350\">Forraje<\/strong> &#8211; 5-15% de prote\u00edna bruta seg\u00fan la etapa; se conserva bien ensilado<\/p>\n","protected":false},"excerpt":{"rendered":"<p>&#8211; Planta de un a\u00f1o, altura 15-30 cm.<br data-start=\"536\" data-end=\"539\">&#8211; Maceta de 2 L, sustrato bien colonizado por las ra\u00edces.<br data-start=\"585\" data-end=\"588\">&#8211; Mantillo de Miscanthus incluido: 90% menos de malas hierbas, -30% menos de evaporaci\u00f3n.<br data-start=\"679\" data-end=\"682\">&#8211; Planta mel\u00edfera perenne que sirve de refugio a la entomofauna \u00fatil.<br data-start=\"907\" data-end=\"910\">&#8211; Rusticidad -30 \u00b0C.<\/p>\n","protected":false},"featured_media":4131,"template":"","meta":{"site-sidebar-layout":"default","site-content-layout":"","ast-site-content-layout":"default","site-content-style":"default","site-sidebar-style":"default","ast-global-header-display":"","ast-banner-title-visibility":"","ast-main-header-display":"","ast-hfb-above-header-display":"","ast-hfb-below-header-display":"","ast-hfb-mobile-header-display":"","site-post-title":"","ast-breadcrumbs-content":"","ast-featured-img":"","footer-sml-layout":"","ast-disable-related-posts":"","theme-transparent-header-meta":"default","adv-header-id-meta":"","stick-header-meta":"default","header-above-stick-meta":"","header-main-stick-meta":"","header-below-stick-meta":"","astra-migrate-meta-layouts":"default","ast-page-background-enabled":"default","ast-page-background-meta":{"desktop":{"background-color":"","background-image":"","background-repeat":"repeat","background-position":"center center","background-size":"auto","background-attachment":"scroll","background-type":"","background-media":"","overlay-type":"","overlay-color":"","overlay-opacity":"","overlay-gradient":""},"tablet":{"background-color":"","background-image":"","background-repeat":"repeat","background-position":"center center","background-size":"auto","background-attachment":"scroll","background-type":"","background-media":"","overlay-type":"","overlay-color":"","overlay-opacity":"","overlay-gradient":""},"mobile":{"background-color":"","background-image":"","background-repeat":"repeat","background-position":"center center","background-size":"auto","background-attachment":"scroll","background-type":"","background-media":"","overlay-type":"","overlay-color":"","overlay-opacity":"","overlay-gradient":""}},"ast-content-background-meta":{"desktop":{"background-color":"var(--ast-global-color-5)","background-image":"","background-repeat":"repeat","background-position":"center center","background-size":"auto","background-attachment":"scroll","background-type":"","background-media":"","overlay-type":"","overlay-color":"","overlay-opacity":"","overlay-gradient":""},"tablet":{"background-color":"var(--ast-global-color-5)","background-image":"","background-repeat":"repeat","background-position":"center center","background-size":"auto","background-attachment":"scroll","background-type":"","background-media":"","overlay-type":"","overlay-color":"","overlay-opacity":"","overlay-gradient":""},"mobile":{"background-color":"var(--ast-global-color-5)","background-image":"","background-repeat":"repeat","background-position":"center center","background-size":"auto","background-attachment":"scroll","background-type":"","background-media":"","overlay-type":"","overlay-color":"","overlay-opacity":"","overlay-gradient":""}}},"product_brand":[],"product_cat":[107],"product_tag":[],"class_list":{"0":"post-4713","1":"product","2":"type-product","3":"status-publish","4":"has-post-thumbnail","6":"product_cat-energia-de-biomasa","7":"desktop-align-left","8":"tablet-align-left","9":"mobile-align-left","10":"ast-product-gallery-layout-horizontal-slider","11":"ast-product-tabs-layout-horizontal","12":"ast-qv-on-image","14":"first","15":"instock","16":"taxable","17":"shipping-taxable","18":"purchasable","19":"product-type-simple"},"yoast_head":"<!-- This site is optimized with the Yoast SEO Premium plugin v22.7 (Yoast SEO v26.8) - https:\/\/yoast.com\/product\/yoast-seo-premium-wordpress\/ -->\n<title>Plantas silf\u00edceas - Silphium Perfoliatum - AGRIBIOMIX<\/title>\n<meta name=\"description\" content=\"Planta de silkwort perfoliada de 1 a\u00f1o en maceta de 2 L + mantillo de miscanthus: lista para plantar, gran biomasa, rendimiento sostenible, melliferae para el jard\u00edn.\" \/>\n<meta name=\"robots\" content=\"index, follow, max-snippet:-1, max-image-preview:large, max-video-preview:-1\" \/>\n<link rel=\"canonical\" href=\"https:\/\/agribiomix.com\/es\/produit\/plantas-silficeas-silphium-perfoliatum\/\" \/>\n<meta property=\"og:locale\" content=\"es_ES\" \/>\n<meta property=\"og:type\" content=\"article\" \/>\n<meta property=\"og:title\" content=\"Plantas silf\u00edceas - Silphium Perfoliatum\" \/>\n<meta property=\"og:description\" content=\"Planta de silkwort perfoliada de 1 a\u00f1o en maceta de 2 L + mantillo de miscanthus: lista para plantar, gran biomasa, rendimiento sostenible, melliferae para el jard\u00edn.\" \/>\n<meta property=\"og:url\" content=\"https:\/\/agribiomix.com\/es\/produit\/plantas-silficeas-silphium-perfoliatum\/\" \/>\n<meta property=\"og:site_name\" content=\"AGRIBIOMIX\" \/>\n<meta property=\"article:modified_time\" content=\"2026-04-04T00:13:35+00:00\" \/>\n<meta property=\"og:image\" content=\"https:\/\/agribiomix.com\/wp-content\/uploads\/2025\/06\/Photoroom-20250611_190752849.webp\" \/>\n\t<meta property=\"og:image:width\" content=\"1024\" \/>\n\t<meta property=\"og:image:height\" content=\"1024\" \/>\n\t<meta property=\"og:image:type\" content=\"image\/webp\" \/>\n<meta name=\"twitter:card\" content=\"summary_large_image\" \/>\n<meta name=\"twitter:label1\" content=\"Precio\" \/>\n\t<meta name=\"twitter:data1\" content=\"10,34&euro; 9,80&euro; HT\" \/>\n\t<meta name=\"twitter:label2\" content=\"Disponibilidad\" \/>\n\t<meta name=\"twitter:data2\" content=\"Disponible\" \/>\n<script type=\"application\/ld+json\" class=\"yoast-schema-graph\">{\"@context\":\"https:\/\/schema.org\",\"@graph\":[{\"@type\":\"WebPage\",\"@id\":\"https:\/\/agribiomix.com\/es\/produit\/plantas-silficeas-silphium-perfoliatum\/\",\"url\":\"https:\/\/agribiomix.com\/es\/produit\/plantas-silficeas-silphium-perfoliatum\/\",\"name\":\"Plantas silf\u00edceas - Silphium Perfoliatum - AGRIBIOMIX\",\"isPartOf\":{\"@id\":\"https:\/\/agribiomix.com\/es\/#website\"},\"primaryImageOfPage\":{\"@id\":\"https:\/\/agribiomix.com\/es\/produit\/plantas-silficeas-silphium-perfoliatum\/#primaryimage\"},\"image\":{\"@id\":\"https:\/\/agribiomix.com\/es\/produit\/plantas-silficeas-silphium-perfoliatum\/#primaryimage\"},\"thumbnailUrl\":\"https:\/\/agribiomix.com\/wp-content\/uploads\/2025\/06\/Photoroom-20250611_190752849.webp\",\"datePublished\":\"2025-06-11T17:29:21+00:00\",\"dateModified\":\"2026-04-04T00:13:35+00:00\",\"description\":\"Planta de silkwort perfoliada de 1 a\u00f1o en maceta de 2 L + mantillo de miscanthus: lista para plantar, gran biomasa, rendimiento sostenible, melliferae para el jard\u00edn.\",\"breadcrumb\":{\"@id\":\"https:\/\/agribiomix.com\/es\/produit\/plantas-silficeas-silphium-perfoliatum\/#breadcrumb\"},\"inLanguage\":\"es\",\"potentialAction\":[{\"@type\":\"ReadAction\",\"target\":[\"https:\/\/agribiomix.com\/es\/produit\/plantas-silficeas-silphium-perfoliatum\/\"]}]},{\"@type\":\"ImageObject\",\"inLanguage\":\"es\",\"@id\":\"https:\/\/agribiomix.com\/es\/produit\/plantas-silficeas-silphium-perfoliatum\/#primaryimage\",\"url\":\"https:\/\/agribiomix.com\/wp-content\/uploads\/2025\/06\/Photoroom-20250611_190752849.webp\",\"contentUrl\":\"https:\/\/agribiomix.com\/wp-content\/uploads\/2025\/06\/Photoroom-20250611_190752849.webp\",\"width\":1024,\"height\":1024,\"caption\":\"plantas silf\u00edceas\"},{\"@type\":\"BreadcrumbList\",\"@id\":\"https:\/\/agribiomix.com\/es\/produit\/plantas-silficeas-silphium-perfoliatum\/#breadcrumb\",\"itemListElement\":[{\"@type\":\"ListItem\",\"position\":1,\"name\":\"Accueil\",\"item\":\"https:\/\/agribiomix.com\/es\/\"},{\"@type\":\"ListItem\",\"position\":2,\"name\":\"Tienda\",\"item\":\"https:\/\/agribiomix.com\/es\/tienda\/\"},{\"@type\":\"ListItem\",\"position\":3,\"name\":\"Plantas silf\u00edceas &#8211; Silphium Perfoliatum\"}]},{\"@type\":\"WebSite\",\"@id\":\"https:\/\/agribiomix.com\/es\/#website\",\"url\":\"https:\/\/agribiomix.com\/es\/\",\"name\":\"AGRIBIOMIX\",\"description\":\"Biomasse agricole\",\"publisher\":{\"@id\":\"https:\/\/agribiomix.com\/es\/#organization\"},\"potentialAction\":[{\"@type\":\"SearchAction\",\"target\":{\"@type\":\"EntryPoint\",\"urlTemplate\":\"https:\/\/agribiomix.com\/es\/?s={search_term_string}\"},\"query-input\":{\"@type\":\"PropertyValueSpecification\",\"valueRequired\":true,\"valueName\":\"search_term_string\"}}],\"inLanguage\":\"es\"},{\"@type\":\"Organization\",\"@id\":\"https:\/\/agribiomix.com\/es\/#organization\",\"name\":\"AGRIBIOMIX\",\"url\":\"https:\/\/agribiomix.com\/es\/\",\"logo\":{\"@type\":\"ImageObject\",\"inLanguage\":\"es\",\"@id\":\"https:\/\/agribiomix.com\/es\/#\/schema\/logo\/image\/\",\"url\":\"https:\/\/agribiomix.com\/wp-content\/uploads\/2023\/06\/AGRIBIOMIX-1-2.png\",\"contentUrl\":\"https:\/\/agribiomix.com\/wp-content\/uploads\/2023\/06\/AGRIBIOMIX-1-2.png\",\"width\":151,\"height\":134,\"caption\":\"AGRIBIOMIX\"},\"image\":{\"@id\":\"https:\/\/agribiomix.com\/es\/#\/schema\/logo\/image\/\"}}]}<\/script>\n<meta property=\"product:price:amount\" content=\"10.34\" \/>\n<meta property=\"product:price:currency\" content=\"EUR\" \/>\n<meta property=\"og:availability\" content=\"instock\" \/>\n<meta property=\"product:availability\" content=\"instock\" \/>\n<meta property=\"product:retailer_item_id\" content=\"SIL-2L\" \/>\n<meta property=\"product:condition\" content=\"new\" \/>\n<!-- \/ Yoast SEO Premium plugin. -->","yoast_head_json":{"title":"Plantas silf\u00edceas - Silphium Perfoliatum - AGRIBIOMIX","description":"Planta de silkwort perfoliada de 1 a\u00f1o en maceta de 2 L + mantillo de miscanthus: lista para plantar, gran biomasa, rendimiento sostenible, melliferae para el jard\u00edn.","robots":{"index":"index","follow":"follow","max-snippet":"max-snippet:-1","max-image-preview":"max-image-preview:large","max-video-preview":"max-video-preview:-1"},"canonical":"https:\/\/agribiomix.com\/es\/produit\/plantas-silficeas-silphium-perfoliatum\/","og_locale":"es_ES","og_type":"article","og_title":"Plantas silf\u00edceas - Silphium Perfoliatum","og_description":"Planta de silkwort perfoliada de 1 a\u00f1o en maceta de 2 L + mantillo de miscanthus: lista para plantar, gran biomasa, rendimiento sostenible, melliferae para el jard\u00edn.","og_url":"https:\/\/agribiomix.com\/es\/produit\/plantas-silficeas-silphium-perfoliatum\/","og_site_name":"AGRIBIOMIX","article_modified_time":"2026-04-04T00:13:35+00:00","og_image":[{"width":1024,"height":1024,"url":"https:\/\/agribiomix.com\/wp-content\/uploads\/2025\/06\/Photoroom-20250611_190752849.webp","type":"image\/webp"}],"twitter_card":"summary_large_image","twitter_misc":{"Precio":"10,34&euro; 9,80&euro; HT","Disponibilidad":"Disponible"},"schema":{"@context":"https:\/\/schema.org","@graph":[{"@type":"WebPage","@id":"https:\/\/agribiomix.com\/es\/produit\/plantas-silficeas-silphium-perfoliatum\/","url":"https:\/\/agribiomix.com\/es\/produit\/plantas-silficeas-silphium-perfoliatum\/","name":"Plantas silf\u00edceas - Silphium Perfoliatum - AGRIBIOMIX","isPartOf":{"@id":"https:\/\/agribiomix.com\/es\/#website"},"primaryImageOfPage":{"@id":"https:\/\/agribiomix.com\/es\/produit\/plantas-silficeas-silphium-perfoliatum\/#primaryimage"},"image":{"@id":"https:\/\/agribiomix.com\/es\/produit\/plantas-silficeas-silphium-perfoliatum\/#primaryimage"},"thumbnailUrl":"https:\/\/agribiomix.com\/wp-content\/uploads\/2025\/06\/Photoroom-20250611_190752849.webp","datePublished":"2025-06-11T17:29:21+00:00","dateModified":"2026-04-04T00:13:35+00:00","description":"Planta de silkwort perfoliada de 1 a\u00f1o en maceta de 2 L + mantillo de miscanthus: lista para plantar, gran biomasa, rendimiento sostenible, melliferae para el jard\u00edn.","breadcrumb":{"@id":"https:\/\/agribiomix.com\/es\/produit\/plantas-silficeas-silphium-perfoliatum\/#breadcrumb"},"inLanguage":"es","potentialAction":[{"@type":"ReadAction","target":["https:\/\/agribiomix.com\/es\/produit\/plantas-silficeas-silphium-perfoliatum\/"]}]},{"@type":"ImageObject","inLanguage":"es","@id":"https:\/\/agribiomix.com\/es\/produit\/plantas-silficeas-silphium-perfoliatum\/#primaryimage","url":"https:\/\/agribiomix.com\/wp-content\/uploads\/2025\/06\/Photoroom-20250611_190752849.webp","contentUrl":"https:\/\/agribiomix.com\/wp-content\/uploads\/2025\/06\/Photoroom-20250611_190752849.webp","width":1024,"height":1024,"caption":"plantas silf\u00edceas"},{"@type":"BreadcrumbList","@id":"https:\/\/agribiomix.com\/es\/produit\/plantas-silficeas-silphium-perfoliatum\/#breadcrumb","itemListElement":[{"@type":"ListItem","position":1,"name":"Accueil","item":"https:\/\/agribiomix.com\/es\/"},{"@type":"ListItem","position":2,"name":"Tienda","item":"https:\/\/agribiomix.com\/es\/tienda\/"},{"@type":"ListItem","position":3,"name":"Plantas silf\u00edceas &#8211; Silphium Perfoliatum"}]},{"@type":"WebSite","@id":"https:\/\/agribiomix.com\/es\/#website","url":"https:\/\/agribiomix.com\/es\/","name":"AGRIBIOMIX","description":"Biomasse agricole","publisher":{"@id":"https:\/\/agribiomix.com\/es\/#organization"},"potentialAction":[{"@type":"SearchAction","target":{"@type":"EntryPoint","urlTemplate":"https:\/\/agribiomix.com\/es\/?s={search_term_string}"},"query-input":{"@type":"PropertyValueSpecification","valueRequired":true,"valueName":"search_term_string"}}],"inLanguage":"es"},{"@type":"Organization","@id":"https:\/\/agribiomix.com\/es\/#organization","name":"AGRIBIOMIX","url":"https:\/\/agribiomix.com\/es\/","logo":{"@type":"ImageObject","inLanguage":"es","@id":"https:\/\/agribiomix.com\/es\/#\/schema\/logo\/image\/","url":"https:\/\/agribiomix.com\/wp-content\/uploads\/2023\/06\/AGRIBIOMIX-1-2.png","contentUrl":"https:\/\/agribiomix.com\/wp-content\/uploads\/2023\/06\/AGRIBIOMIX-1-2.png","width":151,"height":134,"caption":"AGRIBIOMIX"},"image":{"@id":"https:\/\/agribiomix.com\/es\/#\/schema\/logo\/image\/"}}]},"product_price_amount":"10.34","product_price_currency":"EUR","og_availability":"instock","product_availability":"instock","product_retailer_item_id":"SIL-2L","product_condition":"new"},"_links":{"self":[{"href":"https:\/\/agribiomix.com\/es\/wp-json\/wp\/v2\/product\/4713","targetHints":{"allow":["GET"]}}],"collection":[{"href":"https:\/\/agribiomix.com\/es\/wp-json\/wp\/v2\/product"}],"about":[{"href":"https:\/\/agribiomix.com\/es\/wp-json\/wp\/v2\/types\/product"}],"wp:featuredmedia":[{"embeddable":true,"href":"https:\/\/agribiomix.com\/es\/wp-json\/wp\/v2\/media\/4131"}],"wp:attachment":[{"href":"https:\/\/agribiomix.com\/es\/wp-json\/wp\/v2\/media?parent=4713"}],"wp:term":[{"taxonomy":"product_brand","embeddable":true,"href":"https:\/\/agribiomix.com\/es\/wp-json\/wp\/v2\/product_brand?post=4713"},{"taxonomy":"product_cat","embeddable":true,"href":"https:\/\/agribiomix.com\/es\/wp-json\/wp\/v2\/product_cat?post=4713"},{"taxonomy":"product_tag","embeddable":true,"href":"https:\/\/agribiomix.com\/es\/wp-json\/wp\/v2\/product_tag?post=4713"}],"curies":[{"name":"wp","href":"https:\/\/api.w.org\/{rel}","templated":true}]}}