{"id":4707,"date":"2025-06-10T13:20:37","date_gmt":"2025-06-10T11:20:37","guid":{"rendered":"https:\/\/agribiomix.com\/produit\/raiz-desnuda-de-paulownia-shantong-de-1-ano-de-edad\/"},"modified":"2026-02-02T11:04:47","modified_gmt":"2026-02-02T10:04:47","slug":"raiz-desnuda-de-paulownia-shantong-de-1-ano-de-edad","status":"publish","type":"product","link":"https:\/\/agribiomix.com\/es\/produit\/raiz-desnuda-de-paulownia-shantong-de-1-ano-de-edad\/","title":{"rendered":"Ra\u00edz desnuda de Paulownia Shantong de 1 a\u00f1o de edad"},"content":{"rendered":"<h1>Paulownia Shantong: un h\u00edbrido no invasivo y resistente para madera<\/h1>\n<p>La Paulownia Shantong es un h\u00edbrido de crecimiento r\u00e1pido resultante del cruce entre las variedades <a href=\"https:\/producto\/plantas de paulownia\/\">Tomentosa<\/a> y Fortunei. Nuestros \u00e1rboles de Paulownia Shantong a ra\u00edz desnuda miden una media de 25 cm y producen madera muy r\u00e1pidamente. <\/p>\n<h2>Caracter\u00edsticas<\/h2>\n<ul>\n<li>Especie: Paulownia Shantong (o \u00abShan Tong\u00bb)<\/li>\n<li>Altura en la madurez: de 10 a 15 metros<\/li>\n<li>Di\u00e1metro en la madurez: de 30 a 40 cm<\/li>\n<li>Crecimiento r\u00e1pido: hasta 4 metros al a\u00f1o<\/li>\n<li>Resistencia al fr\u00edo: hasta -20\u00b0C<\/li>\n<li>Alternativas: <a href=\"https:\/producto\/plantas de paulownia\/\">Tomentosa<\/a>, Fortunei<\/li>\n<\/ul>\n<h2>Envases<\/h2>\n<p>Las plantas de Paulownia Shantong se venden a ra\u00edz desnuda durante un a\u00f1o, con un pasaporte fitosanitario para cada variedad. Los pedidos pueden enviarse a cualquier lugar de Francia continental y de la Uni\u00f3n Europea. <\/p>\n<ul>\n<li>Ten cuidado, en invierno las hojas de una Paulownia se caen, por lo que recibir\u00e1s una maceta con una rama podada, lista para volver a empezar en primavera.<\/li>\n<\/ul>\n<h2>En pocas palabras<\/h2>\n<p>La Paulownia Shantong es un \u00e1rbol majestuoso, especialmente adecuado para plantaciones a gran escala. Su madera ligera, fuerte y f\u00e1cil de trabajar, combinada con un crecimiento muy r\u00e1pido, hace que sea una elecci\u00f3n muy popular para la producci\u00f3n de madera y biomasa. <\/p>\n<ul>\n<li>Crecimiento r\u00e1pido : <a href=\"https:\/\/www.researchgate.net\/publication\/348761752_A_study_of_selected_features_of_Shan_Tong_variety_of_plantation_paulownia_and_its_wood_properties\">Shantong<\/a> es un h\u00edbrido seleccionado por su r\u00e1pido crecimiento, que le permite alcanzar la madurez m\u00e1s r\u00e1pidamente que muchas otras variedades de Paulownia.<\/li>\n<li>Madera de alta calidad: La madera producida por Shantong es ligera, fuerte y tiene una textura fina, por lo que es muy popular para diversas aplicaciones, incluida la fabricaci\u00f3n de muebles.<\/li>\n<li>Resistencia a enfermedades y plagas: La Shantong es famosa por su resistencia a determinadas enfermedades y plagas, lo que puede hacer que sea m\u00e1s f\u00e1cil de cuidar que otras variedades.<\/li>\n<li>Tolerancia a condiciones dif\u00edciles: el Shantong tolera bien los suelos pobres y las condiciones clim\u00e1ticas variadas, por lo que es adecuado para una amplia gama de entornos de cultivo.<\/li>\n<\/ul>\n<p>Tambi\u00e9n es una variedad m\u00e1s compleja de propagar que otros h\u00edbridos de Paulownia, ya que lleva m\u00e1s tiempo cortarla o germinarla a partir de semillas.<\/p>\n<div style=\"background-color: #fcfcfc; border: 1px solid #dcdcdc; border-left: 5px solid #1F8A5B; border-radius: 6px; padding: 30px; margin: 30px 0; box-shadow: 0 4px 6px rgba(0,0,0,0.04);\">\n<h3 style=\"color: #1f8a5b; margin-top: 0; margin-bottom: 10px; font-size: 1.3em; font-weight: bold;\">\u00bfNecesitas asesoramiento t\u00e9cnico?<\/h3>\n<p style=\"color: #555; font-size: 1em; line-height: 1.6; margin-top: 0; margin-bottom: 25px;\">Plantaci\u00f3n, poda, mantenimiento&#8230; Encuentra todas nuestras fichas t\u00e9cnicas detalladas en el Hub del Experto en Paulownia. <\/p>\n<p><a style=\"background-color: #1f8a5b; color: #ffffff !important; text-decoration: none !important; padding: 15px 30px; border-radius: 50px; font-weight: 600; font-size: 16px; line-height: 1.2; display: inline-block; box-shadow: 0 2px 4px rgba(31, 138, 91, 0.3);\" href=\"https:\/\/agribiomix.com\/es\/paulownia\/\" target=\"_blank\" rel=\"noopener\"><br \/>\n\u279c Accede a la Gu\u00eda T\u00e9cnica<br \/>\n<\/a><\/p>\n<\/div>\n<p><img fetchpriority=\"high\" decoding=\"async\" class=\"wp-image-2238 size-large\" src=\"\/\/\/wp-content\/uploads\/2023\/06\/PAULOWNIA-1-1024x469.png\" alt=\"plantaci\u00f3n de paulownia\" width=\"1024\" height=\"469\" srcset=\"https:\/\/agribiomix.com\/wp-content\/uploads\/2023\/06\/PAULOWNIA-1-1024x469.png 1024w, https:\/\/agribiomix.com\/wp-content\/uploads\/2023\/06\/PAULOWNIA-1-300x137.png 300w, https:\/\/agribiomix.com\/wp-content\/uploads\/2023\/06\/PAULOWNIA-1-768x352.png 768w, https:\/\/agribiomix.com\/wp-content\/uploads\/2023\/06\/PAULOWNIA-1-1536x703.png 1536w, https:\/\/agribiomix.com\/wp-content\/uploads\/2023\/06\/PAULOWNIA-1-600x275.png 600w, https:\/\/agribiomix.com\/wp-content\/uploads\/2023\/06\/PAULOWNIA-1.png 1904w\" sizes=\"(max-width: 1024px) 100vw, 1024px\" \/><\/p>\n<ul id=\"attachment_2238\" class=\"wp-caption aligncenter\" style=\"width: 1024px;\">La Paulownia Shantong puede plantarse en hileras separadas de 5 a 10 metros en todas las direcciones y en hileras escalonadas.<\/ul>\n","protected":false},"excerpt":{"rendered":"<p>&nbsp;<\/p>\n<ul>\n<li>Variedad Shantong (o Shan Tong)<\/li>\n<li><span style=\"font-size: 16px;\">Ra\u00edz desnuda de un a\u00f1o  <\/span><\/li>\n<li><span style=\"font-size: 16px;\">Se vende con garant\u00edas sanitarias<\/span><\/li>\n<li>Variedad resistente al fr\u00edo<\/li>\n<li>Para madera<\/li>\n<\/ul>\n<p>&nbsp;<\/p>\n","protected":false},"featured_media":4125,"template":"","meta":{"site-sidebar-layout":"default","site-content-layout":"default","ast-site-content-layout":"default","site-content-style":"default","site-sidebar-style":"default","ast-global-header-display":"","ast-banner-title-visibility":"","ast-main-header-display":"","ast-hfb-above-header-display":"","ast-hfb-below-header-display":"","ast-hfb-mobile-header-display":"","site-post-title":"","ast-breadcrumbs-content":"","ast-featured-img":"","footer-sml-layout":"","ast-disable-related-posts":"","theme-transparent-header-meta":"default","adv-header-id-meta":"","stick-header-meta":"default","header-above-stick-meta":"","header-main-stick-meta":"","header-below-stick-meta":"","astra-migrate-meta-layouts":"default","ast-page-background-enabled":"default","ast-page-background-meta":{"desktop":{"background-color":"","background-image":"","background-repeat":"repeat","background-position":"center center","background-size":"auto","background-attachment":"scroll","background-type":"","background-media":"","overlay-type":"","overlay-color":"","overlay-opacity":"","overlay-gradient":""},"tablet":{"background-color":"","background-image":"","background-repeat":"repeat","background-position":"center center","background-size":"auto","background-attachment":"scroll","background-type":"","background-media":"","overlay-type":"","overlay-color":"","overlay-opacity":"","overlay-gradient":""},"mobile":{"background-color":"","background-image":"","background-repeat":"repeat","background-position":"center center","background-size":"auto","background-attachment":"scroll","background-type":"","background-media":"","overlay-type":"","overlay-color":"","overlay-opacity":"","overlay-gradient":""}},"ast-content-background-meta":{"desktop":{"background-color":"var(--ast-global-color-5)","background-image":"","background-repeat":"repeat","background-position":"center center","background-size":"auto","background-attachment":"scroll","background-type":"","background-media":"","overlay-type":"","overlay-color":"","overlay-opacity":"","overlay-gradient":""},"tablet":{"background-color":"var(--ast-global-color-5)","background-image":"","background-repeat":"repeat","background-position":"center center","background-size":"auto","background-attachment":"scroll","background-type":"","background-media":"","overlay-type":"","overlay-color":"","overlay-opacity":"","overlay-gradient":""},"mobile":{"background-color":"var(--ast-global-color-5)","background-image":"","background-repeat":"repeat","background-position":"center center","background-size":"auto","background-attachment":"scroll","background-type":"","background-media":"","overlay-type":"","overlay-color":"","overlay-opacity":"","overlay-gradient":""}}},"product_brand":[],"product_cat":[99],"product_tag":[],"class_list":{"0":"post-4707","1":"product","2":"type-product","3":"status-publish","4":"has-post-thumbnail","6":"product_cat-plantas-para-biomateriales-y-eco-construccion-madera-aislantes","7":"desktop-align-left","8":"tablet-align-left","9":"mobile-align-left","10":"ast-product-gallery-layout-horizontal-slider","11":"ast-product-tabs-layout-horizontal","12":"ast-qv-on-image","14":"first","15":"instock","16":"sale","17":"taxable","18":"shipping-taxable","19":"purchasable","20":"product-type-simple"},"yoast_head":"<!-- This site is optimized with the Yoast SEO Premium plugin v22.7 (Yoast SEO v26.8) - https:\/\/yoast.com\/product\/yoast-seo-premium-wordpress\/ -->\n<title>Ra\u00edz desnuda de Paulownia Shantong de 1 a\u00f1o de edad - AGRIBIOMIX<\/title>\n<meta name=\"description\" content=\"Ra\u00edz de paulownia de Shantong de un a\u00f1o para la producci\u00f3n de biomasa o madera. Ra\u00edz lista para plantar procedente de un vivero franc\u00e9s.\" \/>\n<meta name=\"robots\" content=\"index, follow, max-snippet:-1, max-image-preview:large, max-video-preview:-1\" \/>\n<link rel=\"canonical\" href=\"https:\/\/agribiomix.com\/es\/produit\/raiz-desnuda-de-paulownia-shantong-de-1-ano-de-edad\/\" \/>\n<meta property=\"og:locale\" content=\"es_ES\" \/>\n<meta property=\"og:type\" content=\"article\" \/>\n<meta property=\"og:title\" content=\"Ra\u00edz desnuda de Paulownia Shantong de 1 a\u00f1o de edad\" \/>\n<meta property=\"og:description\" content=\"Ra\u00edz de paulownia de Shantong de un a\u00f1o para la producci\u00f3n de biomasa o madera. Ra\u00edz lista para plantar procedente de un vivero franc\u00e9s.\" \/>\n<meta property=\"og:url\" content=\"https:\/\/agribiomix.com\/es\/produit\/raiz-desnuda-de-paulownia-shantong-de-1-ano-de-edad\/\" \/>\n<meta property=\"og:site_name\" content=\"AGRIBIOMIX\" \/>\n<meta property=\"article:modified_time\" content=\"2026-02-02T10:04:47+00:00\" \/>\n<meta property=\"og:image\" content=\"https:\/\/i0.wp.com\/agribiomix.com\/wp-content\/uploads\/2025\/06\/20250602_195617-Photoroom.webp?fit=2000%2C2000&ssl=1\" \/>\n\t<meta property=\"og:image:width\" content=\"2000\" \/>\n\t<meta property=\"og:image:height\" content=\"2000\" \/>\n\t<meta property=\"og:image:type\" content=\"image\/webp\" \/>\n<meta name=\"twitter:card\" content=\"summary_large_image\" \/>\n<meta name=\"twitter:label1\" content=\"Precio\" \/>\n\t<meta name=\"twitter:data1\" content=\"7,49&euro; 7,10&euro; HT\" \/>\n\t<meta name=\"twitter:label2\" content=\"Disponibilidad\" \/>\n\t<meta name=\"twitter:data2\" content=\"Disponible\" \/>\n<script type=\"application\/ld+json\" class=\"yoast-schema-graph\">{\"@context\":\"https:\/\/schema.org\",\"@graph\":[{\"@type\":\"WebPage\",\"@id\":\"https:\/\/agribiomix.com\/es\/produit\/raiz-desnuda-de-paulownia-shantong-de-1-ano-de-edad\/\",\"url\":\"https:\/\/agribiomix.com\/es\/produit\/raiz-desnuda-de-paulownia-shantong-de-1-ano-de-edad\/\",\"name\":\"Ra\u00edz desnuda de Paulownia Shantong de 1 a\u00f1o de edad - AGRIBIOMIX\",\"isPartOf\":{\"@id\":\"https:\/\/agribiomix.com\/es\/#website\"},\"primaryImageOfPage\":{\"@id\":\"https:\/\/agribiomix.com\/es\/produit\/raiz-desnuda-de-paulownia-shantong-de-1-ano-de-edad\/#primaryimage\"},\"image\":{\"@id\":\"https:\/\/agribiomix.com\/es\/produit\/raiz-desnuda-de-paulownia-shantong-de-1-ano-de-edad\/#primaryimage\"},\"thumbnailUrl\":\"https:\/\/agribiomix.com\/wp-content\/uploads\/2025\/06\/20250602_195617-Photoroom.webp\",\"datePublished\":\"2025-06-10T11:20:37+00:00\",\"dateModified\":\"2026-02-02T10:04:47+00:00\",\"description\":\"Ra\u00edz de paulownia de Shantong de un a\u00f1o para la producci\u00f3n de biomasa o madera. Ra\u00edz lista para plantar procedente de un vivero franc\u00e9s.\",\"breadcrumb\":{\"@id\":\"https:\/\/agribiomix.com\/es\/produit\/raiz-desnuda-de-paulownia-shantong-de-1-ano-de-edad\/#breadcrumb\"},\"inLanguage\":\"es\",\"potentialAction\":[{\"@type\":\"ReadAction\",\"target\":[\"https:\/\/agribiomix.com\/es\/produit\/raiz-desnuda-de-paulownia-shantong-de-1-ano-de-edad\/\"]}]},{\"@type\":\"ImageObject\",\"inLanguage\":\"es\",\"@id\":\"https:\/\/agribiomix.com\/es\/produit\/raiz-desnuda-de-paulownia-shantong-de-1-ano-de-edad\/#primaryimage\",\"url\":\"https:\/\/agribiomix.com\/wp-content\/uploads\/2025\/06\/20250602_195617-Photoroom.webp\",\"contentUrl\":\"https:\/\/agribiomix.com\/wp-content\/uploads\/2025\/06\/20250602_195617-Photoroom.webp\",\"width\":2000,\"height\":2000,\"caption\":\"Paulownia H\u00edbrida Shan Tong o Shantong de un a\u00f1o de edad a ra\u00edz desnuda, lista para plantar\"},{\"@type\":\"BreadcrumbList\",\"@id\":\"https:\/\/agribiomix.com\/es\/produit\/raiz-desnuda-de-paulownia-shantong-de-1-ano-de-edad\/#breadcrumb\",\"itemListElement\":[{\"@type\":\"ListItem\",\"position\":1,\"name\":\"Accueil\",\"item\":\"https:\/\/agribiomix.com\/es\/\"},{\"@type\":\"ListItem\",\"position\":2,\"name\":\"Tienda\",\"item\":\"https:\/\/agribiomix.com\/es\/tienda\/\"},{\"@type\":\"ListItem\",\"position\":3,\"name\":\"Ra\u00edz desnuda de Paulownia Shantong de 1 a\u00f1o de edad\"}]},{\"@type\":\"WebSite\",\"@id\":\"https:\/\/agribiomix.com\/es\/#website\",\"url\":\"https:\/\/agribiomix.com\/es\/\",\"name\":\"AGRIBIOMIX\",\"description\":\"Biomasse agricole\",\"publisher\":{\"@id\":\"https:\/\/agribiomix.com\/es\/#organization\"},\"potentialAction\":[{\"@type\":\"SearchAction\",\"target\":{\"@type\":\"EntryPoint\",\"urlTemplate\":\"https:\/\/agribiomix.com\/es\/?s={search_term_string}\"},\"query-input\":{\"@type\":\"PropertyValueSpecification\",\"valueRequired\":true,\"valueName\":\"search_term_string\"}}],\"inLanguage\":\"es\"},{\"@type\":\"Organization\",\"@id\":\"https:\/\/agribiomix.com\/es\/#organization\",\"name\":\"AGRIBIOMIX\",\"url\":\"https:\/\/agribiomix.com\/es\/\",\"logo\":{\"@type\":\"ImageObject\",\"inLanguage\":\"es\",\"@id\":\"https:\/\/agribiomix.com\/es\/#\/schema\/logo\/image\/\",\"url\":\"https:\/\/agribiomix.com\/wp-content\/uploads\/2023\/06\/AGRIBIOMIX-1-2.png\",\"contentUrl\":\"https:\/\/agribiomix.com\/wp-content\/uploads\/2023\/06\/AGRIBIOMIX-1-2.png\",\"width\":151,\"height\":134,\"caption\":\"AGRIBIOMIX\"},\"image\":{\"@id\":\"https:\/\/agribiomix.com\/es\/#\/schema\/logo\/image\/\"}}]}<\/script>\n<meta property=\"product:price:amount\" content=\"7.49\" \/>\n<meta property=\"product:price:currency\" content=\"EUR\" \/>\n<meta property=\"og:availability\" content=\"instock\" \/>\n<meta property=\"product:availability\" content=\"instock\" \/>\n<meta property=\"product:retailer_item_id\" content=\"PLW-SHA-RN\" \/>\n<meta property=\"product:condition\" content=\"new\" \/>\n<!-- \/ Yoast SEO Premium plugin. -->","yoast_head_json":{"title":"Ra\u00edz desnuda de Paulownia Shantong de 1 a\u00f1o de edad - AGRIBIOMIX","description":"Ra\u00edz de paulownia de Shantong de un a\u00f1o para la producci\u00f3n de biomasa o madera. Ra\u00edz lista para plantar procedente de un vivero franc\u00e9s.","robots":{"index":"index","follow":"follow","max-snippet":"max-snippet:-1","max-image-preview":"max-image-preview:large","max-video-preview":"max-video-preview:-1"},"canonical":"https:\/\/agribiomix.com\/es\/produit\/raiz-desnuda-de-paulownia-shantong-de-1-ano-de-edad\/","og_locale":"es_ES","og_type":"article","og_title":"Ra\u00edz desnuda de Paulownia Shantong de 1 a\u00f1o de edad","og_description":"Ra\u00edz de paulownia de Shantong de un a\u00f1o para la producci\u00f3n de biomasa o madera. Ra\u00edz lista para plantar procedente de un vivero franc\u00e9s.","og_url":"https:\/\/agribiomix.com\/es\/produit\/raiz-desnuda-de-paulownia-shantong-de-1-ano-de-edad\/","og_site_name":"AGRIBIOMIX","article_modified_time":"2026-02-02T10:04:47+00:00","og_image":[{"width":2000,"height":2000,"url":"https:\/\/i0.wp.com\/agribiomix.com\/wp-content\/uploads\/2025\/06\/20250602_195617-Photoroom.webp?fit=2000%2C2000&ssl=1","type":"image\/webp"}],"twitter_card":"summary_large_image","twitter_misc":{"Precio":"7,49&euro; 7,10&euro; HT","Disponibilidad":"Disponible"},"schema":{"@context":"https:\/\/schema.org","@graph":[{"@type":"WebPage","@id":"https:\/\/agribiomix.com\/es\/produit\/raiz-desnuda-de-paulownia-shantong-de-1-ano-de-edad\/","url":"https:\/\/agribiomix.com\/es\/produit\/raiz-desnuda-de-paulownia-shantong-de-1-ano-de-edad\/","name":"Ra\u00edz desnuda de Paulownia Shantong de 1 a\u00f1o de edad - AGRIBIOMIX","isPartOf":{"@id":"https:\/\/agribiomix.com\/es\/#website"},"primaryImageOfPage":{"@id":"https:\/\/agribiomix.com\/es\/produit\/raiz-desnuda-de-paulownia-shantong-de-1-ano-de-edad\/#primaryimage"},"image":{"@id":"https:\/\/agribiomix.com\/es\/produit\/raiz-desnuda-de-paulownia-shantong-de-1-ano-de-edad\/#primaryimage"},"thumbnailUrl":"https:\/\/agribiomix.com\/wp-content\/uploads\/2025\/06\/20250602_195617-Photoroom.webp","datePublished":"2025-06-10T11:20:37+00:00","dateModified":"2026-02-02T10:04:47+00:00","description":"Ra\u00edz de paulownia de Shantong de un a\u00f1o para la producci\u00f3n de biomasa o madera. Ra\u00edz lista para plantar procedente de un vivero franc\u00e9s.","breadcrumb":{"@id":"https:\/\/agribiomix.com\/es\/produit\/raiz-desnuda-de-paulownia-shantong-de-1-ano-de-edad\/#breadcrumb"},"inLanguage":"es","potentialAction":[{"@type":"ReadAction","target":["https:\/\/agribiomix.com\/es\/produit\/raiz-desnuda-de-paulownia-shantong-de-1-ano-de-edad\/"]}]},{"@type":"ImageObject","inLanguage":"es","@id":"https:\/\/agribiomix.com\/es\/produit\/raiz-desnuda-de-paulownia-shantong-de-1-ano-de-edad\/#primaryimage","url":"https:\/\/agribiomix.com\/wp-content\/uploads\/2025\/06\/20250602_195617-Photoroom.webp","contentUrl":"https:\/\/agribiomix.com\/wp-content\/uploads\/2025\/06\/20250602_195617-Photoroom.webp","width":2000,"height":2000,"caption":"Paulownia H\u00edbrida Shan Tong o Shantong de un a\u00f1o de edad a ra\u00edz desnuda, lista para plantar"},{"@type":"BreadcrumbList","@id":"https:\/\/agribiomix.com\/es\/produit\/raiz-desnuda-de-paulownia-shantong-de-1-ano-de-edad\/#breadcrumb","itemListElement":[{"@type":"ListItem","position":1,"name":"Accueil","item":"https:\/\/agribiomix.com\/es\/"},{"@type":"ListItem","position":2,"name":"Tienda","item":"https:\/\/agribiomix.com\/es\/tienda\/"},{"@type":"ListItem","position":3,"name":"Ra\u00edz desnuda de Paulownia Shantong de 1 a\u00f1o de edad"}]},{"@type":"WebSite","@id":"https:\/\/agribiomix.com\/es\/#website","url":"https:\/\/agribiomix.com\/es\/","name":"AGRIBIOMIX","description":"Biomasse agricole","publisher":{"@id":"https:\/\/agribiomix.com\/es\/#organization"},"potentialAction":[{"@type":"SearchAction","target":{"@type":"EntryPoint","urlTemplate":"https:\/\/agribiomix.com\/es\/?s={search_term_string}"},"query-input":{"@type":"PropertyValueSpecification","valueRequired":true,"valueName":"search_term_string"}}],"inLanguage":"es"},{"@type":"Organization","@id":"https:\/\/agribiomix.com\/es\/#organization","name":"AGRIBIOMIX","url":"https:\/\/agribiomix.com\/es\/","logo":{"@type":"ImageObject","inLanguage":"es","@id":"https:\/\/agribiomix.com\/es\/#\/schema\/logo\/image\/","url":"https:\/\/agribiomix.com\/wp-content\/uploads\/2023\/06\/AGRIBIOMIX-1-2.png","contentUrl":"https:\/\/agribiomix.com\/wp-content\/uploads\/2023\/06\/AGRIBIOMIX-1-2.png","width":151,"height":134,"caption":"AGRIBIOMIX"},"image":{"@id":"https:\/\/agribiomix.com\/es\/#\/schema\/logo\/image\/"}}]},"product_price_amount":"7.49","product_price_currency":"EUR","og_availability":"instock","product_availability":"instock","product_retailer_item_id":"PLW-SHA-RN","product_condition":"new"},"_links":{"self":[{"href":"https:\/\/agribiomix.com\/es\/wp-json\/wp\/v2\/product\/4707","targetHints":{"allow":["GET"]}}],"collection":[{"href":"https:\/\/agribiomix.com\/es\/wp-json\/wp\/v2\/product"}],"about":[{"href":"https:\/\/agribiomix.com\/es\/wp-json\/wp\/v2\/types\/product"}],"wp:featuredmedia":[{"embeddable":true,"href":"https:\/\/agribiomix.com\/es\/wp-json\/wp\/v2\/media\/4125"}],"wp:attachment":[{"href":"https:\/\/agribiomix.com\/es\/wp-json\/wp\/v2\/media?parent=4707"}],"wp:term":[{"taxonomy":"product_brand","embeddable":true,"href":"https:\/\/agribiomix.com\/es\/wp-json\/wp\/v2\/product_brand?post=4707"},{"taxonomy":"product_cat","embeddable":true,"href":"https:\/\/agribiomix.com\/es\/wp-json\/wp\/v2\/product_cat?post=4707"},{"taxonomy":"product_tag","embeddable":true,"href":"https:\/\/agribiomix.com\/es\/wp-json\/wp\/v2\/product_tag?post=4707"}],"curies":[{"name":"wp","href":"https:\/\/api.w.org\/{rel}","templated":true}]}}