{"id":4703,"date":"2024-01-23T16:28:30","date_gmt":"2024-01-23T15:28:30","guid":{"rendered":"https:\/\/agribiomix.com\/produit\/plantas-de-paulownia-elongata\/"},"modified":"2026-02-01T19:25:19","modified_gmt":"2026-02-01T18:25:19","slug":"plantas-de-paulownia-elongata","status":"publish","type":"product","link":"https:\/\/agribiomix.com\/es\/produit\/plantas-de-paulownia-elongata\/","title":{"rendered":"Plantas de Paulownia Elongata"},"content":{"rendered":"<p>Las plantas de Paulownia Elongata se recomiendan a los agricultores que deseen cultivar \u00e1rboles de crecimiento r\u00e1pido para la producci\u00f3n de madera. Tambi\u00e9n pueden utilizarse en proyectos de reforestaci\u00f3n para ayudar a restaurar suelos degradados o contaminados. Tambi\u00e9n vendemos a particulares y autoridades locales.  <\/p>\n<p><strong>Caracter\u00edsticas :<\/strong><\/p>\n<ul>\n<li><strong>Crecimiento:<\/strong> Hasta 3 metros al a\u00f1o<\/li>\n<li><strong>Altura:<\/strong> de 10 a 30 metros en la madurez<\/li>\n<li><strong>Flores:<\/strong> racimos de color violeta o lila, que aparecen en primavera<\/li>\n<li><strong>Madera:<\/strong> Ligera, fuerte y f\u00e1cil de trabajar<\/li>\n<\/ul>\n<ul>\n<li>Ten cuidado, en invierno las hojas de una Paulownia se caen, por lo que recibir\u00e1s una maceta con una rama podada, lista para volver a empezar en primavera.<\/li>\n<\/ul>\n<p><strong>Requisitos culturales :<\/strong><\/p>\n<ul>\n<li><strong>Clima:<\/strong> De templado a c\u00e1lido<\/li>\n<li><strong>Suelo:<\/strong> Bien drenado y f\u00e9rtil, tolera una variedad de suelos<\/li>\n<li><strong>Luz:<\/strong> pleno sol para un crecimiento \u00f3ptimo<\/li>\n<\/ul>\n<p><strong>Usos :<\/strong><\/p>\n<ul>\n<li><strong>Reforestaci\u00f3n<\/strong>: Ideal para restaurar suelos erosionados<\/li>\n<li><strong>Biomasa<\/strong>: Excelente para la producci\u00f3n de energ\u00eda de biomasa<\/li>\n<li><strong>Apicultura<\/strong>: Una fuente de n\u00e9ctar para las abejas<\/li>\n<li><strong>Ornamental<\/strong>: Con sus atractivas flores, es perfecto como \u00e1rbol ornamental.<\/li>\n<\/ul>\n<p><strong>Informaci\u00f3n de env\u00edo :<\/strong><\/p>\n<p>Tu pedido de Paulownia Elongata se enviar\u00e1 con cuidado, con todas las garant\u00edas sanitarias y documentos en el paquete. Si necesitas alg\u00fan documento espec\u00edfico, no dudes en ponerte en contacto con nosotros despu\u00e9s de la compra. <\/p>\n<p><\/a><\/p>\n<div style=\"background-color: #ffffff; border: 1px solid #d1e7dd; border-left: 5px solid #1F8A5B; border-radius: 8px; padding: 25px; margin: 30px 0; box-shadow: 0 2px 5px rgba(0,0,0,0.05);\">\n<h3 style=\"color: #1F8A5B; margin-top: 0; font-size: 1.2em; font-weight: bold;\">\u00bfNecesitas asesoramiento t\u00e9cnico?<\/h3>\n<p style=\"color: #555; font-size: 1em; line-height: 1.5; margin-bottom: 20px;\">\n  Plantaci\u00f3n, poda, mantenimiento&#8230; Encuentra todas nuestras fichas t\u00e9cnicas en el Hub del Experto en Paulownia.\n    <\/p>\n<p>    <a href=\"https:\/\/agribiomix.com\/es\/paulownia\/\" target=\"_blank\" style=\"background-color: #00945e; color: #ffffff !important; text-decoration: none !important; padding: 12px 24px; border-radius: 50px; font-weight: bold; font-size: 16px; display: inline-block; transition: background 0.3s;\"><br \/>\n  \u279c Accede a la Gu\u00eda T\u00e9cnica<br \/>\n    <\/a><\/p>\n<\/div>\n<figure id=\"attachment_2238\" aria-describedby=\"caption-attachment-2238\" style=\"width: 1024px\" class=\"wp-caption aligncenter\"><img fetchpriority=\"high\" decoding=\"async\" class=\"wp-image-2238 size-large\" src=\"\/\/\/wp-content\/uploads\/2023\/06\/PAULOWNIA-1-1024x469.png\" alt=\"plantaci\u00f3n de paulownia\" width=\"1024\" height=\"469\" srcset=\"https:\/\/agribiomix.com\/wp-content\/uploads\/2023\/06\/PAULOWNIA-1-1024x469.png 1024w, https:\/\/agribiomix.com\/wp-content\/uploads\/2023\/06\/PAULOWNIA-1-300x137.png 300w, https:\/\/agribiomix.com\/wp-content\/uploads\/2023\/06\/PAULOWNIA-1-768x352.png 768w, https:\/\/agribiomix.com\/wp-content\/uploads\/2023\/06\/PAULOWNIA-1-1536x703.png 1536w, https:\/\/agribiomix.com\/wp-content\/uploads\/2023\/06\/PAULOWNIA-1-600x275.png 600w, https:\/\/agribiomix.com\/wp-content\/uploads\/2023\/06\/PAULOWNIA-1.png 1904w\" sizes=\"(max-width: 1024px) 100vw, 1024px\" \/><figcaption id=\"caption-attachment-2238\" class=\"wp-caption-text\">La Paulownia elongata puede plantarse en hileras de 5 a 10 metros de distancia en todas las direcciones.<\/figcaption><\/figure>\n","protected":false},"excerpt":{"rendered":"<p>&nbsp;<\/p>\n<ul>\n<li>Variedad elongata<\/li>\n<li>Plantas en macetas de 9&#215;9 cm<\/li>\n<li>Se vende con garant\u00edas sanitarias<\/li>\n<li>Variedad resistente al fr\u00edo<\/li>\n<li>Para madera o energ\u00eda de biomasa.<\/li>\n<\/ul>\n<p>&nbsp;<\/p>\n","protected":false},"featured_media":4159,"template":"","meta":{"site-sidebar-layout":"default","site-content-layout":"default","ast-site-content-layout":"default","site-content-style":"default","site-sidebar-style":"default","ast-global-header-display":"","ast-banner-title-visibility":"","ast-main-header-display":"","ast-hfb-above-header-display":"","ast-hfb-below-header-display":"","ast-hfb-mobile-header-display":"","site-post-title":"","ast-breadcrumbs-content":"","ast-featured-img":"","footer-sml-layout":"","ast-disable-related-posts":"","theme-transparent-header-meta":"default","adv-header-id-meta":"","stick-header-meta":"default","header-above-stick-meta":"","header-main-stick-meta":"","header-below-stick-meta":"","astra-migrate-meta-layouts":"default","ast-page-background-enabled":"default","ast-page-background-meta":{"desktop":{"background-color":"","background-image":"","background-repeat":"repeat","background-position":"center center","background-size":"auto","background-attachment":"scroll","background-type":"","background-media":"","overlay-type":"","overlay-color":"","overlay-opacity":"","overlay-gradient":""},"tablet":{"background-color":"","background-image":"","background-repeat":"repeat","background-position":"center center","background-size":"auto","background-attachment":"scroll","background-type":"","background-media":"","overlay-type":"","overlay-color":"","overlay-opacity":"","overlay-gradient":""},"mobile":{"background-color":"","background-image":"","background-repeat":"repeat","background-position":"center center","background-size":"auto","background-attachment":"scroll","background-type":"","background-media":"","overlay-type":"","overlay-color":"","overlay-opacity":"","overlay-gradient":""}},"ast-content-background-meta":{"desktop":{"background-color":"var(--ast-global-color-5)","background-image":"","background-repeat":"repeat","background-position":"center center","background-size":"auto","background-attachment":"scroll","background-type":"","background-media":"","overlay-type":"","overlay-color":"","overlay-opacity":"","overlay-gradient":""},"tablet":{"background-color":"var(--ast-global-color-5)","background-image":"","background-repeat":"repeat","background-position":"center center","background-size":"auto","background-attachment":"scroll","background-type":"","background-media":"","overlay-type":"","overlay-color":"","overlay-opacity":"","overlay-gradient":""},"mobile":{"background-color":"var(--ast-global-color-5)","background-image":"","background-repeat":"repeat","background-position":"center center","background-size":"auto","background-attachment":"scroll","background-type":"","background-media":"","overlay-type":"","overlay-color":"","overlay-opacity":"","overlay-gradient":""}}},"product_brand":[],"product_cat":[99],"product_tag":[126],"class_list":{"0":"post-4703","1":"product","2":"type-product","3":"status-publish","4":"has-post-thumbnail","6":"product_cat-plantas-para-biomateriales-y-eco-construccion-madera-aislantes","7":"product_tag-paulownia-es","8":"desktop-align-left","9":"tablet-align-left","10":"mobile-align-left","11":"ast-product-gallery-layout-horizontal-slider","12":"ast-product-tabs-layout-horizontal","13":"ast-qv-on-image","15":"first","16":"instock","17":"taxable","18":"shipping-taxable","19":"purchasable","20":"product-type-simple"},"yoast_head":"<!-- This site is optimized with the Yoast SEO Premium plugin v22.7 (Yoast SEO v26.8) - https:\/\/yoast.com\/product\/yoast-seo-premium-wordpress\/ -->\n<title>Plantas de Paulownia Elongata - AGRIBIOMIX<\/title>\n<meta name=\"description\" content=\"Plantas de paulownia elongata en macetas de 9x9 cm para la producci\u00f3n de biomasa o madera. \u00c1rbol Kiri, \u00e1rbol Impress. Vivero franc\u00e9s de paulownia.\" \/>\n<meta name=\"robots\" content=\"index, follow, max-snippet:-1, max-image-preview:large, max-video-preview:-1\" \/>\n<link rel=\"canonical\" href=\"https:\/\/agribiomix.com\/es\/produit\/plantas-de-paulownia-elongata\/\" \/>\n<meta property=\"og:locale\" content=\"es_ES\" \/>\n<meta property=\"og:type\" content=\"article\" \/>\n<meta property=\"og:title\" content=\"Plantas de Paulownia Elongata\" \/>\n<meta property=\"og:description\" content=\"Plantas de paulownia elongata en macetas de 9x9 cm para la producci\u00f3n de biomasa o madera. \u00c1rbol Kiri, \u00e1rbol Impress. Vivero franc\u00e9s de paulownia.\" \/>\n<meta property=\"og:url\" content=\"https:\/\/agribiomix.com\/es\/produit\/plantas-de-paulownia-elongata\/\" \/>\n<meta property=\"og:site_name\" content=\"AGRIBIOMIX\" \/>\n<meta property=\"article:modified_time\" content=\"2026-02-01T18:25:19+00:00\" \/>\n<meta property=\"og:image\" content=\"https:\/\/i0.wp.com\/agribiomix.com\/wp-content\/uploads\/2024\/01\/Paulownia-Photoroom.webp?fit=1024%2C1024&ssl=1\" \/>\n\t<meta property=\"og:image:width\" content=\"1024\" \/>\n\t<meta property=\"og:image:height\" content=\"1024\" \/>\n\t<meta property=\"og:image:type\" content=\"image\/webp\" \/>\n<meta name=\"twitter:card\" content=\"summary_large_image\" \/>\n<meta name=\"twitter:label1\" content=\"Precio\" \/>\n\t<meta name=\"twitter:data1\" content=\"6,54&euro; 6,20&euro; HT\" \/>\n\t<meta name=\"twitter:label2\" content=\"Disponibilidad\" \/>\n\t<meta name=\"twitter:data2\" content=\"Disponible\" \/>\n<script type=\"application\/ld+json\" class=\"yoast-schema-graph\">{\"@context\":\"https:\/\/schema.org\",\"@graph\":[{\"@type\":\"WebPage\",\"@id\":\"https:\/\/agribiomix.com\/es\/produit\/plantas-de-paulownia-elongata\/\",\"url\":\"https:\/\/agribiomix.com\/es\/produit\/plantas-de-paulownia-elongata\/\",\"name\":\"Plantas de Paulownia Elongata - AGRIBIOMIX\",\"isPartOf\":{\"@id\":\"https:\/\/agribiomix.com\/es\/#website\"},\"primaryImageOfPage\":{\"@id\":\"https:\/\/agribiomix.com\/es\/produit\/plantas-de-paulownia-elongata\/#primaryimage\"},\"image\":{\"@id\":\"https:\/\/agribiomix.com\/es\/produit\/plantas-de-paulownia-elongata\/#primaryimage\"},\"thumbnailUrl\":\"https:\/\/agribiomix.com\/wp-content\/uploads\/2024\/01\/Paulownia-Photoroom.webp\",\"datePublished\":\"2024-01-23T15:28:30+00:00\",\"dateModified\":\"2026-02-01T18:25:19+00:00\",\"description\":\"Plantas de paulownia elongata en macetas de 9x9 cm para la producci\u00f3n de biomasa o madera. \u00c1rbol Kiri, \u00e1rbol Impress. Vivero franc\u00e9s de paulownia.\",\"breadcrumb\":{\"@id\":\"https:\/\/agribiomix.com\/es\/produit\/plantas-de-paulownia-elongata\/#breadcrumb\"},\"inLanguage\":\"es\",\"potentialAction\":[{\"@type\":\"ReadAction\",\"target\":[\"https:\/\/agribiomix.com\/es\/produit\/plantas-de-paulownia-elongata\/\"]}]},{\"@type\":\"ImageObject\",\"inLanguage\":\"es\",\"@id\":\"https:\/\/agribiomix.com\/es\/produit\/plantas-de-paulownia-elongata\/#primaryimage\",\"url\":\"https:\/\/agribiomix.com\/wp-content\/uploads\/2024\/01\/Paulownia-Photoroom.webp\",\"contentUrl\":\"https:\/\/agribiomix.com\/wp-content\/uploads\/2024\/01\/Paulownia-Photoroom.webp\",\"width\":1024,\"height\":1024,\"caption\":\"Planta de paulwownia en maceta\"},{\"@type\":\"BreadcrumbList\",\"@id\":\"https:\/\/agribiomix.com\/es\/produit\/plantas-de-paulownia-elongata\/#breadcrumb\",\"itemListElement\":[{\"@type\":\"ListItem\",\"position\":1,\"name\":\"Accueil\",\"item\":\"https:\/\/agribiomix.com\/es\/\"},{\"@type\":\"ListItem\",\"position\":2,\"name\":\"Tienda\",\"item\":\"https:\/\/agribiomix.com\/es\/tienda\/\"},{\"@type\":\"ListItem\",\"position\":3,\"name\":\"Plantas de Paulownia Elongata\"}]},{\"@type\":\"WebSite\",\"@id\":\"https:\/\/agribiomix.com\/es\/#website\",\"url\":\"https:\/\/agribiomix.com\/es\/\",\"name\":\"AGRIBIOMIX\",\"description\":\"Biomasse agricole\",\"publisher\":{\"@id\":\"https:\/\/agribiomix.com\/es\/#organization\"},\"potentialAction\":[{\"@type\":\"SearchAction\",\"target\":{\"@type\":\"EntryPoint\",\"urlTemplate\":\"https:\/\/agribiomix.com\/es\/?s={search_term_string}\"},\"query-input\":{\"@type\":\"PropertyValueSpecification\",\"valueRequired\":true,\"valueName\":\"search_term_string\"}}],\"inLanguage\":\"es\"},{\"@type\":\"Organization\",\"@id\":\"https:\/\/agribiomix.com\/es\/#organization\",\"name\":\"AGRIBIOMIX\",\"url\":\"https:\/\/agribiomix.com\/es\/\",\"logo\":{\"@type\":\"ImageObject\",\"inLanguage\":\"es\",\"@id\":\"https:\/\/agribiomix.com\/es\/#\/schema\/logo\/image\/\",\"url\":\"https:\/\/agribiomix.com\/wp-content\/uploads\/2023\/06\/AGRIBIOMIX-1-2.png\",\"contentUrl\":\"https:\/\/agribiomix.com\/wp-content\/uploads\/2023\/06\/AGRIBIOMIX-1-2.png\",\"width\":151,\"height\":134,\"caption\":\"AGRIBIOMIX\"},\"image\":{\"@id\":\"https:\/\/agribiomix.com\/es\/#\/schema\/logo\/image\/\"}}]}<\/script>\n<meta property=\"product:price:amount\" content=\"6.54\" \/>\n<meta property=\"product:price:currency\" content=\"EUR\" \/>\n<meta property=\"og:availability\" content=\"instock\" \/>\n<meta property=\"product:availability\" content=\"instock\" \/>\n<meta property=\"product:retailer_item_id\" content=\"PLW-ELO\" \/>\n<meta property=\"product:condition\" content=\"new\" \/>\n<!-- \/ Yoast SEO Premium plugin. -->","yoast_head_json":{"title":"Plantas de Paulownia Elongata - AGRIBIOMIX","description":"Plantas de paulownia elongata en macetas de 9x9 cm para la producci\u00f3n de biomasa o madera. \u00c1rbol Kiri, \u00e1rbol Impress. Vivero franc\u00e9s de paulownia.","robots":{"index":"index","follow":"follow","max-snippet":"max-snippet:-1","max-image-preview":"max-image-preview:large","max-video-preview":"max-video-preview:-1"},"canonical":"https:\/\/agribiomix.com\/es\/produit\/plantas-de-paulownia-elongata\/","og_locale":"es_ES","og_type":"article","og_title":"Plantas de Paulownia Elongata","og_description":"Plantas de paulownia elongata en macetas de 9x9 cm para la producci\u00f3n de biomasa o madera. \u00c1rbol Kiri, \u00e1rbol Impress. Vivero franc\u00e9s de paulownia.","og_url":"https:\/\/agribiomix.com\/es\/produit\/plantas-de-paulownia-elongata\/","og_site_name":"AGRIBIOMIX","article_modified_time":"2026-02-01T18:25:19+00:00","og_image":[{"width":1024,"height":1024,"url":"https:\/\/i0.wp.com\/agribiomix.com\/wp-content\/uploads\/2024\/01\/Paulownia-Photoroom.webp?fit=1024%2C1024&ssl=1","type":"image\/webp"}],"twitter_card":"summary_large_image","twitter_misc":{"Precio":"6,54&euro; 6,20&euro; HT","Disponibilidad":"Disponible"},"schema":{"@context":"https:\/\/schema.org","@graph":[{"@type":"WebPage","@id":"https:\/\/agribiomix.com\/es\/produit\/plantas-de-paulownia-elongata\/","url":"https:\/\/agribiomix.com\/es\/produit\/plantas-de-paulownia-elongata\/","name":"Plantas de Paulownia Elongata - AGRIBIOMIX","isPartOf":{"@id":"https:\/\/agribiomix.com\/es\/#website"},"primaryImageOfPage":{"@id":"https:\/\/agribiomix.com\/es\/produit\/plantas-de-paulownia-elongata\/#primaryimage"},"image":{"@id":"https:\/\/agribiomix.com\/es\/produit\/plantas-de-paulownia-elongata\/#primaryimage"},"thumbnailUrl":"https:\/\/agribiomix.com\/wp-content\/uploads\/2024\/01\/Paulownia-Photoroom.webp","datePublished":"2024-01-23T15:28:30+00:00","dateModified":"2026-02-01T18:25:19+00:00","description":"Plantas de paulownia elongata en macetas de 9x9 cm para la producci\u00f3n de biomasa o madera. \u00c1rbol Kiri, \u00e1rbol Impress. Vivero franc\u00e9s de paulownia.","breadcrumb":{"@id":"https:\/\/agribiomix.com\/es\/produit\/plantas-de-paulownia-elongata\/#breadcrumb"},"inLanguage":"es","potentialAction":[{"@type":"ReadAction","target":["https:\/\/agribiomix.com\/es\/produit\/plantas-de-paulownia-elongata\/"]}]},{"@type":"ImageObject","inLanguage":"es","@id":"https:\/\/agribiomix.com\/es\/produit\/plantas-de-paulownia-elongata\/#primaryimage","url":"https:\/\/agribiomix.com\/wp-content\/uploads\/2024\/01\/Paulownia-Photoroom.webp","contentUrl":"https:\/\/agribiomix.com\/wp-content\/uploads\/2024\/01\/Paulownia-Photoroom.webp","width":1024,"height":1024,"caption":"Planta de paulwownia en maceta"},{"@type":"BreadcrumbList","@id":"https:\/\/agribiomix.com\/es\/produit\/plantas-de-paulownia-elongata\/#breadcrumb","itemListElement":[{"@type":"ListItem","position":1,"name":"Accueil","item":"https:\/\/agribiomix.com\/es\/"},{"@type":"ListItem","position":2,"name":"Tienda","item":"https:\/\/agribiomix.com\/es\/tienda\/"},{"@type":"ListItem","position":3,"name":"Plantas de Paulownia Elongata"}]},{"@type":"WebSite","@id":"https:\/\/agribiomix.com\/es\/#website","url":"https:\/\/agribiomix.com\/es\/","name":"AGRIBIOMIX","description":"Biomasse agricole","publisher":{"@id":"https:\/\/agribiomix.com\/es\/#organization"},"potentialAction":[{"@type":"SearchAction","target":{"@type":"EntryPoint","urlTemplate":"https:\/\/agribiomix.com\/es\/?s={search_term_string}"},"query-input":{"@type":"PropertyValueSpecification","valueRequired":true,"valueName":"search_term_string"}}],"inLanguage":"es"},{"@type":"Organization","@id":"https:\/\/agribiomix.com\/es\/#organization","name":"AGRIBIOMIX","url":"https:\/\/agribiomix.com\/es\/","logo":{"@type":"ImageObject","inLanguage":"es","@id":"https:\/\/agribiomix.com\/es\/#\/schema\/logo\/image\/","url":"https:\/\/agribiomix.com\/wp-content\/uploads\/2023\/06\/AGRIBIOMIX-1-2.png","contentUrl":"https:\/\/agribiomix.com\/wp-content\/uploads\/2023\/06\/AGRIBIOMIX-1-2.png","width":151,"height":134,"caption":"AGRIBIOMIX"},"image":{"@id":"https:\/\/agribiomix.com\/es\/#\/schema\/logo\/image\/"}}]},"product_price_amount":"6.54","product_price_currency":"EUR","og_availability":"instock","product_availability":"instock","product_retailer_item_id":"PLW-ELO","product_condition":"new"},"_links":{"self":[{"href":"https:\/\/agribiomix.com\/es\/wp-json\/wp\/v2\/product\/4703","targetHints":{"allow":["GET"]}}],"collection":[{"href":"https:\/\/agribiomix.com\/es\/wp-json\/wp\/v2\/product"}],"about":[{"href":"https:\/\/agribiomix.com\/es\/wp-json\/wp\/v2\/types\/product"}],"wp:featuredmedia":[{"embeddable":true,"href":"https:\/\/agribiomix.com\/es\/wp-json\/wp\/v2\/media\/4159"}],"wp:attachment":[{"href":"https:\/\/agribiomix.com\/es\/wp-json\/wp\/v2\/media?parent=4703"}],"wp:term":[{"taxonomy":"product_brand","embeddable":true,"href":"https:\/\/agribiomix.com\/es\/wp-json\/wp\/v2\/product_brand?post=4703"},{"taxonomy":"product_cat","embeddable":true,"href":"https:\/\/agribiomix.com\/es\/wp-json\/wp\/v2\/product_cat?post=4703"},{"taxonomy":"product_tag","embeddable":true,"href":"https:\/\/agribiomix.com\/es\/wp-json\/wp\/v2\/product_tag?post=4703"}],"curies":[{"name":"wp","href":"https:\/\/api.w.org\/{rel}","templated":true}]}}