{"id":4699,"date":"2023-04-01T16:01:34","date_gmt":"2023-04-01T14:01:34","guid":{"rendered":"https:\/\/agribiomix.com\/produit\/plantas-de-chopo\/"},"modified":"2026-02-02T17:15:29","modified_gmt":"2026-02-02T16:15:29","slug":"plantas-de-chopo","status":"publish","type":"product","link":"https:\/\/agribiomix.com\/es\/produit\/plantas-de-chopo\/","title":{"rendered":"Plantas de chopo"},"content":{"rendered":"<h1 data-path-to-node=\"6\">Plantas de \u00e1lamo h\u00edbrido H275 &#8211; Lote de 100 (con garant\u00eda sanitaria)<\/h1>\n<p data-path-to-node=\"7\"><b data-path-to-node=\"7\" data-index-in-node=\"0\">La referencia para el cultivo de biomasa en TCR\/TTCR: crecimiento y rusticidad r\u00e9cord.<\/b><\/p>\n<p data-path-to-node=\"8\">Este lote de <b data-path-to-node=\"8\" data-index-in-node=\"10\">100 plantas de \u00e1lamo (variedad h\u00edbrida H275<\/b> ) ha sido seleccionado para ofrecer la m\u00e1xima rentabilidad a los profesionales. Suministradas con <b data-path-to-node=\"8\" data-index-in-node=\"140\">garant\u00eda sanitaria<\/b>, estas plantas se adaptan perfectamente al cultivo en campo abierto (TCR\/TTCR) para la producci\u00f3n de dendroenerg\u00eda (astillas, pellets) o la creaci\u00f3n de cortavientos. <\/p>\n<h3 data-path-to-node=\"9\">Los puntos fuertes del \u00e1lamo H275<\/h3>\n<ul data-path-to-node=\"10\">\n<li>\n<p data-path-to-node=\"10,0,0\"><b data-path-to-node=\"10,0,0\" data-index-in-node=\"0\">Crecimiento r\u00e1pido:<\/b> Esta vigorosa variedad crece <b data-path-to-node=\"10,0,0\" data-index-in-node=\"55\">de 2,5 a 3 metros al a\u00f1o<\/b>, incluso en suelos pobres, sin riego ni fertilizaci\u00f3n.<\/p>\n<\/li>\n<li>\n<p data-path-to-node=\"10,1,0\"><b data-path-to-node=\"10,1,0\" data-index-in-node=\"0\">Rentabilidad optimizada:<\/b> Gracias a su rapidez de implantaci\u00f3n y a su polivalencia, el chopo H275 asegura la renta agraria en ciclos cortos.<\/p>\n<\/li>\n<li>\n<p data-path-to-node=\"10,2,0\"><b data-path-to-node=\"10,2,0\" data-index-in-node=\"0\">Calidad de almacenamiento:<\/b> Nuestras plantas se conservan en <b data-path-to-node=\"10,2,0\" data-index-in-node=\"51\">c\u00e1maras frigor\u00edficas entre la recolecci\u00f3n y el env\u00edo<\/b>. Esto garantiza una latencia perfecta y permite plantar las plantas en el mejor momento (abril\/mayo) en un suelo c\u00e1lido para asegurar un crecimiento vigoroso (\u00a1hasta 3 m de altura en septiembre!). <\/p>\n<\/li>\n<\/ul>\n<hr data-path-to-node=\"11\">\n<h3 data-path-to-node=\"12\">Consejos y orientaciones t\u00e9cnicas para el cultivo<\/h3>\n<p data-path-to-node=\"13\">Para garantizar el \u00e9xito de tu plantaci\u00f3n (tasa de recuperaci\u00f3n cercana al 100%), sigue estas recomendaciones:<\/p>\n<p data-path-to-node=\"14\"><b data-path-to-node=\"14\" data-index-in-node=\"0\">1. Preparaci\u00f3n de las plantas:<\/b> Antes de plantarlas, ponlas a remojo en agua durante <b data-path-to-node=\"14\" data-index-in-node=\"105\">una semana<\/b>, cambiando el agua todos los d\u00edas. Gu\u00e1rdalas a temperatura exterior (idealmente a 10-20\u00b0C). Esto fortalecer\u00e1 el sistema radicular antes de plantarlas.  <\/p>\n<p data-path-to-node=\"15\"><b data-path-to-node=\"15\" data-index-in-node=\"0\">2. Trabajar la tierra<\/b><\/p>\n<ul data-path-to-node=\"16\">\n<li>\n<p data-path-to-node=\"16,0,0\"><b data-path-to-node=\"16,0,0\" data-index-in-node=\"0\">En primavera:<\/b> ara profundamente y luego utiliza un cultivador para refinar la tierra.<\/p>\n<\/li>\n<li>\n<p data-path-to-node=\"16,1,0\"><b data-path-to-node=\"16,1,0\" data-index-in-node=\"0\">En barbechos o praderas:<\/b> ara antes en la temporada para permitir que la materia org\u00e1nica se descomponga adecuadamente.<\/p>\n<\/li>\n<\/ul>\n<p data-path-to-node=\"17\"><b data-path-to-node=\"17\" data-index-in-node=\"0\">3. Densidad de plantaci\u00f3n (3000 a 4000 plantas\/ha)<\/b><\/p>\n<ul data-path-to-node=\"18\">\n<li>\n<p data-path-to-node=\"18,0,0\"><b data-path-to-node=\"18,0,0\" data-index-in-node=\"0\">Distancia entre hileras<\/b>: de 1,6 a 2,5 metros.<\/p>\n<\/li>\n<li>\n<p data-path-to-node=\"18,1,0\"><b data-path-to-node=\"18,1,0\" data-index-in-node=\"0\">Distancia entre hileras<\/b>: de 0,4 a 0,8 metros.<\/p>\n<\/li>\n<li>\n<p data-path-to-node=\"18,2,0\"><i data-path-to-node=\"18,2,0\" data-index-in-node=\"0\">Nota:<\/i> Cuanto menor sea la densidad, mayor ser\u00e1 el intervalo entre cortes.<\/p>\n<\/li>\n<li>Tambi\u00e9n puedes plantar chopos en el formato m\u00e1s tradicional de \u00abplantaci\u00f3n\u00bb, a menudo de 7&#215;7 m, para obtener troncos de 7 a 14 metros para pelar o aserrar.<\/li>\n<\/ul>\n<hr data-path-to-node=\"19\">\n<h3 data-path-to-node=\"20\">Marco normativo y de gesti\u00f3n<\/h3>\n<ul data-path-to-node=\"21\">\n<li>\n<p data-path-to-node=\"21,0,0\"><b data-path-to-node=\"21,0,0\" data-index-in-node=\"0\">Periodo de cultivo:<\/b> Los \u00e1lamos pueden permanecer en el lugar hasta <b data-path-to-node=\"21,0,0\" data-index-in-node=\"60\">8 a\u00f1os<\/b> antes del primer corte para seguir recibiendo subvenciones de la UE.<\/p>\n<\/li>\n<li>\n<p data-path-to-node=\"21,1,0\"><b data-path-to-node=\"21,1,0\" data-index-in-node=\"0\">Ciclo de recolecci\u00f3n:<\/b> Una vez cortados, los troncos que se dejan en el lugar vuelven a crecer: al a\u00f1o siguiente brotan nuevos tallos del toc\u00f3n.<\/p>\n<\/li>\n<li>\n<p data-path-to-node=\"21,2,0\"><b data-path-to-node=\"21,2,0\" data-index-in-node=\"0\">Cuidados:<\/b> Tras uno o dos a\u00f1os de rebrote, es necesaria una poda de selecci\u00f3n para mantener s\u00f3lo un \u00e1rbol (o dos en suelo h\u00famedo) por toc\u00f3n.<\/p>\n<\/li>\n<\/ul>\n<p>M\u00e1s consejos <a href=\"https:\/\/cibe.fr\/wp-content\/uploads\/2017\/02\/2012_Guide-technique-CREFF_20022012.pdf\">sobre la gu\u00eda de cultivo TTCR<\/a>.<\/p>\n","protected":false},"excerpt":{"rendered":"<ul>\n<li>\ud83c\udf33 Lote de 100 plantas con garant\u00eda sanitaria<\/li>\n<li>\ud83c\udf3f Biomasa renovable y ecol\u00f3gica<\/li>\n<li>\ud83d\udca8 Protecci\u00f3n natural contra el viento<\/li>\n<li>\ud83c\udf21\ufe0f Almacenamiento en fr\u00edo entre la cosecha y la expedici\u00f3n.<\/li>\n<li>Se recolecta a mediados de marzo y se env\u00eda desde mediados de marzo hasta finales de abril.<\/li>\n<li>Variedad H275 (tambi\u00e9n disponible en populus balsamifera y nigra bajo pedido)<\/li>\n<\/ul>\n","protected":false},"featured_media":3202,"template":"","meta":{"site-sidebar-layout":"default","site-content-layout":"default","ast-site-content-layout":"default","site-content-style":"default","site-sidebar-style":"default","ast-global-header-display":"","ast-banner-title-visibility":"","ast-main-header-display":"","ast-hfb-above-header-display":"","ast-hfb-below-header-display":"","ast-hfb-mobile-header-display":"","site-post-title":"","ast-breadcrumbs-content":"","ast-featured-img":"","footer-sml-layout":"","ast-disable-related-posts":"","theme-transparent-header-meta":"default","adv-header-id-meta":"","stick-header-meta":"default","header-above-stick-meta":"","header-main-stick-meta":"","header-below-stick-meta":"","astra-migrate-meta-layouts":"default","ast-page-background-enabled":"default","ast-page-background-meta":{"desktop":{"background-color":"","background-image":"","background-repeat":"repeat","background-position":"center center","background-size":"auto","background-attachment":"scroll","background-type":"","background-media":"","overlay-type":"","overlay-color":"","overlay-opacity":"","overlay-gradient":""},"tablet":{"background-color":"","background-image":"","background-repeat":"repeat","background-position":"center center","background-size":"auto","background-attachment":"scroll","background-type":"","background-media":"","overlay-type":"","overlay-color":"","overlay-opacity":"","overlay-gradient":""},"mobile":{"background-color":"","background-image":"","background-repeat":"repeat","background-position":"center center","background-size":"auto","background-attachment":"scroll","background-type":"","background-media":"","overlay-type":"","overlay-color":"","overlay-opacity":"","overlay-gradient":""}},"ast-content-background-meta":{"desktop":{"background-color":"var(--ast-global-color-5)","background-image":"","background-repeat":"repeat","background-position":"center center","background-size":"auto","background-attachment":"scroll","background-type":"","background-media":"","overlay-type":"","overlay-color":"","overlay-opacity":"","overlay-gradient":""},"tablet":{"background-color":"var(--ast-global-color-5)","background-image":"","background-repeat":"repeat","background-position":"center center","background-size":"auto","background-attachment":"scroll","background-type":"","background-media":"","overlay-type":"","overlay-color":"","overlay-opacity":"","overlay-gradient":""},"mobile":{"background-color":"var(--ast-global-color-5)","background-image":"","background-repeat":"repeat","background-position":"center center","background-size":"auto","background-attachment":"scroll","background-type":"","background-media":"","overlay-type":"","overlay-color":"","overlay-opacity":"","overlay-gradient":""}}},"product_brand":[],"product_cat":[107,99],"product_tag":[],"class_list":{"0":"post-4699","1":"product","2":"type-product","3":"status-publish","4":"has-post-thumbnail","6":"product_cat-energia-de-biomasa","7":"product_cat-plantas-para-biomateriales-y-eco-construccion-madera-aislantes","8":"desktop-align-left","9":"tablet-align-left","10":"mobile-align-left","11":"ast-product-gallery-layout-horizontal-slider","12":"ast-product-tabs-layout-horizontal","13":"ast-qv-on-image","15":"first","16":"instock","17":"taxable","18":"shipping-taxable","19":"purchasable","20":"product-type-simple"},"yoast_head":"<!-- This site is optimized with the Yoast SEO Premium plugin v22.7 (Yoast SEO v26.8) - https:\/\/yoast.com\/product\/yoast-seo-premium-wordpress\/ -->\n<title>Plantones de chopo - AGRIBIOMIX%<\/title>\n<meta name=\"description\" content=\"Plantas de chopo de calidad con garant\u00eda sanitaria, crecimiento r\u00e1pido gracias al m\u00e9todo TCR y TTCR, consejos de plantaci\u00f3n.\" \/>\n<meta name=\"robots\" content=\"index, follow, max-snippet:-1, max-image-preview:large, max-video-preview:-1\" \/>\n<link rel=\"canonical\" href=\"https:\/\/agribiomix.com\/es\/produit\/plantas-de-chopo\/\" \/>\n<meta property=\"og:locale\" content=\"es_ES\" \/>\n<meta property=\"og:type\" content=\"article\" \/>\n<meta property=\"og:title\" content=\"Plantas de chopo\" \/>\n<meta property=\"og:description\" content=\"Plantas de chopo de calidad con garant\u00eda sanitaria, crecimiento r\u00e1pido gracias al m\u00e9todo TCR y TTCR, consejos de plantaci\u00f3n.\" \/>\n<meta property=\"og:url\" content=\"https:\/\/agribiomix.com\/es\/produit\/plantas-de-chopo\/\" \/>\n<meta property=\"og:site_name\" content=\"AGRIBIOMIX\" \/>\n<meta property=\"article:modified_time\" content=\"2026-02-02T16:15:29+00:00\" \/>\n<meta property=\"og:image\" content=\"https:\/\/i0.wp.com\/agribiomix.com\/wp-content\/uploads\/2023\/04\/IMG_20230401_154129.jpg?fit=1000%2C563&ssl=1\" \/>\n\t<meta property=\"og:image:width\" content=\"1000\" \/>\n\t<meta property=\"og:image:height\" content=\"563\" \/>\n\t<meta property=\"og:image:type\" content=\"image\/jpeg\" \/>\n<meta name=\"twitter:card\" content=\"summary_large_image\" \/>\n<meta name=\"twitter:label1\" content=\"Precio\" \/>\n\t<meta name=\"twitter:data1\" content=\"58,03&euro; 55,00&euro; HT\" \/>\n\t<meta name=\"twitter:label2\" content=\"Disponibilidad\" \/>\n\t<meta name=\"twitter:data2\" content=\"Disponible\" \/>\n<script type=\"application\/ld+json\" class=\"yoast-schema-graph\">{\"@context\":\"https:\/\/schema.org\",\"@graph\":[{\"@type\":\"WebPage\",\"@id\":\"https:\/\/agribiomix.com\/es\/produit\/plantas-de-chopo\/\",\"url\":\"https:\/\/agribiomix.com\/es\/produit\/plantas-de-chopo\/\",\"name\":\"Plantones de chopo - AGRIBIOMIX%\",\"isPartOf\":{\"@id\":\"https:\/\/agribiomix.com\/es\/#website\"},\"primaryImageOfPage\":{\"@id\":\"https:\/\/agribiomix.com\/es\/produit\/plantas-de-chopo\/#primaryimage\"},\"image\":{\"@id\":\"https:\/\/agribiomix.com\/es\/produit\/plantas-de-chopo\/#primaryimage\"},\"thumbnailUrl\":\"https:\/\/agribiomix.com\/wp-content\/uploads\/2023\/04\/IMG_20230401_154129.jpg\",\"datePublished\":\"2023-04-01T14:01:34+00:00\",\"dateModified\":\"2026-02-02T16:15:29+00:00\",\"description\":\"Plantas de chopo de calidad con garant\u00eda sanitaria, crecimiento r\u00e1pido gracias al m\u00e9todo TCR y TTCR, consejos de plantaci\u00f3n.\",\"breadcrumb\":{\"@id\":\"https:\/\/agribiomix.com\/es\/produit\/plantas-de-chopo\/#breadcrumb\"},\"inLanguage\":\"es\",\"potentialAction\":[{\"@type\":\"ReadAction\",\"target\":[\"https:\/\/agribiomix.com\/es\/produit\/plantas-de-chopo\/\"]}]},{\"@type\":\"ImageObject\",\"inLanguage\":\"es\",\"@id\":\"https:\/\/agribiomix.com\/es\/produit\/plantas-de-chopo\/#primaryimage\",\"url\":\"https:\/\/agribiomix.com\/wp-content\/uploads\/2023\/04\/IMG_20230401_154129.jpg\",\"contentUrl\":\"https:\/\/agribiomix.com\/wp-content\/uploads\/2023\/04\/IMG_20230401_154129.jpg\",\"width\":1000,\"height\":563,\"caption\":\"Plantones de chopo listos para plantar, producci\u00f3n de biomasa agr\u00edcola\"},{\"@type\":\"BreadcrumbList\",\"@id\":\"https:\/\/agribiomix.com\/es\/produit\/plantas-de-chopo\/#breadcrumb\",\"itemListElement\":[{\"@type\":\"ListItem\",\"position\":1,\"name\":\"Accueil\",\"item\":\"https:\/\/agribiomix.com\/es\/\"},{\"@type\":\"ListItem\",\"position\":2,\"name\":\"Tienda\",\"item\":\"https:\/\/agribiomix.com\/es\/tienda\/\"},{\"@type\":\"ListItem\",\"position\":3,\"name\":\"Plantas de chopo\"}]},{\"@type\":\"WebSite\",\"@id\":\"https:\/\/agribiomix.com\/es\/#website\",\"url\":\"https:\/\/agribiomix.com\/es\/\",\"name\":\"AGRIBIOMIX\",\"description\":\"Biomasse agricole\",\"publisher\":{\"@id\":\"https:\/\/agribiomix.com\/es\/#organization\"},\"potentialAction\":[{\"@type\":\"SearchAction\",\"target\":{\"@type\":\"EntryPoint\",\"urlTemplate\":\"https:\/\/agribiomix.com\/es\/?s={search_term_string}\"},\"query-input\":{\"@type\":\"PropertyValueSpecification\",\"valueRequired\":true,\"valueName\":\"search_term_string\"}}],\"inLanguage\":\"es\"},{\"@type\":\"Organization\",\"@id\":\"https:\/\/agribiomix.com\/es\/#organization\",\"name\":\"AGRIBIOMIX\",\"url\":\"https:\/\/agribiomix.com\/es\/\",\"logo\":{\"@type\":\"ImageObject\",\"inLanguage\":\"es\",\"@id\":\"https:\/\/agribiomix.com\/es\/#\/schema\/logo\/image\/\",\"url\":\"https:\/\/agribiomix.com\/wp-content\/uploads\/2023\/06\/AGRIBIOMIX-1-2.png\",\"contentUrl\":\"https:\/\/agribiomix.com\/wp-content\/uploads\/2023\/06\/AGRIBIOMIX-1-2.png\",\"width\":151,\"height\":134,\"caption\":\"AGRIBIOMIX\"},\"image\":{\"@id\":\"https:\/\/agribiomix.com\/es\/#\/schema\/logo\/image\/\"}}]}<\/script>\n<meta property=\"product:price:amount\" content=\"58.03\" \/>\n<meta property=\"product:price:currency\" content=\"EUR\" \/>\n<meta property=\"og:availability\" content=\"instock\" \/>\n<meta property=\"product:availability\" content=\"instock\" \/>\n<meta property=\"product:retailer_item_id\" content=\"PEUP\" \/>\n<meta property=\"product:condition\" content=\"new\" \/>\n<!-- \/ Yoast SEO Premium plugin. -->","yoast_head_json":{"title":"Plantones de chopo - AGRIBIOMIX%","description":"Plantas de chopo de calidad con garant\u00eda sanitaria, crecimiento r\u00e1pido gracias al m\u00e9todo TCR y TTCR, consejos de plantaci\u00f3n.","robots":{"index":"index","follow":"follow","max-snippet":"max-snippet:-1","max-image-preview":"max-image-preview:large","max-video-preview":"max-video-preview:-1"},"canonical":"https:\/\/agribiomix.com\/es\/produit\/plantas-de-chopo\/","og_locale":"es_ES","og_type":"article","og_title":"Plantas de chopo","og_description":"Plantas de chopo de calidad con garant\u00eda sanitaria, crecimiento r\u00e1pido gracias al m\u00e9todo TCR y TTCR, consejos de plantaci\u00f3n.","og_url":"https:\/\/agribiomix.com\/es\/produit\/plantas-de-chopo\/","og_site_name":"AGRIBIOMIX","article_modified_time":"2026-02-02T16:15:29+00:00","og_image":[{"width":1000,"height":563,"url":"https:\/\/i0.wp.com\/agribiomix.com\/wp-content\/uploads\/2023\/04\/IMG_20230401_154129.jpg?fit=1000%2C563&ssl=1","type":"image\/jpeg"}],"twitter_card":"summary_large_image","twitter_misc":{"Precio":"58,03&euro; 55,00&euro; HT","Disponibilidad":"Disponible"},"schema":{"@context":"https:\/\/schema.org","@graph":[{"@type":"WebPage","@id":"https:\/\/agribiomix.com\/es\/produit\/plantas-de-chopo\/","url":"https:\/\/agribiomix.com\/es\/produit\/plantas-de-chopo\/","name":"Plantones de chopo - AGRIBIOMIX%","isPartOf":{"@id":"https:\/\/agribiomix.com\/es\/#website"},"primaryImageOfPage":{"@id":"https:\/\/agribiomix.com\/es\/produit\/plantas-de-chopo\/#primaryimage"},"image":{"@id":"https:\/\/agribiomix.com\/es\/produit\/plantas-de-chopo\/#primaryimage"},"thumbnailUrl":"https:\/\/agribiomix.com\/wp-content\/uploads\/2023\/04\/IMG_20230401_154129.jpg","datePublished":"2023-04-01T14:01:34+00:00","dateModified":"2026-02-02T16:15:29+00:00","description":"Plantas de chopo de calidad con garant\u00eda sanitaria, crecimiento r\u00e1pido gracias al m\u00e9todo TCR y TTCR, consejos de plantaci\u00f3n.","breadcrumb":{"@id":"https:\/\/agribiomix.com\/es\/produit\/plantas-de-chopo\/#breadcrumb"},"inLanguage":"es","potentialAction":[{"@type":"ReadAction","target":["https:\/\/agribiomix.com\/es\/produit\/plantas-de-chopo\/"]}]},{"@type":"ImageObject","inLanguage":"es","@id":"https:\/\/agribiomix.com\/es\/produit\/plantas-de-chopo\/#primaryimage","url":"https:\/\/agribiomix.com\/wp-content\/uploads\/2023\/04\/IMG_20230401_154129.jpg","contentUrl":"https:\/\/agribiomix.com\/wp-content\/uploads\/2023\/04\/IMG_20230401_154129.jpg","width":1000,"height":563,"caption":"Plantones de chopo listos para plantar, producci\u00f3n de biomasa agr\u00edcola"},{"@type":"BreadcrumbList","@id":"https:\/\/agribiomix.com\/es\/produit\/plantas-de-chopo\/#breadcrumb","itemListElement":[{"@type":"ListItem","position":1,"name":"Accueil","item":"https:\/\/agribiomix.com\/es\/"},{"@type":"ListItem","position":2,"name":"Tienda","item":"https:\/\/agribiomix.com\/es\/tienda\/"},{"@type":"ListItem","position":3,"name":"Plantas de chopo"}]},{"@type":"WebSite","@id":"https:\/\/agribiomix.com\/es\/#website","url":"https:\/\/agribiomix.com\/es\/","name":"AGRIBIOMIX","description":"Biomasse agricole","publisher":{"@id":"https:\/\/agribiomix.com\/es\/#organization"},"potentialAction":[{"@type":"SearchAction","target":{"@type":"EntryPoint","urlTemplate":"https:\/\/agribiomix.com\/es\/?s={search_term_string}"},"query-input":{"@type":"PropertyValueSpecification","valueRequired":true,"valueName":"search_term_string"}}],"inLanguage":"es"},{"@type":"Organization","@id":"https:\/\/agribiomix.com\/es\/#organization","name":"AGRIBIOMIX","url":"https:\/\/agribiomix.com\/es\/","logo":{"@type":"ImageObject","inLanguage":"es","@id":"https:\/\/agribiomix.com\/es\/#\/schema\/logo\/image\/","url":"https:\/\/agribiomix.com\/wp-content\/uploads\/2023\/06\/AGRIBIOMIX-1-2.png","contentUrl":"https:\/\/agribiomix.com\/wp-content\/uploads\/2023\/06\/AGRIBIOMIX-1-2.png","width":151,"height":134,"caption":"AGRIBIOMIX"},"image":{"@id":"https:\/\/agribiomix.com\/es\/#\/schema\/logo\/image\/"}}]},"product_price_amount":"58.03","product_price_currency":"EUR","og_availability":"instock","product_availability":"instock","product_retailer_item_id":"PEUP","product_condition":"new"},"_links":{"self":[{"href":"https:\/\/agribiomix.com\/es\/wp-json\/wp\/v2\/product\/4699","targetHints":{"allow":["GET"]}}],"collection":[{"href":"https:\/\/agribiomix.com\/es\/wp-json\/wp\/v2\/product"}],"about":[{"href":"https:\/\/agribiomix.com\/es\/wp-json\/wp\/v2\/types\/product"}],"wp:featuredmedia":[{"embeddable":true,"href":"https:\/\/agribiomix.com\/es\/wp-json\/wp\/v2\/media\/3202"}],"wp:attachment":[{"href":"https:\/\/agribiomix.com\/es\/wp-json\/wp\/v2\/media?parent=4699"}],"wp:term":[{"taxonomy":"product_brand","embeddable":true,"href":"https:\/\/agribiomix.com\/es\/wp-json\/wp\/v2\/product_brand?post=4699"},{"taxonomy":"product_cat","embeddable":true,"href":"https:\/\/agribiomix.com\/es\/wp-json\/wp\/v2\/product_cat?post=4699"},{"taxonomy":"product_tag","embeddable":true,"href":"https:\/\/agribiomix.com\/es\/wp-json\/wp\/v2\/product_tag?post=4699"}],"curies":[{"name":"wp","href":"https:\/\/api.w.org\/{rel}","templated":true}]}}