{"id":4696,"date":"2023-03-31T22:59:44","date_gmt":"2023-03-31T20:59:44","guid":{"rendered":"https:\/\/agribiomix.com\/produit\/plantas-de-bambu\/"},"modified":"2026-04-23T11:01:27","modified_gmt":"2026-04-23T09:01:27","slug":"plantas-de-bambu","status":"publish","type":"product","link":"https:\/\/agribiomix.com\/es\/produit\/plantas-de-bambu\/","title":{"rendered":"Plantas de bamb\u00fa"},"content":{"rendered":"<p>Nuestras plantas de bamb\u00fa vienen en macetas redondas de 8 cm, con follaje de 15 cm de altura.<\/p>\n<p>Caracter\u00edsticas :<\/p>\n<ul>\n<li>Variedades disponibles: Edulis, Viridiglauescens, Nigra, Aurea, Acidosasa Edulis (bamb\u00faes Fargesia no rastreables bajo pedido)<\/li>\n<li>Maceta redonda de 8 cm<\/li>\n<\/ul>\n<p>Recomendaciones:<\/p>\n<ul>\n<li>Planta los bamb\u00faes en un suelo f\u00e9rtil y bien drenado<\/li>\n<li>Riega regularmente para mantener la tierra h\u00fameda pero no empapada<\/li>\n<li>Evita plantar bamb\u00fa demasiado cerca de edificios o tuber\u00edas, pues sus ra\u00edces pueden ser invasivas.<\/li>\n<li>Poda los tallos muertos o da\u00f1ados para favorecer el crecimiento de nuevos brotes<\/li>\n<\/ul>\n<p>Si buscas una planta parecida al bamb\u00fa pero que no tenga tallos, prueba con<a href=\"https:\/\/agribiomix.com\/es\/produit\/arundo-donax-cana-de-provenza-maceta-p9\/\">el Arundo Donax<\/a> o el Miscanthus. <\/p>\n<p><!-- MINI ENCART \u2013 Page produit \"Plants de bambou\" (HTML + CSS scoped, responsive) \u00c0 coller dans un bloc HTML WordPress (sur la page produit). --><\/p>\n<style>\n  .abx-listebambou-box{<br \/>    --green:#1F8A5B;<br \/>    --teal:#0EA5A5;<br \/>    --border: rgba(0,0,0,.12);<br \/>    --muted: rgba(0,0,0,.68);<br \/>    --card: rgba(255,255,255,.92);<br \/>    --shadow: 0 10px 26px rgba(0,0,0,.06);<br \/>    --r: 18px;<br \/>    color: inherit;<br \/>  }<br \/>  @media (prefers-color-scheme: dark){<br \/>    .abx-listebambou-box{<br \/>      --border: rgba(255,255,255,.16);<br \/>      --muted: rgba(255,255,255,.72);<br \/>      --card: rgba(18,18,18,.86);<br \/>      --shadow: 0 10px 26px rgba(0,0,0,.35);<br \/>    }<br \/>    .abx-listebambou-box a{ color:#6EE7B7; }<br \/>  }<br \/>  .abx-listebambou-box *{ box-sizing:border-box; }<br \/>  .abx-listebambou-box .box{<br \/>    border:1px solid var(--border);<br \/>    border-radius: var(--r);<br \/>    background:<br \/>      radial-gradient(700px 180px at 12% 0%, rgba(31,138,91,.16), transparent 60%),<br \/>      radial-gradient(520px 180px at 88% 10%, rgba(14,165,165,.14), transparent 60%),<br \/>      var(--card);<br \/>    box-shadow: var(--shadow);<br \/>    padding: 14px 14px;<br \/>    display:flex;<br \/>    gap: 14px;<br \/>    align-items:flex-start;<br \/>  }<br \/>  .abx-listebambou-box .icon{<br \/>    flex: 0 0 auto;<br \/>    width: 44px;<br \/>    height: 44px;<br \/>    border-radius: 14px;<br \/>    display:grid;<br \/>    place-items:center;<br \/>    border:1px solid var(--border);<br \/>    background: rgba(255,255,255,.08);<br \/>    font-size: 22px;<br \/>  }<br \/>  .abx-listebambou-box .content{ flex: 1 1 auto; min-width: 0; }<br \/>  .abx-listebambou-box .title{<br \/>    margin: 0 0 6px;<br \/>    font-weight: 900;<br \/>    letter-spacing: -.01em;<br \/>    font-size: 1.02rem;<br \/>    line-height: 1.25;<br \/>  }<br \/>  .abx-listebambou-box .text{<br \/>    margin: 0;<br \/>    color: var(--muted);<br \/>    line-height: 1.5;<br \/>    font-size: .95rem;<br \/>  }<br \/>  .abx-listebambou-box .actions{<br \/>    flex: 0 0 auto;<br \/>    display:flex;<br \/>    align-items:center;<br \/>  }<br \/>  .abx-listebambou-box .btn{<br \/>    display:inline-flex;<br \/>    align-items:center;<br \/>    justify-content:center;<br \/>    gap: 10px;<br \/>    padding: 11px 14px;<br \/>    border-radius: 14px;<br \/>    border: 0;<br \/>    font-weight: 900;<br \/>    color:#fff;<br \/>    background: linear-gradient(135deg, rgba(31,138,91,.95), rgba(14,165,165,.92));<br \/>    text-decoration:none;<br \/>    min-height: 44px;<br \/>    box-shadow: 0 8px 18px rgba(0,0,0,.12);<br \/>    transition: transform .12s ease, box-shadow .12s ease;<br \/>    white-space: nowrap;<br \/>  }<br \/>  .abx-listebambou-box .btn:hover{<br \/>    transform: translateY(-1px);<br \/>    box-shadow: 0 12px 26px rgba(0,0,0,.16);<br \/>    text-decoration:none;<br \/>  }<br \/>  @media (max-width: 640px){<br \/>    .abx-listebambou-box .box{<br \/>      flex-direction: column;<br \/>      align-items: stretch;<br \/>    }<br \/>    .abx-listebambou-box .actions{ justify-content: stretch; }<br \/>    .abx-listebambou-box .btn{ width: 100%; }<br \/>  }<br \/><\/style>\n<div class=\"abx-listebambou-box\" role=\"complementary\" aria-label=\"Acc\u00e8s ListeBambou\">\n<div class=\"box\">\n<div class=\"icon\" aria-hidden=\"true\">\ud83c\udf8b<\/div>\n<div class=\"content\">\n<p class=\"title\">\u00bfNo est\u00e1s seguro de qu\u00e9 variedad elegir?<\/p>\n<p class=\"text\">Utiliza <b>ListBamboo<\/b> para comparar variedades (altura, rusticidad, rizoma, uso) y confirmar tu elecci\u00f3n antes de hacer el pedido.<\/p>\n<\/div>\n<div class=\"actions\"><a class=\"btn\" href=\"https:\/\/nbzmhaso.gensparkspace.com\/\" target=\"_blank\" rel=\"noopener\"><br \/>\nAbrir ListBamboo \u2192<br \/>\n<\/a><\/div>\n<\/div>\n<\/div>\n","protected":false},"excerpt":{"rendered":"<ul>\n<li>Plantas de bamb\u00fa en macetas redondas de 8 cm de di\u00e1metro<\/li>\n<li>Variedades disponibles: Viridiglauescens, Fargesia, Nigra, Aurea, Moso, Acidosasa edulis<\/li>\n<li>Ideal para crear cortavientos o setos en campo abierto<\/li>\n<li>Resistente y f\u00e1cil de mantener<\/li>\n<li>Entrega r\u00e1pida y segura<\/li>\n<\/ul>\n","protected":false},"featured_media":3541,"template":"","meta":{"site-sidebar-layout":"default","site-content-layout":"default","ast-site-content-layout":"default","site-content-style":"default","site-sidebar-style":"default","ast-global-header-display":"","ast-banner-title-visibility":"","ast-main-header-display":"","ast-hfb-above-header-display":"","ast-hfb-below-header-display":"","ast-hfb-mobile-header-display":"","site-post-title":"","ast-breadcrumbs-content":"","ast-featured-img":"","footer-sml-layout":"","ast-disable-related-posts":"","theme-transparent-header-meta":"default","adv-header-id-meta":"","stick-header-meta":"default","header-above-stick-meta":"","header-main-stick-meta":"","header-below-stick-meta":"","astra-migrate-meta-layouts":"default","ast-page-background-enabled":"default","ast-page-background-meta":{"desktop":{"background-color":"","background-image":"","background-repeat":"repeat","background-position":"center center","background-size":"auto","background-attachment":"scroll","background-type":"","background-media":"","overlay-type":"","overlay-color":"","overlay-opacity":"","overlay-gradient":""},"tablet":{"background-color":"","background-image":"","background-repeat":"repeat","background-position":"center center","background-size":"auto","background-attachment":"scroll","background-type":"","background-media":"","overlay-type":"","overlay-color":"","overlay-opacity":"","overlay-gradient":""},"mobile":{"background-color":"","background-image":"","background-repeat":"repeat","background-position":"center center","background-size":"auto","background-attachment":"scroll","background-type":"","background-media":"","overlay-type":"","overlay-color":"","overlay-opacity":"","overlay-gradient":""}},"ast-content-background-meta":{"desktop":{"background-color":"var(--ast-global-color-5)","background-image":"","background-repeat":"repeat","background-position":"center center","background-size":"auto","background-attachment":"scroll","background-type":"","background-media":"","overlay-type":"","overlay-color":"","overlay-opacity":"","overlay-gradient":""},"tablet":{"background-color":"var(--ast-global-color-5)","background-image":"","background-repeat":"repeat","background-position":"center center","background-size":"auto","background-attachment":"scroll","background-type":"","background-media":"","overlay-type":"","overlay-color":"","overlay-opacity":"","overlay-gradient":""},"mobile":{"background-color":"var(--ast-global-color-5)","background-image":"","background-repeat":"repeat","background-position":"center center","background-size":"auto","background-attachment":"scroll","background-type":"","background-media":"","overlay-type":"","overlay-color":"","overlay-opacity":"","overlay-gradient":""}}},"product_brand":[],"product_cat":[107,120,99],"product_tag":[],"class_list":{"0":"post-4696","1":"product","2":"type-product","3":"status-publish","4":"has-post-thumbnail","6":"product_cat-energia-de-biomasa","7":"product_cat-fitodepuracion-fitorremediacion","8":"product_cat-plantas-para-biomateriales-y-eco-construccion-madera-aislantes","9":"desktop-align-left","10":"tablet-align-left","11":"mobile-align-left","12":"ast-product-gallery-layout-horizontal-slider","13":"ast-product-gallery-with-no-image","14":"ast-product-single-variable","15":"ast-product-tabs-layout-horizontal","16":"ast-qv-on-image","18":"first","19":"instock","20":"taxable","21":"shipping-taxable","22":"purchasable","23":"product-type-variable"},"yoast_head":"<!-- This site is optimized with the Yoast SEO Premium plugin v22.7 (Yoast SEO v26.8) - https:\/\/yoast.com\/product\/yoast-seo-premium-wordpress\/ -->\n<title>Plantas de bamb\u00fa Moso, Viridiglauescens, Edulis, Nigra o Aurea<\/title>\n<meta name=\"description\" content=\"Plantas de bamb\u00fa Edulis, Viridiglauescens, Fargesia, Nigra, Aurea, Moso y Acidosasa de crecimiento r\u00e1pido para la producci\u00f3n de biomasa y biomateriales.\" \/>\n<meta name=\"robots\" content=\"index, follow, max-snippet:-1, max-image-preview:large, max-video-preview:-1\" \/>\n<link rel=\"canonical\" href=\"https:\/\/agribiomix.com\/es\/produit\/plantas-de-bambu\/\" \/>\n<meta property=\"og:locale\" content=\"es_ES\" \/>\n<meta property=\"og:type\" content=\"article\" \/>\n<meta property=\"og:title\" content=\"Plantas de bamb\u00fa\" \/>\n<meta property=\"og:description\" content=\"Plantas de bamb\u00fa Edulis, Viridiglauescens, Fargesia, Nigra, Aurea, Moso y Acidosasa de crecimiento r\u00e1pido para la producci\u00f3n de biomasa y biomateriales.\" \/>\n<meta property=\"og:url\" content=\"https:\/\/agribiomix.com\/es\/produit\/plantas-de-bambu\/\" \/>\n<meta property=\"og:site_name\" content=\"AGRIBIOMIX\" \/>\n<meta property=\"article:modified_time\" content=\"2026-04-23T09:01:27+00:00\" \/>\n<meta property=\"og:image\" content=\"https:\/\/agribiomix.com\/wp-content\/uploads\/2023\/03\/Photoroom-20240221_181331-1.webp\" \/>\n\t<meta property=\"og:image:width\" content=\"2000\" \/>\n\t<meta property=\"og:image:height\" content=\"2000\" \/>\n\t<meta property=\"og:image:type\" content=\"image\/webp\" \/>\n<meta name=\"twitter:card\" content=\"summary_large_image\" \/>\n<meta name=\"twitter:label1\" content=\"Disponibilidad\" \/>\n\t<meta name=\"twitter:data1\" content=\"Disponible\" \/>\n<script type=\"application\/ld+json\" class=\"yoast-schema-graph\">{\"@context\":\"https:\/\/schema.org\",\"@graph\":[{\"@type\":\"WebPage\",\"@id\":\"https:\/\/agribiomix.com\/es\/produit\/plantas-de-bambu\/\",\"url\":\"https:\/\/agribiomix.com\/es\/produit\/plantas-de-bambu\/\",\"name\":\"Plantas de bamb\u00fa Moso, Viridiglauescens, Edulis, Nigra o Aurea\",\"isPartOf\":{\"@id\":\"https:\/\/agribiomix.com\/es\/#website\"},\"primaryImageOfPage\":{\"@id\":\"https:\/\/agribiomix.com\/es\/produit\/plantas-de-bambu\/#primaryimage\"},\"image\":{\"@id\":\"https:\/\/agribiomix.com\/es\/produit\/plantas-de-bambu\/#primaryimage\"},\"thumbnailUrl\":\"https:\/\/agribiomix.com\/wp-content\/uploads\/2023\/03\/Photoroom-20240221_181331-1.webp\",\"datePublished\":\"2023-03-31T20:59:44+00:00\",\"dateModified\":\"2026-04-23T09:01:27+00:00\",\"description\":\"Plantas de bamb\u00fa Edulis, Viridiglauescens, Fargesia, Nigra, Aurea, Moso y Acidosasa de crecimiento r\u00e1pido para la producci\u00f3n de biomasa y biomateriales.\",\"breadcrumb\":{\"@id\":\"https:\/\/agribiomix.com\/es\/produit\/plantas-de-bambu\/#breadcrumb\"},\"inLanguage\":\"es\",\"potentialAction\":[{\"@type\":\"ReadAction\",\"target\":[\"https:\/\/agribiomix.com\/es\/produit\/plantas-de-bambu\/\"]}]},{\"@type\":\"ImageObject\",\"inLanguage\":\"es\",\"@id\":\"https:\/\/agribiomix.com\/es\/produit\/plantas-de-bambu\/#primaryimage\",\"url\":\"https:\/\/agribiomix.com\/wp-content\/uploads\/2023\/03\/Photoroom-20240221_181331-1.webp\",\"contentUrl\":\"https:\/\/agribiomix.com\/wp-content\/uploads\/2023\/03\/Photoroom-20240221_181331-1.webp\",\"width\":2000,\"height\":2000,\"caption\":\"Plantas de bamb\u00fa en maceta para cultivo ornamental o de biomasa\"},{\"@type\":\"BreadcrumbList\",\"@id\":\"https:\/\/agribiomix.com\/es\/produit\/plantas-de-bambu\/#breadcrumb\",\"itemListElement\":[{\"@type\":\"ListItem\",\"position\":1,\"name\":\"Accueil\",\"item\":\"https:\/\/agribiomix.com\/es\/\"},{\"@type\":\"ListItem\",\"position\":2,\"name\":\"Tienda\",\"item\":\"https:\/\/agribiomix.com\/es\/tienda\/\"},{\"@type\":\"ListItem\",\"position\":3,\"name\":\"Plantas de bamb\u00fa\"}]},{\"@type\":\"WebSite\",\"@id\":\"https:\/\/agribiomix.com\/es\/#website\",\"url\":\"https:\/\/agribiomix.com\/es\/\",\"name\":\"AGRIBIOMIX\",\"description\":\"Biomasse agricole\",\"publisher\":{\"@id\":\"https:\/\/agribiomix.com\/es\/#organization\"},\"potentialAction\":[{\"@type\":\"SearchAction\",\"target\":{\"@type\":\"EntryPoint\",\"urlTemplate\":\"https:\/\/agribiomix.com\/es\/?s={search_term_string}\"},\"query-input\":{\"@type\":\"PropertyValueSpecification\",\"valueRequired\":true,\"valueName\":\"search_term_string\"}}],\"inLanguage\":\"es\"},{\"@type\":\"Organization\",\"@id\":\"https:\/\/agribiomix.com\/es\/#organization\",\"name\":\"AGRIBIOMIX\",\"url\":\"https:\/\/agribiomix.com\/es\/\",\"logo\":{\"@type\":\"ImageObject\",\"inLanguage\":\"es\",\"@id\":\"https:\/\/agribiomix.com\/es\/#\/schema\/logo\/image\/\",\"url\":\"https:\/\/agribiomix.com\/wp-content\/uploads\/2023\/06\/AGRIBIOMIX-1-2.png\",\"contentUrl\":\"https:\/\/agribiomix.com\/wp-content\/uploads\/2023\/06\/AGRIBIOMIX-1-2.png\",\"width\":151,\"height\":134,\"caption\":\"AGRIBIOMIX\"},\"image\":{\"@id\":\"https:\/\/agribiomix.com\/es\/#\/schema\/logo\/image\/\"}}]}<\/script>\n<meta property=\"og:availability\" content=\"instock\" \/>\n<meta property=\"product:availability\" content=\"instock\" \/>\n<meta property=\"product:retailer_item_id\" content=\"BMB\" \/>\n<meta property=\"product:condition\" content=\"new\" \/>\n<!-- \/ Yoast SEO Premium plugin. -->","yoast_head_json":{"title":"Plantas de bamb\u00fa Moso, Viridiglauescens, Edulis, Nigra o Aurea","description":"Plantas de bamb\u00fa Edulis, Viridiglauescens, Fargesia, Nigra, Aurea, Moso y Acidosasa de crecimiento r\u00e1pido para la producci\u00f3n de biomasa y biomateriales.","robots":{"index":"index","follow":"follow","max-snippet":"max-snippet:-1","max-image-preview":"max-image-preview:large","max-video-preview":"max-video-preview:-1"},"canonical":"https:\/\/agribiomix.com\/es\/produit\/plantas-de-bambu\/","og_locale":"es_ES","og_type":"article","og_title":"Plantas de bamb\u00fa","og_description":"Plantas de bamb\u00fa Edulis, Viridiglauescens, Fargesia, Nigra, Aurea, Moso y Acidosasa de crecimiento r\u00e1pido para la producci\u00f3n de biomasa y biomateriales.","og_url":"https:\/\/agribiomix.com\/es\/produit\/plantas-de-bambu\/","og_site_name":"AGRIBIOMIX","article_modified_time":"2026-04-23T09:01:27+00:00","og_image":[{"width":2000,"height":2000,"url":"https:\/\/agribiomix.com\/wp-content\/uploads\/2023\/03\/Photoroom-20240221_181331-1.webp","type":"image\/webp"}],"twitter_card":"summary_large_image","twitter_misc":{"Disponibilidad":"Disponible"},"schema":{"@context":"https:\/\/schema.org","@graph":[{"@type":"WebPage","@id":"https:\/\/agribiomix.com\/es\/produit\/plantas-de-bambu\/","url":"https:\/\/agribiomix.com\/es\/produit\/plantas-de-bambu\/","name":"Plantas de bamb\u00fa Moso, Viridiglauescens, Edulis, Nigra o Aurea","isPartOf":{"@id":"https:\/\/agribiomix.com\/es\/#website"},"primaryImageOfPage":{"@id":"https:\/\/agribiomix.com\/es\/produit\/plantas-de-bambu\/#primaryimage"},"image":{"@id":"https:\/\/agribiomix.com\/es\/produit\/plantas-de-bambu\/#primaryimage"},"thumbnailUrl":"https:\/\/agribiomix.com\/wp-content\/uploads\/2023\/03\/Photoroom-20240221_181331-1.webp","datePublished":"2023-03-31T20:59:44+00:00","dateModified":"2026-04-23T09:01:27+00:00","description":"Plantas de bamb\u00fa Edulis, Viridiglauescens, Fargesia, Nigra, Aurea, Moso y Acidosasa de crecimiento r\u00e1pido para la producci\u00f3n de biomasa y biomateriales.","breadcrumb":{"@id":"https:\/\/agribiomix.com\/es\/produit\/plantas-de-bambu\/#breadcrumb"},"inLanguage":"es","potentialAction":[{"@type":"ReadAction","target":["https:\/\/agribiomix.com\/es\/produit\/plantas-de-bambu\/"]}]},{"@type":"ImageObject","inLanguage":"es","@id":"https:\/\/agribiomix.com\/es\/produit\/plantas-de-bambu\/#primaryimage","url":"https:\/\/agribiomix.com\/wp-content\/uploads\/2023\/03\/Photoroom-20240221_181331-1.webp","contentUrl":"https:\/\/agribiomix.com\/wp-content\/uploads\/2023\/03\/Photoroom-20240221_181331-1.webp","width":2000,"height":2000,"caption":"Plantas de bamb\u00fa en maceta para cultivo ornamental o de biomasa"},{"@type":"BreadcrumbList","@id":"https:\/\/agribiomix.com\/es\/produit\/plantas-de-bambu\/#breadcrumb","itemListElement":[{"@type":"ListItem","position":1,"name":"Accueil","item":"https:\/\/agribiomix.com\/es\/"},{"@type":"ListItem","position":2,"name":"Tienda","item":"https:\/\/agribiomix.com\/es\/tienda\/"},{"@type":"ListItem","position":3,"name":"Plantas de bamb\u00fa"}]},{"@type":"WebSite","@id":"https:\/\/agribiomix.com\/es\/#website","url":"https:\/\/agribiomix.com\/es\/","name":"AGRIBIOMIX","description":"Biomasse agricole","publisher":{"@id":"https:\/\/agribiomix.com\/es\/#organization"},"potentialAction":[{"@type":"SearchAction","target":{"@type":"EntryPoint","urlTemplate":"https:\/\/agribiomix.com\/es\/?s={search_term_string}"},"query-input":{"@type":"PropertyValueSpecification","valueRequired":true,"valueName":"search_term_string"}}],"inLanguage":"es"},{"@type":"Organization","@id":"https:\/\/agribiomix.com\/es\/#organization","name":"AGRIBIOMIX","url":"https:\/\/agribiomix.com\/es\/","logo":{"@type":"ImageObject","inLanguage":"es","@id":"https:\/\/agribiomix.com\/es\/#\/schema\/logo\/image\/","url":"https:\/\/agribiomix.com\/wp-content\/uploads\/2023\/06\/AGRIBIOMIX-1-2.png","contentUrl":"https:\/\/agribiomix.com\/wp-content\/uploads\/2023\/06\/AGRIBIOMIX-1-2.png","width":151,"height":134,"caption":"AGRIBIOMIX"},"image":{"@id":"https:\/\/agribiomix.com\/es\/#\/schema\/logo\/image\/"}}]},"og_availability":"instock","product_availability":"instock","product_retailer_item_id":"BMB","product_condition":"new"},"_links":{"self":[{"href":"https:\/\/agribiomix.com\/es\/wp-json\/wp\/v2\/product\/4696","targetHints":{"allow":["GET"]}}],"collection":[{"href":"https:\/\/agribiomix.com\/es\/wp-json\/wp\/v2\/product"}],"about":[{"href":"https:\/\/agribiomix.com\/es\/wp-json\/wp\/v2\/types\/product"}],"wp:featuredmedia":[{"embeddable":true,"href":"https:\/\/agribiomix.com\/es\/wp-json\/wp\/v2\/media\/3541"}],"wp:attachment":[{"href":"https:\/\/agribiomix.com\/es\/wp-json\/wp\/v2\/media?parent=4696"}],"wp:term":[{"taxonomy":"product_brand","embeddable":true,"href":"https:\/\/agribiomix.com\/es\/wp-json\/wp\/v2\/product_brand?post=4696"},{"taxonomy":"product_cat","embeddable":true,"href":"https:\/\/agribiomix.com\/es\/wp-json\/wp\/v2\/product_cat?post=4696"},{"taxonomy":"product_tag","embeddable":true,"href":"https:\/\/agribiomix.com\/es\/wp-json\/wp\/v2\/product_tag?post=4696"}],"curies":[{"name":"wp","href":"https:\/\/api.w.org\/{rel}","templated":true}]}}