{"id":4691,"date":"2023-04-01T13:55:10","date_gmt":"2023-04-01T11:55:10","guid":{"rendered":"https:\/\/agribiomix.com\/produit\/rizomas-de-miscanthus\/"},"modified":"2026-02-02T16:53:18","modified_gmt":"2026-02-02T15:53:18","slug":"rizomas-de-miscanthus","status":"publish","type":"product","link":"https:\/\/agribiomix.com\/es\/produit\/rizomas-de-miscanthus\/","title":{"rendered":"Rizomas de Miscanthus"},"content":{"rendered":"<p>Nuestros rizomas de Miscanthus se seleccionan cuidadosamente para garantizar un crecimiento \u00f3ptimo y un alto rendimiento de biomasa. Vendidos en lotes de 100 o en BigBags de diez mil, son ideales para los agricultores que deseen incorporar este <a href=\"https:\/\/www6.inrae.fr\/ciag\/content\/download\/3734\/37763\/file\/vol32-8-Dubois%20et%20al.pdf\">cultivo ecol\u00f3gico y rentable<\/a> a sus explotaciones.<\/p>\n<h1>Recomendaciones de cultivo :<\/h1>\n<ol>\n<li>Preparaci\u00f3n del suelo: Para obtener los mejores resultados, es esencial preparar bien el suelo antes de plantar los rizomas de Miscanthus. Aseg\u00farate de que el suelo est\u00e9 bien drenado y libre de malas hierbas. La tierra debe aflojarse hasta una profundidad de 15-20 cm para ayudar a los rizomas a enraizar.<\/li>\n<li>Plantaci\u00f3n: Planta los rizomas a una profundidad de unos 5 cm, separ\u00e1ndolos entre 75 cm y 1 metro. El momento ideal para plantar los rizomas de Miscanthus es entre abril y mayo, cuando las temperaturas del suelo superan los 10\u00b0C.<\/li>\n<li>Mantenimiento: Durante el primer a\u00f1o de crecimiento, un buen control de las malas hierbas es crucial para que el Miscanthus se establezca. Un riego adecuado tambi\u00e9n es una ventaja, sobre todo en las zonas m\u00e1s secas. Una vez establecido, el Miscanthus requerir\u00e1 poco mantenimiento.<\/li>\n<li>Recolecci\u00f3n: el Miscanthus puede recolectarse a partir del segundo o tercer a\u00f1o de crecimiento. La planta se suele cosechar entre febrero y abril, cuando los niveles de humedad son bajos y el suelo est\u00e1 transitable.<\/li>\n<li>Todos los detalles de la plantaci\u00f3n<a href=\"https:\/\/agribiomix.com\/es\/como-plantar-miscanthus\/\" target=\"_blank\" rel=\"noopener\"> se explican aqu\u00ed<\/a><\/li>\n<\/ol>\n<h1>Usos y beneficios :<\/h1>\n<p>El Miscanthus, <a href=\"https:\/\/agribiomix.com\/es\/listebambou-buscador-de-300-variedades-de-bambu\/\">como el bamb\u00fa<\/a> y el <a href=\"https:\/\/agribiomix.com\/es\/produit\/arundo-donax-cana-de-provenza-maceta-p9\/\">Arundo Donax<\/a>, es una planta vers\u00e1til que puede cultivarse para diversos usos. Como cultivo energ\u00e9tico, produce biomasa rica en fibra, ideal para la producci\u00f3n de biocombustibles y energ\u00edas renovables. El Miscanthus es una planta vers\u00e1til con una amplia gama de aplicaciones agr\u00edcolas y medioambientales. Como mantillo, ayuda a conservar la humedad del suelo, reduce el crecimiento de malas hierbas y mejora la estructura del suelo. Utilizado como lecho para animales, proporciona un material absorbente y confortable, que contribuye a mejorar la higiene y la salud de los animales. El miscanthus tambi\u00e9n se utiliza como material de construcci\u00f3n respetuoso con el medio ambiente, gracias a sus propiedades aislantes y a su baja huella de carbono. As\u00ed que representa un recurso renovable y sostenible para los agricultores concienciados con el medio ambiente.<br \/>\nPara saber m\u00e1s sobre otros cultivos alternativos, como el bamb\u00fa o el sauce, hemos escrito sobre ellos <a href=\"https:\/\/agribiomix.com\/es\/5-cultivos-alternativos-para-diversificar-tu-explotacion\/\">aqu\u00ed.<\/a><\/p>\n<p><code><\/code><\/p>\n<div style=\"max-width: 700px; margin: 40px auto; border: 1px solid #e1e4e8; border-radius: 12px; font-family: 'Segoe UI', sans-serif; box-shadow: 0 10px 30px rgba(0,0,0,0.05); overflow: hidden; background-color: #fff;\">\n<div style=\"background: #27ae60; color: white; padding: 25px; text-align: center;\">\n<h3 style=\"margin: 0; font-size: 22px; font-weight: bold; color: white;\">Estudio econ\u00f3mico personalizado<\/h3>\n<p style=\"margin: 5px 0 0 0; font-size: 15px; opacity: 0.95;\">Proyecta la rentabilidad de tu terreno en 20 a\u00f1os<\/p>\n<\/div>\n<div style=\"padding: 30px; background-color: #f9fafb;\">\n<div style=\"display: flex; flex-wrap: wrap; gap: 15px; justify-content: center; margin-bottom: 25px;\">\n<div style=\"background: white; padding: 15px; border-radius: 8px; border: 1px solid #e2e8f0; text-align: center; flex: 1 1 150px; min-width: 140px;\">\n<div style=\"font-size: 24px; margin-bottom: 10px;\">\ud83d\ude9c<\/div>\n<p><span style=\"display: block; font-weight: 600; font-size: 14px; color: #4a5568;\">Implantaci\u00f3n de costes<\/span><\/p>\n<\/div>\n<div style=\"background: white; padding: 15px; border-radius: 8px; border: 1px solid #e2e8f0; text-align: center; flex: 1 1 150px; min-width: 140px;\">\n<div style=\"font-size: 24px; margin-bottom: 10px;\">\ud83d\udcc8<\/div>\n<p><span style=\"display: block; font-weight: 600; font-size: 14px; color: #4a5568;\">Margen bruto \/ ha<\/span><\/p>\n<\/div>\n<div style=\"background: white; padding: 15px; border-radius: 8px; border: 1px solid #e2e8f0; text-align: center; flex: 1 1 150px; min-width: 140px;\">\n<div style=\"font-size: 24px; margin-bottom: 10px;\">\ud83d\udcb0<\/div>\n<p><span style=\"display: block; font-weight: 600; font-size: 14px; color: #4a5568;\">Volver a invertir.<\/span><\/p>\n<\/div>\n<\/div>\n<p><a style=\"display: block; width: 100%; max-width: 300px; margin: 0 auto; background-color: #2c3e50; color: white; text-align: center; text-decoration: none; padding: 16px 20px; border-radius: 6px; font-weight: bold; font-size: 16px; box-shadow: 0 4px 6px rgba(44,62,80,0.2);\" href=\"https:\/\/agribiomix.com\/es\/que-rentabilidad-tiene-el-miscanthus\/\"><br \/>\nIr al Simulador \u2192<br \/>\n<\/a><\/p>\n<div style=\"text-align: center; margin-top: 20px; font-size: 12px; color: #718096;\">\u2705 Datos actualizados campa\u00f1a 2026<\/div>\n<\/div>\n<\/div>\n<p>Encuentra todos nuestros consejos sobre el miscanthus, gu\u00eda de cultivo, mantenimiento, usos en nuestro <a href=\"https:\/\/agribiomix.com\/es\/cultivo-de-miscanthus\/\">hub Miscanthus<\/a>.<\/p>\n","protected":false},"excerpt":{"rendered":"<ul>\n<li>Lote de rizomas de Miscanthus en bolsas o Big Bag<\/li>\n<li>Cultivo vers\u00e1til: campo abierto, seto, borde de parcela, etc.<\/li>\n<li>Energ\u00eda de biomasa y acolchado ecol\u00f3gico<\/li>\n<li>Crecimiento r\u00e1pido, bajo mantenimiento<\/li>\n<li>Entrega posible todo el a\u00f1o, en abril-mayo para big-bags<\/li>\n<\/ul>\n","protected":false},"featured_media":3547,"template":"","meta":{"site-sidebar-layout":"default","site-content-layout":"default","ast-site-content-layout":"default","site-content-style":"default","site-sidebar-style":"default","ast-global-header-display":"","ast-banner-title-visibility":"","ast-main-header-display":"","ast-hfb-above-header-display":"","ast-hfb-below-header-display":"","ast-hfb-mobile-header-display":"","site-post-title":"","ast-breadcrumbs-content":"","ast-featured-img":"","footer-sml-layout":"","ast-disable-related-posts":"","theme-transparent-header-meta":"default","adv-header-id-meta":"","stick-header-meta":"default","header-above-stick-meta":"","header-main-stick-meta":"","header-below-stick-meta":"","astra-migrate-meta-layouts":"set","ast-page-background-enabled":"default","ast-page-background-meta":{"desktop":{"background-color":"","background-image":"","background-repeat":"repeat","background-position":"center center","background-size":"auto","background-attachment":"scroll","background-type":"","background-media":"","overlay-type":"","overlay-color":"","overlay-opacity":"","overlay-gradient":""},"tablet":{"background-color":"","background-image":"","background-repeat":"repeat","background-position":"center center","background-size":"auto","background-attachment":"scroll","background-type":"","background-media":"","overlay-type":"","overlay-color":"","overlay-opacity":"","overlay-gradient":""},"mobile":{"background-color":"","background-image":"","background-repeat":"repeat","background-position":"center center","background-size":"auto","background-attachment":"scroll","background-type":"","background-media":"","overlay-type":"","overlay-color":"","overlay-opacity":"","overlay-gradient":""}},"ast-content-background-meta":{"desktop":{"background-color":"var(--ast-global-color-5)","background-image":"","background-repeat":"repeat","background-position":"center center","background-size":"auto","background-attachment":"scroll","background-type":"","background-media":"","overlay-type":"","overlay-color":"","overlay-opacity":"","overlay-gradient":""},"tablet":{"background-color":"var(--ast-global-color-5)","background-image":"","background-repeat":"repeat","background-position":"center center","background-size":"auto","background-attachment":"scroll","background-type":"","background-media":"","overlay-type":"","overlay-color":"","overlay-opacity":"","overlay-gradient":""},"mobile":{"background-color":"var(--ast-global-color-5)","background-image":"","background-repeat":"repeat","background-position":"center center","background-size":"auto","background-attachment":"scroll","background-type":"","background-media":"","overlay-type":"","overlay-color":"","overlay-opacity":"","overlay-gradient":""}}},"product_brand":[],"product_cat":[107,120],"product_tag":[],"class_list":{"0":"post-4691","1":"product","2":"type-product","3":"status-publish","4":"has-post-thumbnail","6":"product_cat-energia-de-biomasa","7":"product_cat-fitodepuracion-fitorremediacion","8":"desktop-align-left","9":"tablet-align-left","10":"mobile-align-left","11":"ast-product-gallery-layout-horizontal-slider","12":"ast-product-single-variable","13":"ast-product-tabs-layout-horizontal","14":"ast-qv-on-image","16":"first","17":"instock","18":"taxable","19":"shipping-taxable","20":"purchasable","21":"product-type-variable","22":"has-default-attributes"},"yoast_head":"<!-- This site is optimized with the Yoast SEO Premium plugin v22.7 (Yoast SEO v26.8) - https:\/\/yoast.com\/product\/yoast-seo-premium-wordpress\/ -->\n<title>Rizomas de Miscanthus - AGRIBIOMIX<\/title>\n<meta name=\"description\" content=\"Rizomas de Miscanthus en sacos o big bags de 10.000 unidades, para cultivos energ\u00e9ticos o acolchado ecol\u00f3gico. Para profesionales, autoridades locales y particulares.\" \/>\n<meta name=\"robots\" content=\"index, follow, max-snippet:-1, max-image-preview:large, max-video-preview:-1\" \/>\n<link rel=\"canonical\" href=\"https:\/\/agribiomix.com\/es\/produit\/rizomas-de-miscanthus\/\" \/>\n<meta property=\"og:locale\" content=\"es_ES\" \/>\n<meta property=\"og:type\" content=\"article\" \/>\n<meta property=\"og:title\" content=\"Rizomas de Miscanthus\" \/>\n<meta property=\"og:description\" content=\"Rizomas de Miscanthus en sacos o big bags de 10.000 unidades, para cultivos energ\u00e9ticos o acolchado ecol\u00f3gico. Para profesionales, autoridades locales y particulares.\" \/>\n<meta property=\"og:url\" content=\"https:\/\/agribiomix.com\/es\/produit\/rizomas-de-miscanthus\/\" \/>\n<meta property=\"og:site_name\" content=\"AGRIBIOMIX\" \/>\n<meta property=\"article:modified_time\" content=\"2026-02-02T15:53:18+00:00\" \/>\n<meta property=\"og:image\" content=\"https:\/\/agribiomix.com\/wp-content\/uploads\/2023\/04\/Photoroom-20240304_141622.webp\" \/>\n\t<meta property=\"og:image:width\" content=\"2000\" \/>\n\t<meta property=\"og:image:height\" content=\"2000\" \/>\n\t<meta property=\"og:image:type\" content=\"image\/webp\" \/>\n<meta name=\"twitter:card\" content=\"summary_large_image\" \/>\n<meta name=\"twitter:label1\" content=\"Disponibilidad\" \/>\n\t<meta name=\"twitter:data1\" content=\"Disponible\" \/>\n<script type=\"application\/ld+json\" class=\"yoast-schema-graph\">{\"@context\":\"https:\/\/schema.org\",\"@graph\":[{\"@type\":\"WebPage\",\"@id\":\"https:\/\/agribiomix.com\/es\/produit\/rizomas-de-miscanthus\/\",\"url\":\"https:\/\/agribiomix.com\/es\/produit\/rizomas-de-miscanthus\/\",\"name\":\"Rizomas de Miscanthus - AGRIBIOMIX\",\"isPartOf\":{\"@id\":\"https:\/\/agribiomix.com\/es\/#website\"},\"primaryImageOfPage\":{\"@id\":\"https:\/\/agribiomix.com\/es\/produit\/rizomas-de-miscanthus\/#primaryimage\"},\"image\":{\"@id\":\"https:\/\/agribiomix.com\/es\/produit\/rizomas-de-miscanthus\/#primaryimage\"},\"thumbnailUrl\":\"https:\/\/agribiomix.com\/wp-content\/uploads\/2023\/04\/Photoroom-20240304_141622.webp\",\"datePublished\":\"2023-04-01T11:55:10+00:00\",\"dateModified\":\"2026-02-02T15:53:18+00:00\",\"description\":\"Rizomas de Miscanthus en sacos o big bags de 10.000 unidades, para cultivos energ\u00e9ticos o acolchado ecol\u00f3gico. Para profesionales, autoridades locales y particulares.\",\"breadcrumb\":{\"@id\":\"https:\/\/agribiomix.com\/es\/produit\/rizomas-de-miscanthus\/#breadcrumb\"},\"inLanguage\":\"es\",\"potentialAction\":[{\"@type\":\"ReadAction\",\"target\":[\"https:\/\/agribiomix.com\/es\/produit\/rizomas-de-miscanthus\/\"]}]},{\"@type\":\"ImageObject\",\"inLanguage\":\"es\",\"@id\":\"https:\/\/agribiomix.com\/es\/produit\/rizomas-de-miscanthus\/#primaryimage\",\"url\":\"https:\/\/agribiomix.com\/wp-content\/uploads\/2023\/04\/Photoroom-20240304_141622.webp\",\"contentUrl\":\"https:\/\/agribiomix.com\/wp-content\/uploads\/2023\/04\/Photoroom-20240304_141622.webp\",\"width\":2000,\"height\":2000,\"caption\":\"rizomas listos para plantar, en bolsas grandes de 10000\"},{\"@type\":\"BreadcrumbList\",\"@id\":\"https:\/\/agribiomix.com\/es\/produit\/rizomas-de-miscanthus\/#breadcrumb\",\"itemListElement\":[{\"@type\":\"ListItem\",\"position\":1,\"name\":\"Accueil\",\"item\":\"https:\/\/agribiomix.com\/es\/\"},{\"@type\":\"ListItem\",\"position\":2,\"name\":\"Tienda\",\"item\":\"https:\/\/agribiomix.com\/es\/tienda\/\"},{\"@type\":\"ListItem\",\"position\":3,\"name\":\"Rizomas de Miscanthus\"}]},{\"@type\":\"WebSite\",\"@id\":\"https:\/\/agribiomix.com\/es\/#website\",\"url\":\"https:\/\/agribiomix.com\/es\/\",\"name\":\"AGRIBIOMIX\",\"description\":\"Biomasse agricole\",\"publisher\":{\"@id\":\"https:\/\/agribiomix.com\/es\/#organization\"},\"potentialAction\":[{\"@type\":\"SearchAction\",\"target\":{\"@type\":\"EntryPoint\",\"urlTemplate\":\"https:\/\/agribiomix.com\/es\/?s={search_term_string}\"},\"query-input\":{\"@type\":\"PropertyValueSpecification\",\"valueRequired\":true,\"valueName\":\"search_term_string\"}}],\"inLanguage\":\"es\"},{\"@type\":\"Organization\",\"@id\":\"https:\/\/agribiomix.com\/es\/#organization\",\"name\":\"AGRIBIOMIX\",\"url\":\"https:\/\/agribiomix.com\/es\/\",\"logo\":{\"@type\":\"ImageObject\",\"inLanguage\":\"es\",\"@id\":\"https:\/\/agribiomix.com\/es\/#\/schema\/logo\/image\/\",\"url\":\"https:\/\/agribiomix.com\/wp-content\/uploads\/2023\/06\/AGRIBIOMIX-1-2.png\",\"contentUrl\":\"https:\/\/agribiomix.com\/wp-content\/uploads\/2023\/06\/AGRIBIOMIX-1-2.png\",\"width\":151,\"height\":134,\"caption\":\"AGRIBIOMIX\"},\"image\":{\"@id\":\"https:\/\/agribiomix.com\/es\/#\/schema\/logo\/image\/\"}}]}<\/script>\n<meta property=\"og:availability\" content=\"instock\" \/>\n<meta property=\"product:availability\" content=\"instock\" \/>\n<meta property=\"product:retailer_item_id\" content=\"MIS\" \/>\n<meta property=\"product:condition\" content=\"new\" \/>\n<!-- \/ Yoast SEO Premium plugin. -->","yoast_head_json":{"title":"Rizomas de Miscanthus - AGRIBIOMIX","description":"Rizomas de Miscanthus en sacos o big bags de 10.000 unidades, para cultivos energ\u00e9ticos o acolchado ecol\u00f3gico. Para profesionales, autoridades locales y particulares.","robots":{"index":"index","follow":"follow","max-snippet":"max-snippet:-1","max-image-preview":"max-image-preview:large","max-video-preview":"max-video-preview:-1"},"canonical":"https:\/\/agribiomix.com\/es\/produit\/rizomas-de-miscanthus\/","og_locale":"es_ES","og_type":"article","og_title":"Rizomas de Miscanthus","og_description":"Rizomas de Miscanthus en sacos o big bags de 10.000 unidades, para cultivos energ\u00e9ticos o acolchado ecol\u00f3gico. Para profesionales, autoridades locales y particulares.","og_url":"https:\/\/agribiomix.com\/es\/produit\/rizomas-de-miscanthus\/","og_site_name":"AGRIBIOMIX","article_modified_time":"2026-02-02T15:53:18+00:00","og_image":[{"width":2000,"height":2000,"url":"https:\/\/agribiomix.com\/wp-content\/uploads\/2023\/04\/Photoroom-20240304_141622.webp","type":"image\/webp"}],"twitter_card":"summary_large_image","twitter_misc":{"Disponibilidad":"Disponible"},"schema":{"@context":"https:\/\/schema.org","@graph":[{"@type":"WebPage","@id":"https:\/\/agribiomix.com\/es\/produit\/rizomas-de-miscanthus\/","url":"https:\/\/agribiomix.com\/es\/produit\/rizomas-de-miscanthus\/","name":"Rizomas de Miscanthus - AGRIBIOMIX","isPartOf":{"@id":"https:\/\/agribiomix.com\/es\/#website"},"primaryImageOfPage":{"@id":"https:\/\/agribiomix.com\/es\/produit\/rizomas-de-miscanthus\/#primaryimage"},"image":{"@id":"https:\/\/agribiomix.com\/es\/produit\/rizomas-de-miscanthus\/#primaryimage"},"thumbnailUrl":"https:\/\/agribiomix.com\/wp-content\/uploads\/2023\/04\/Photoroom-20240304_141622.webp","datePublished":"2023-04-01T11:55:10+00:00","dateModified":"2026-02-02T15:53:18+00:00","description":"Rizomas de Miscanthus en sacos o big bags de 10.000 unidades, para cultivos energ\u00e9ticos o acolchado ecol\u00f3gico. Para profesionales, autoridades locales y particulares.","breadcrumb":{"@id":"https:\/\/agribiomix.com\/es\/produit\/rizomas-de-miscanthus\/#breadcrumb"},"inLanguage":"es","potentialAction":[{"@type":"ReadAction","target":["https:\/\/agribiomix.com\/es\/produit\/rizomas-de-miscanthus\/"]}]},{"@type":"ImageObject","inLanguage":"es","@id":"https:\/\/agribiomix.com\/es\/produit\/rizomas-de-miscanthus\/#primaryimage","url":"https:\/\/agribiomix.com\/wp-content\/uploads\/2023\/04\/Photoroom-20240304_141622.webp","contentUrl":"https:\/\/agribiomix.com\/wp-content\/uploads\/2023\/04\/Photoroom-20240304_141622.webp","width":2000,"height":2000,"caption":"rizomas listos para plantar, en bolsas grandes de 10000"},{"@type":"BreadcrumbList","@id":"https:\/\/agribiomix.com\/es\/produit\/rizomas-de-miscanthus\/#breadcrumb","itemListElement":[{"@type":"ListItem","position":1,"name":"Accueil","item":"https:\/\/agribiomix.com\/es\/"},{"@type":"ListItem","position":2,"name":"Tienda","item":"https:\/\/agribiomix.com\/es\/tienda\/"},{"@type":"ListItem","position":3,"name":"Rizomas de Miscanthus"}]},{"@type":"WebSite","@id":"https:\/\/agribiomix.com\/es\/#website","url":"https:\/\/agribiomix.com\/es\/","name":"AGRIBIOMIX","description":"Biomasse agricole","publisher":{"@id":"https:\/\/agribiomix.com\/es\/#organization"},"potentialAction":[{"@type":"SearchAction","target":{"@type":"EntryPoint","urlTemplate":"https:\/\/agribiomix.com\/es\/?s={search_term_string}"},"query-input":{"@type":"PropertyValueSpecification","valueRequired":true,"valueName":"search_term_string"}}],"inLanguage":"es"},{"@type":"Organization","@id":"https:\/\/agribiomix.com\/es\/#organization","name":"AGRIBIOMIX","url":"https:\/\/agribiomix.com\/es\/","logo":{"@type":"ImageObject","inLanguage":"es","@id":"https:\/\/agribiomix.com\/es\/#\/schema\/logo\/image\/","url":"https:\/\/agribiomix.com\/wp-content\/uploads\/2023\/06\/AGRIBIOMIX-1-2.png","contentUrl":"https:\/\/agribiomix.com\/wp-content\/uploads\/2023\/06\/AGRIBIOMIX-1-2.png","width":151,"height":134,"caption":"AGRIBIOMIX"},"image":{"@id":"https:\/\/agribiomix.com\/es\/#\/schema\/logo\/image\/"}}]},"og_availability":"instock","product_availability":"instock","product_retailer_item_id":"MIS","product_condition":"new"},"_links":{"self":[{"href":"https:\/\/agribiomix.com\/es\/wp-json\/wp\/v2\/product\/4691","targetHints":{"allow":["GET"]}}],"collection":[{"href":"https:\/\/agribiomix.com\/es\/wp-json\/wp\/v2\/product"}],"about":[{"href":"https:\/\/agribiomix.com\/es\/wp-json\/wp\/v2\/types\/product"}],"wp:featuredmedia":[{"embeddable":true,"href":"https:\/\/agribiomix.com\/es\/wp-json\/wp\/v2\/media\/3547"}],"wp:attachment":[{"href":"https:\/\/agribiomix.com\/es\/wp-json\/wp\/v2\/media?parent=4691"}],"wp:term":[{"taxonomy":"product_brand","embeddable":true,"href":"https:\/\/agribiomix.com\/es\/wp-json\/wp\/v2\/product_brand?post=4691"},{"taxonomy":"product_cat","embeddable":true,"href":"https:\/\/agribiomix.com\/es\/wp-json\/wp\/v2\/product_cat?post=4691"},{"taxonomy":"product_tag","embeddable":true,"href":"https:\/\/agribiomix.com\/es\/wp-json\/wp\/v2\/product_tag?post=4691"}],"curies":[{"name":"wp","href":"https:\/\/api.w.org\/{rel}","templated":true}]}}