{"id":4644,"date":"2026-01-22T17:25:18","date_gmt":"2026-01-22T16:25:18","guid":{"rendered":"https:\/\/agribiomix.com\/produit\/paquete-de-biomasa-de-500-m%c2%b2-produce-lena-y-mantillo\/"},"modified":"2026-01-22T17:25:18","modified_gmt":"2026-01-22T16:25:18","slug":"paquete-de-biomasa-de-500-m%c2%b2-produce-lena-y-mantillo","status":"publish","type":"product","link":"https:\/\/agribiomix.com\/es\/produit\/paquete-de-biomasa-de-500-m%c2%b2-produce-lena-y-mantillo\/","title":{"rendered":"Paquete de biomasa de 500 m\u00b2: Produce le\u00f1a y mantillo"},"content":{"rendered":"<p data-path-to-node=\"24\"><b data-path-to-node=\"24\" data-index-in-node=\"0\">Detalles de tu plantaci\u00f3n (375 plantas) :<\/b><\/p>\n<ul data-path-to-node=\"25\">\n<li>\n<p data-path-to-node=\"25,0,0\"><b data-path-to-node=\"25,0,0\" data-index-in-node=\"0\">250 Rizomas de Miscanthus:<\/b> producci\u00f3n masiva de biomasa seca.<\/p>\n<\/li>\n<li>\n<p data-path-to-node=\"25,1,0\"><b data-path-to-node=\"25,1,0\" data-index-in-node=\"0\">100 Sauces (Viminalis):<\/b> Ideales para estabilizar humedales y producir madera ramial (RCW).<\/p>\n<\/li>\n<li>\n<p data-path-to-node=\"25,2,0\"><b data-path-to-node=\"25,2,0\" data-index-in-node=\"0\">15 Peupliers (H275) :<\/b> La columna vertebral de tu producci\u00f3n de troncos.<\/p>\n<\/li>\n<li>\n<p data-path-to-node=\"25,3,0\"><b data-path-to-node=\"25,3,0\" data-index-in-node=\"0\">10 Paulownias (H\u00edbridos) :<\/b> Crecimiento ultrarr\u00e1pido para primeras cosechas de con\u00edferas a partir del 5\u00ba a\u00f1o.<\/p>\n<\/li>\n<\/ul>\n<p data-path-to-node=\"26\"><b data-path-to-node=\"26\" data-index-in-node=\"0\">Consejo de experto de Agribiomix:<\/b> Ideal para terrenos h\u00famedos o arcenes dif\u00edciles de segar. Convierte una carga de mantenimiento en una reserva de combustible. <\/p>\n<p data-path-to-node=\"38\">Para la venta al por menor de miscanthus, consulta la<a href=\"https:\/\/agribiomix.com\/es\/produit\/rizomas-de-miscanthus\/\"> ficha de producto dedicada <\/a> <\/p>\n<p data-path-to-node=\"38\">Para comparar con nuestros otros packs de autonom\u00eda de biomasa: <a href=\"https:\/\/agribiomix.com\/es\/convierte-tu-terreno-en-un-activo-estrategico-autonomia-energetica-y-vegetal\/\">consulta el art\u00edculo <\/a> <\/p>\n","protected":false},"excerpt":{"rendered":"<p data-path-to-node=\"21,0\">Aprovecha al m\u00e1ximo una parcela de 500 m\u00b2 para reducir tu factura energ\u00e9tica. Este kit est\u00e1 dise\u00f1ado para proporcionar una importante calefacci\u00f3n suplementaria y cubrir las necesidades de acolchado de un huerto muy grande. <\/p>\n<ul data-path-to-node=\"21,1\">\n<li>\n<p data-path-to-node=\"21,1,0,0\"><b data-path-to-node=\"21,1,0,0\" data-index-in-node=\"0\">Producci\u00f3n:<\/b> ~2 esteres (madera) + 2500 L de mantillo\/a\u00f1o.<\/p>\n<\/li>\n<li>\n<p data-path-to-node=\"21,1,1,0\"><b data-path-to-node=\"21,1,1,0\" data-index-in-node=\"0\">Rentabilidad:<\/b> Se amortiza en menos de 3 temporadas de calefacci\u00f3n.<\/p>\n<\/li>\n<li>\n<p data-path-to-node=\"21,1,2,0\"><b data-path-to-node=\"21,1,2,0\" data-index-in-node=\"0\">Incluye:<\/b> 375 plantas profesionales: Miscanthus, Paulownia, \u00c1lamo, Sauce.<\/p>\n<\/li>\n<\/ul>\n","protected":false},"featured_media":4376,"template":"","meta":{"site-sidebar-layout":"default","site-content-layout":"","ast-site-content-layout":"default","site-content-style":"default","site-sidebar-style":"default","ast-global-header-display":"","ast-banner-title-visibility":"","ast-main-header-display":"","ast-hfb-above-header-display":"","ast-hfb-below-header-display":"","ast-hfb-mobile-header-display":"","site-post-title":"","ast-breadcrumbs-content":"","ast-featured-img":"","footer-sml-layout":"","ast-disable-related-posts":"","theme-transparent-header-meta":"default","adv-header-id-meta":"","stick-header-meta":"default","header-above-stick-meta":"","header-main-stick-meta":"","header-below-stick-meta":"","astra-migrate-meta-layouts":"default","ast-page-background-enabled":"default","ast-page-background-meta":{"desktop":{"background-color":"","background-image":"","background-repeat":"repeat","background-position":"center center","background-size":"auto","background-attachment":"scroll","background-type":"","background-media":"","overlay-type":"","overlay-color":"","overlay-opacity":"","overlay-gradient":""},"tablet":{"background-color":"","background-image":"","background-repeat":"repeat","background-position":"center center","background-size":"auto","background-attachment":"scroll","background-type":"","background-media":"","overlay-type":"","overlay-color":"","overlay-opacity":"","overlay-gradient":""},"mobile":{"background-color":"","background-image":"","background-repeat":"repeat","background-position":"center center","background-size":"auto","background-attachment":"scroll","background-type":"","background-media":"","overlay-type":"","overlay-color":"","overlay-opacity":"","overlay-gradient":""}},"ast-content-background-meta":{"desktop":{"background-color":"var(--ast-global-color-5)","background-image":"","background-repeat":"repeat","background-position":"center center","background-size":"auto","background-attachment":"scroll","background-type":"","background-media":"","overlay-type":"","overlay-color":"","overlay-opacity":"","overlay-gradient":""},"tablet":{"background-color":"var(--ast-global-color-5)","background-image":"","background-repeat":"repeat","background-position":"center center","background-size":"auto","background-attachment":"scroll","background-type":"","background-media":"","overlay-type":"","overlay-color":"","overlay-opacity":"","overlay-gradient":""},"mobile":{"background-color":"var(--ast-global-color-5)","background-image":"","background-repeat":"repeat","background-position":"center center","background-size":"auto","background-attachment":"scroll","background-type":"","background-media":"","overlay-type":"","overlay-color":"","overlay-opacity":"","overlay-gradient":""}}},"product_brand":[],"product_cat":[100],"product_tag":[],"class_list":{"0":"post-4644","1":"product","2":"type-product","3":"status-publish","4":"has-post-thumbnail","6":"product_cat-pack-autonomia-biomasa","7":"desktop-align-left","8":"tablet-align-left","9":"mobile-align-left","10":"ast-product-gallery-layout-horizontal-slider","11":"ast-product-gallery-with-no-image","12":"ast-product-tabs-layout-horizontal","13":"ast-qv-on-image","15":"first","16":"instock","17":"sale","18":"taxable","19":"shipping-taxable","20":"purchasable","21":"product-type-simple"},"yoast_head":"<!-- This site is optimized with the Yoast SEO Premium plugin v22.7 (Yoast SEO v26.8) - https:\/\/yoast.com\/product\/yoast-seo-premium-wordpress\/ -->\n<title>Pack Biomasa 500m\u00b2: Le\u00f1a y Mantillo<\/title>\n<meta name=\"description\" content=\"Reduce tu factura energ\u00e9tica. Planta 500 m\u00b2 de bosque productivo (Paulownia, \u00c1lamo, Miscanthus). Objetivo: 2 esteres\/a\u00f1o + mantillo ilimitado.\" \/>\n<meta name=\"robots\" content=\"index, follow, max-snippet:-1, max-image-preview:large, max-video-preview:-1\" \/>\n<link rel=\"canonical\" href=\"https:\/\/agribiomix.com\/es\/produit\/paquete-de-biomasa-de-500-m%c2%b2-produce-lena-y-mantillo\/\" \/>\n<meta property=\"og:locale\" content=\"es_ES\" \/>\n<meta property=\"og:type\" content=\"article\" \/>\n<meta property=\"og:title\" content=\"Paquete de biomasa de 500 m\u00b2: Produce le\u00f1a y mantillo\" \/>\n<meta property=\"og:description\" content=\"Reduce tu factura energ\u00e9tica. Planta 500 m\u00b2 de bosque productivo (Paulownia, \u00c1lamo, Miscanthus). Objetivo: 2 esteres\/a\u00f1o + mantillo ilimitado.\" \/>\n<meta property=\"og:url\" content=\"https:\/\/agribiomix.com\/es\/produit\/paquete-de-biomasa-de-500-m%c2%b2-produce-lena-y-mantillo\/\" \/>\n<meta property=\"og:site_name\" content=\"AGRIBIOMIX\" \/>\n<meta property=\"og:image\" content=\"https:\/\/i0.wp.com\/agribiomix.com\/wp-content\/uploads\/2026\/01\/Pack-biomasse-500m2.webp?fit=1024%2C1024&ssl=1\" \/>\n\t<meta property=\"og:image:width\" content=\"1024\" \/>\n\t<meta property=\"og:image:height\" content=\"1024\" \/>\n\t<meta property=\"og:image:type\" content=\"image\/webp\" \/>\n<meta name=\"twitter:card\" content=\"summary_large_image\" \/>\n<meta name=\"twitter:label1\" content=\"Precio\" \/>\n\t<meta name=\"twitter:data1\" content=\"337,49&euro; 319,90&euro; HT\" \/>\n\t<meta name=\"twitter:label2\" content=\"Disponibilidad\" \/>\n\t<meta name=\"twitter:data2\" content=\"Disponible\" \/>\n<script type=\"application\/ld+json\" class=\"yoast-schema-graph\">{\"@context\":\"https:\/\/schema.org\",\"@graph\":[{\"@type\":\"WebPage\",\"@id\":\"https:\/\/agribiomix.com\/es\/produit\/paquete-de-biomasa-de-500-m%c2%b2-produce-lena-y-mantillo\/\",\"url\":\"https:\/\/agribiomix.com\/es\/produit\/paquete-de-biomasa-de-500-m%c2%b2-produce-lena-y-mantillo\/\",\"name\":\"Pack Biomasa 500m\u00b2: Le\u00f1a y Mantillo\",\"isPartOf\":{\"@id\":\"https:\/\/agribiomix.com\/es\/#website\"},\"primaryImageOfPage\":{\"@id\":\"https:\/\/agribiomix.com\/es\/produit\/paquete-de-biomasa-de-500-m%c2%b2-produce-lena-y-mantillo\/#primaryimage\"},\"image\":{\"@id\":\"https:\/\/agribiomix.com\/es\/produit\/paquete-de-biomasa-de-500-m%c2%b2-produce-lena-y-mantillo\/#primaryimage\"},\"thumbnailUrl\":\"https:\/\/agribiomix.com\/wp-content\/uploads\/2026\/01\/Pack-biomasse-500m2.webp\",\"datePublished\":\"2026-01-22T16:25:18+00:00\",\"description\":\"Reduce tu factura energ\u00e9tica. Planta 500 m\u00b2 de bosque productivo (Paulownia, \u00c1lamo, Miscanthus). Objetivo: 2 esteres\/a\u00f1o + mantillo ilimitado.\",\"breadcrumb\":{\"@id\":\"https:\/\/agribiomix.com\/es\/produit\/paquete-de-biomasa-de-500-m%c2%b2-produce-lena-y-mantillo\/#breadcrumb\"},\"inLanguage\":\"es\",\"potentialAction\":[{\"@type\":\"ReadAction\",\"target\":[\"https:\/\/agribiomix.com\/es\/produit\/paquete-de-biomasa-de-500-m%c2%b2-produce-lena-y-mantillo\/\"]}]},{\"@type\":\"ImageObject\",\"inLanguage\":\"es\",\"@id\":\"https:\/\/agribiomix.com\/es\/produit\/paquete-de-biomasa-de-500-m%c2%b2-produce-lena-y-mantillo\/#primaryimage\",\"url\":\"https:\/\/agribiomix.com\/wp-content\/uploads\/2026\/01\/Pack-biomasse-500m2.webp\",\"contentUrl\":\"https:\/\/agribiomix.com\/wp-content\/uploads\/2026\/01\/Pack-biomasse-500m2.webp\",\"width\":1024,\"height\":1024,\"caption\":\"Produce tu propio mantillo y biomasa cada a\u00f1o\"},{\"@type\":\"BreadcrumbList\",\"@id\":\"https:\/\/agribiomix.com\/es\/produit\/paquete-de-biomasa-de-500-m%c2%b2-produce-lena-y-mantillo\/#breadcrumb\",\"itemListElement\":[{\"@type\":\"ListItem\",\"position\":1,\"name\":\"Accueil\",\"item\":\"https:\/\/agribiomix.com\/es\/\"},{\"@type\":\"ListItem\",\"position\":2,\"name\":\"Tienda\",\"item\":\"https:\/\/agribiomix.com\/es\/tienda\/\"},{\"@type\":\"ListItem\",\"position\":3,\"name\":\"Paquete de biomasa de 500 m\u00b2: Produce le\u00f1a y mantillo\"}]},{\"@type\":\"WebSite\",\"@id\":\"https:\/\/agribiomix.com\/es\/#website\",\"url\":\"https:\/\/agribiomix.com\/es\/\",\"name\":\"AGRIBIOMIX\",\"description\":\"Biomasse agricole\",\"publisher\":{\"@id\":\"https:\/\/agribiomix.com\/es\/#organization\"},\"potentialAction\":[{\"@type\":\"SearchAction\",\"target\":{\"@type\":\"EntryPoint\",\"urlTemplate\":\"https:\/\/agribiomix.com\/es\/?s={search_term_string}\"},\"query-input\":{\"@type\":\"PropertyValueSpecification\",\"valueRequired\":true,\"valueName\":\"search_term_string\"}}],\"inLanguage\":\"es\"},{\"@type\":\"Organization\",\"@id\":\"https:\/\/agribiomix.com\/es\/#organization\",\"name\":\"AGRIBIOMIX\",\"url\":\"https:\/\/agribiomix.com\/es\/\",\"logo\":{\"@type\":\"ImageObject\",\"inLanguage\":\"es\",\"@id\":\"https:\/\/agribiomix.com\/es\/#\/schema\/logo\/image\/\",\"url\":\"https:\/\/agribiomix.com\/wp-content\/uploads\/2023\/06\/AGRIBIOMIX-1-2.png\",\"contentUrl\":\"https:\/\/agribiomix.com\/wp-content\/uploads\/2023\/06\/AGRIBIOMIX-1-2.png\",\"width\":151,\"height\":134,\"caption\":\"AGRIBIOMIX\"},\"image\":{\"@id\":\"https:\/\/agribiomix.com\/es\/#\/schema\/logo\/image\/\"}}]}<\/script>\n<meta property=\"product:price:amount\" content=\"337.49\" \/>\n<meta property=\"product:price:currency\" content=\"EUR\" \/>\n<meta property=\"og:availability\" content=\"instock\" \/>\n<meta property=\"product:availability\" content=\"instock\" \/>\n<meta property=\"product:retailer_item_id\" content=\"PACK-500\" \/>\n<meta property=\"product:condition\" content=\"new\" \/>\n<!-- \/ Yoast SEO Premium plugin. -->","yoast_head_json":{"title":"Pack Biomasa 500m\u00b2: Le\u00f1a y Mantillo","description":"Reduce tu factura energ\u00e9tica. Planta 500 m\u00b2 de bosque productivo (Paulownia, \u00c1lamo, Miscanthus). Objetivo: 2 esteres\/a\u00f1o + mantillo ilimitado.","robots":{"index":"index","follow":"follow","max-snippet":"max-snippet:-1","max-image-preview":"max-image-preview:large","max-video-preview":"max-video-preview:-1"},"canonical":"https:\/\/agribiomix.com\/es\/produit\/paquete-de-biomasa-de-500-m%c2%b2-produce-lena-y-mantillo\/","og_locale":"es_ES","og_type":"article","og_title":"Paquete de biomasa de 500 m\u00b2: Produce le\u00f1a y mantillo","og_description":"Reduce tu factura energ\u00e9tica. Planta 500 m\u00b2 de bosque productivo (Paulownia, \u00c1lamo, Miscanthus). Objetivo: 2 esteres\/a\u00f1o + mantillo ilimitado.","og_url":"https:\/\/agribiomix.com\/es\/produit\/paquete-de-biomasa-de-500-m%c2%b2-produce-lena-y-mantillo\/","og_site_name":"AGRIBIOMIX","og_image":[{"width":1024,"height":1024,"url":"https:\/\/i0.wp.com\/agribiomix.com\/wp-content\/uploads\/2026\/01\/Pack-biomasse-500m2.webp?fit=1024%2C1024&ssl=1","type":"image\/webp"}],"twitter_card":"summary_large_image","twitter_misc":{"Precio":"337,49&euro; 319,90&euro; HT","Disponibilidad":"Disponible"},"schema":{"@context":"https:\/\/schema.org","@graph":[{"@type":"WebPage","@id":"https:\/\/agribiomix.com\/es\/produit\/paquete-de-biomasa-de-500-m%c2%b2-produce-lena-y-mantillo\/","url":"https:\/\/agribiomix.com\/es\/produit\/paquete-de-biomasa-de-500-m%c2%b2-produce-lena-y-mantillo\/","name":"Pack Biomasa 500m\u00b2: Le\u00f1a y Mantillo","isPartOf":{"@id":"https:\/\/agribiomix.com\/es\/#website"},"primaryImageOfPage":{"@id":"https:\/\/agribiomix.com\/es\/produit\/paquete-de-biomasa-de-500-m%c2%b2-produce-lena-y-mantillo\/#primaryimage"},"image":{"@id":"https:\/\/agribiomix.com\/es\/produit\/paquete-de-biomasa-de-500-m%c2%b2-produce-lena-y-mantillo\/#primaryimage"},"thumbnailUrl":"https:\/\/agribiomix.com\/wp-content\/uploads\/2026\/01\/Pack-biomasse-500m2.webp","datePublished":"2026-01-22T16:25:18+00:00","description":"Reduce tu factura energ\u00e9tica. Planta 500 m\u00b2 de bosque productivo (Paulownia, \u00c1lamo, Miscanthus). Objetivo: 2 esteres\/a\u00f1o + mantillo ilimitado.","breadcrumb":{"@id":"https:\/\/agribiomix.com\/es\/produit\/paquete-de-biomasa-de-500-m%c2%b2-produce-lena-y-mantillo\/#breadcrumb"},"inLanguage":"es","potentialAction":[{"@type":"ReadAction","target":["https:\/\/agribiomix.com\/es\/produit\/paquete-de-biomasa-de-500-m%c2%b2-produce-lena-y-mantillo\/"]}]},{"@type":"ImageObject","inLanguage":"es","@id":"https:\/\/agribiomix.com\/es\/produit\/paquete-de-biomasa-de-500-m%c2%b2-produce-lena-y-mantillo\/#primaryimage","url":"https:\/\/agribiomix.com\/wp-content\/uploads\/2026\/01\/Pack-biomasse-500m2.webp","contentUrl":"https:\/\/agribiomix.com\/wp-content\/uploads\/2026\/01\/Pack-biomasse-500m2.webp","width":1024,"height":1024,"caption":"Produce tu propio mantillo y biomasa cada a\u00f1o"},{"@type":"BreadcrumbList","@id":"https:\/\/agribiomix.com\/es\/produit\/paquete-de-biomasa-de-500-m%c2%b2-produce-lena-y-mantillo\/#breadcrumb","itemListElement":[{"@type":"ListItem","position":1,"name":"Accueil","item":"https:\/\/agribiomix.com\/es\/"},{"@type":"ListItem","position":2,"name":"Tienda","item":"https:\/\/agribiomix.com\/es\/tienda\/"},{"@type":"ListItem","position":3,"name":"Paquete de biomasa de 500 m\u00b2: Produce le\u00f1a y mantillo"}]},{"@type":"WebSite","@id":"https:\/\/agribiomix.com\/es\/#website","url":"https:\/\/agribiomix.com\/es\/","name":"AGRIBIOMIX","description":"Biomasse agricole","publisher":{"@id":"https:\/\/agribiomix.com\/es\/#organization"},"potentialAction":[{"@type":"SearchAction","target":{"@type":"EntryPoint","urlTemplate":"https:\/\/agribiomix.com\/es\/?s={search_term_string}"},"query-input":{"@type":"PropertyValueSpecification","valueRequired":true,"valueName":"search_term_string"}}],"inLanguage":"es"},{"@type":"Organization","@id":"https:\/\/agribiomix.com\/es\/#organization","name":"AGRIBIOMIX","url":"https:\/\/agribiomix.com\/es\/","logo":{"@type":"ImageObject","inLanguage":"es","@id":"https:\/\/agribiomix.com\/es\/#\/schema\/logo\/image\/","url":"https:\/\/agribiomix.com\/wp-content\/uploads\/2023\/06\/AGRIBIOMIX-1-2.png","contentUrl":"https:\/\/agribiomix.com\/wp-content\/uploads\/2023\/06\/AGRIBIOMIX-1-2.png","width":151,"height":134,"caption":"AGRIBIOMIX"},"image":{"@id":"https:\/\/agribiomix.com\/es\/#\/schema\/logo\/image\/"}}]},"product_price_amount":"337.49","product_price_currency":"EUR","og_availability":"instock","product_availability":"instock","product_retailer_item_id":"PACK-500","product_condition":"new"},"_links":{"self":[{"href":"https:\/\/agribiomix.com\/es\/wp-json\/wp\/v2\/product\/4644","targetHints":{"allow":["GET"]}}],"collection":[{"href":"https:\/\/agribiomix.com\/es\/wp-json\/wp\/v2\/product"}],"about":[{"href":"https:\/\/agribiomix.com\/es\/wp-json\/wp\/v2\/types\/product"}],"wp:featuredmedia":[{"embeddable":true,"href":"https:\/\/agribiomix.com\/es\/wp-json\/wp\/v2\/media\/4376"}],"wp:attachment":[{"href":"https:\/\/agribiomix.com\/es\/wp-json\/wp\/v2\/media?parent=4644"}],"wp:term":[{"taxonomy":"product_brand","embeddable":true,"href":"https:\/\/agribiomix.com\/es\/wp-json\/wp\/v2\/product_brand?post=4644"},{"taxonomy":"product_cat","embeddable":true,"href":"https:\/\/agribiomix.com\/es\/wp-json\/wp\/v2\/product_cat?post=4644"},{"taxonomy":"product_tag","embeddable":true,"href":"https:\/\/agribiomix.com\/es\/wp-json\/wp\/v2\/product_tag?post=4644"}],"curies":[{"name":"wp","href":"https:\/\/api.w.org\/{rel}","templated":true}]}}