{"id":4636,"date":"2026-01-22T17:35:13","date_gmt":"2026-01-22T16:35:13","guid":{"rendered":"https:\/\/agribiomix.com\/produit\/2500-m%c2%b2-pack-inversor-microbosque-de-produccion\/"},"modified":"2026-01-22T17:35:13","modified_gmt":"2026-01-22T16:35:13","slug":"2500-m%c2%b2-pack-inversor-microbosque-de-produccion","status":"publish","type":"product","link":"https:\/\/agribiomix.com\/es\/produit\/2500-m%c2%b2-pack-inversor-microbosque-de-produccion\/","title":{"rendered":"2500 m\u00b2 Pack Inversor: Microbosque de producci\u00f3n"},"content":{"rendered":"<p data-path-to-node=\"36\"><b data-path-to-node=\"36\" data-index-in-node=\"0\">Una aut\u00e9ntica unidad de producci\u00f3n vegetal:<\/b><\/p>\n<ul data-path-to-node=\"37\">\n<li>\n<p data-path-to-node=\"37,0,0\"><b data-path-to-node=\"37,0,0\" data-index-in-node=\"0\">1.200 Miscanthus:<\/b> Suficiente para cubrir con mantillo 1 hect\u00e1rea de cultivos o producir el equivalente energ\u00e9tico de 500L de fuel-oil\/a\u00f1o.<\/p>\n<\/li>\n<li>\n<p data-path-to-node=\"37,1,0\"><b data-path-to-node=\"37,1,0\" data-index-in-node=\"0\">400 Sauces:<\/b> Una barrera visual y mel\u00edfera impenetrable.<\/p>\n<\/li>\n<li>\n<p data-path-to-node=\"37,2,0\"><b data-path-to-node=\"37,2,0\" data-index-in-node=\"0\">60 \u00e1lamos + 40 paulownias:<\/b> un bosque mixto de alta densidad para la tala rotativa de troncos <a href=\"https:\/\/www.agroforesterie.fr\/la-trogne-arbre-paysan-aux-mille-usages\/\">(t\u00e9cnica de Trogne<\/a>).<\/p>\n<\/li>\n<\/ul>\n<p data-path-to-node=\"38\"><b data-path-to-node=\"38\" data-index-in-node=\"0\">Log\u00edstica y plantaci\u00f3n:<\/b> Este paquete se entrega en un pal\u00e9. Suministramos el diagrama de densidad para optimizar el espacio (las hileras intermedias permiten el paso de un microtractor si se desea). <\/p>\n<p data-path-to-node=\"38\">Para la venta al por menor de miscanthus, consulta la<a href=\"https:\/\/agribiomix.com\/es\/produit\/rizomas-de-miscanthus\/\"> ficha de producto dedicada <\/a> <\/p>\n<p data-path-to-node=\"38\">Para comparar con nuestros otros packs de autonom\u00eda de biomasa: <a href=\"https:\/\/agribiomix.com\/es\/convierte-tu-terreno-en-un-activo-estrategico-autonomia-energetica-y-vegetal\/\">consulta el art\u00edculo <\/a> <\/p>\n","protected":false},"excerpt":{"rendered":"<p data-path-to-node=\"33,0\">La soluci\u00f3n llave en mano para a\u00f1adir valor a 1\/4 de hect\u00e1rea. Convi\u00e9rtete en tu propio proveedor de energ\u00eda. Dise\u00f1ado para una gesti\u00f3n mecanizada o manual optimizada.  <\/p>\n<ul data-path-to-node=\"33,1\">\n<li>\n<p data-path-to-node=\"33,1,0,0\"><b data-path-to-node=\"33,1,0,0\" data-index-in-node=\"0\">Objetivo:<\/b> Autonom\u00eda total de calefacci\u00f3n (en funci\u00f3n del aislamiento).<\/p>\n<\/li>\n<li>\n<p data-path-to-node=\"33,1,1,0\"><b data-path-to-node=\"33,1,1,0\" data-index-in-node=\"0\">Volumen:<\/b> ~1700 plantas seleccionadas: Miscanthus, Paulownia, \u00c1lamo, Sauce.<\/p>\n<\/li>\n<li>\n<p data-path-to-node=\"33,1,2,0\"><b data-path-to-node=\"33,1,2,0\" data-index-in-node=\"0\">Servicio:<\/b> Incluye asistencia t\u00e9cnica telef\u00f3nica.<\/p>\n<\/li>\n<\/ul>\n","protected":false},"featured_media":4385,"template":"","meta":{"site-sidebar-layout":"default","site-content-layout":"","ast-site-content-layout":"default","site-content-style":"default","site-sidebar-style":"default","ast-global-header-display":"","ast-banner-title-visibility":"","ast-main-header-display":"","ast-hfb-above-header-display":"","ast-hfb-below-header-display":"","ast-hfb-mobile-header-display":"","site-post-title":"","ast-breadcrumbs-content":"","ast-featured-img":"","footer-sml-layout":"","ast-disable-related-posts":"","theme-transparent-header-meta":"default","adv-header-id-meta":"","stick-header-meta":"default","header-above-stick-meta":"","header-main-stick-meta":"","header-below-stick-meta":"","astra-migrate-meta-layouts":"default","ast-page-background-enabled":"default","ast-page-background-meta":{"desktop":{"background-color":"","background-image":"","background-repeat":"repeat","background-position":"center center","background-size":"auto","background-attachment":"scroll","background-type":"","background-media":"","overlay-type":"","overlay-color":"","overlay-opacity":"","overlay-gradient":""},"tablet":{"background-color":"","background-image":"","background-repeat":"repeat","background-position":"center center","background-size":"auto","background-attachment":"scroll","background-type":"","background-media":"","overlay-type":"","overlay-color":"","overlay-opacity":"","overlay-gradient":""},"mobile":{"background-color":"","background-image":"","background-repeat":"repeat","background-position":"center center","background-size":"auto","background-attachment":"scroll","background-type":"","background-media":"","overlay-type":"","overlay-color":"","overlay-opacity":"","overlay-gradient":""}},"ast-content-background-meta":{"desktop":{"background-color":"var(--ast-global-color-5)","background-image":"","background-repeat":"repeat","background-position":"center center","background-size":"auto","background-attachment":"scroll","background-type":"","background-media":"","overlay-type":"","overlay-color":"","overlay-opacity":"","overlay-gradient":""},"tablet":{"background-color":"var(--ast-global-color-5)","background-image":"","background-repeat":"repeat","background-position":"center center","background-size":"auto","background-attachment":"scroll","background-type":"","background-media":"","overlay-type":"","overlay-color":"","overlay-opacity":"","overlay-gradient":""},"mobile":{"background-color":"var(--ast-global-color-5)","background-image":"","background-repeat":"repeat","background-position":"center center","background-size":"auto","background-attachment":"scroll","background-type":"","background-media":"","overlay-type":"","overlay-color":"","overlay-opacity":"","overlay-gradient":""}}},"product_brand":[],"product_cat":[100],"product_tag":[],"class_list":{"0":"post-4636","1":"product","2":"type-product","3":"status-publish","4":"has-post-thumbnail","6":"product_cat-pack-autonomia-biomasa","7":"desktop-align-left","8":"tablet-align-left","9":"mobile-align-left","10":"ast-product-gallery-layout-horizontal-slider","11":"ast-product-gallery-with-no-image","12":"ast-product-tabs-layout-horizontal","13":"ast-qv-on-image","15":"first","16":"instock","17":"sale","18":"taxable","19":"shipping-taxable","20":"purchasable","21":"product-type-simple"},"yoast_head":"<!-- This site is optimized with the Yoast SEO Premium plugin v22.7 (Yoast SEO v26.8) - https:\/\/yoast.com\/product\/yoast-seo-premium-wordpress\/ -->\n<title>2500 m\u00b2 Pack Inversor: Microbosque de producci\u00f3n<\/title>\n<meta name=\"description\" content=\"A\u00f1ade valor a 0,25 ha de terreno con este kit llave en mano. 1700 plantas para una autonom\u00eda total de calefacci\u00f3n y revegetaci\u00f3n. Altamente rentable.\" \/>\n<meta name=\"robots\" content=\"index, follow, max-snippet:-1, max-image-preview:large, max-video-preview:-1\" \/>\n<link rel=\"canonical\" href=\"https:\/\/agribiomix.com\/es\/produit\/2500-m%c2%b2-pack-inversor-microbosque-de-produccion\/\" \/>\n<meta property=\"og:locale\" content=\"es_ES\" \/>\n<meta property=\"og:type\" content=\"article\" \/>\n<meta property=\"og:title\" content=\"2500 m\u00b2 Pack Inversor: Microbosque de producci\u00f3n\" \/>\n<meta property=\"og:description\" content=\"A\u00f1ade valor a 0,25 ha de terreno con este kit llave en mano. 1700 plantas para una autonom\u00eda total de calefacci\u00f3n y revegetaci\u00f3n. Altamente rentable.\" \/>\n<meta property=\"og:url\" content=\"https:\/\/agribiomix.com\/es\/produit\/2500-m%c2%b2-pack-inversor-microbosque-de-produccion\/\" \/>\n<meta property=\"og:site_name\" content=\"AGRIBIOMIX\" \/>\n<meta property=\"og:image\" content=\"https:\/\/i0.wp.com\/agribiomix.com\/wp-content\/uploads\/2026\/01\/Pack-biomasse-2500m2.webp?fit=1024%2C1024&ssl=1\" \/>\n\t<meta property=\"og:image:width\" content=\"1024\" \/>\n\t<meta property=\"og:image:height\" content=\"1024\" \/>\n\t<meta property=\"og:image:type\" content=\"image\/webp\" \/>\n<meta name=\"twitter:card\" content=\"summary_large_image\" \/>\n<meta name=\"twitter:label1\" content=\"Precio\" \/>\n\t<meta name=\"twitter:data1\" content=\"1 001,20&euro; 949,00&euro; HT\" \/>\n\t<meta name=\"twitter:label2\" content=\"Disponibilidad\" \/>\n\t<meta name=\"twitter:data2\" content=\"Disponible\" \/>\n<script type=\"application\/ld+json\" class=\"yoast-schema-graph\">{\"@context\":\"https:\/\/schema.org\",\"@graph\":[{\"@type\":\"WebPage\",\"@id\":\"https:\/\/agribiomix.com\/es\/produit\/2500-m%c2%b2-pack-inversor-microbosque-de-produccion\/\",\"url\":\"https:\/\/agribiomix.com\/es\/produit\/2500-m%c2%b2-pack-inversor-microbosque-de-produccion\/\",\"name\":\"2500 m\u00b2 Pack Inversor: Microbosque de producci\u00f3n\",\"isPartOf\":{\"@id\":\"https:\/\/agribiomix.com\/es\/#website\"},\"primaryImageOfPage\":{\"@id\":\"https:\/\/agribiomix.com\/es\/produit\/2500-m%c2%b2-pack-inversor-microbosque-de-produccion\/#primaryimage\"},\"image\":{\"@id\":\"https:\/\/agribiomix.com\/es\/produit\/2500-m%c2%b2-pack-inversor-microbosque-de-produccion\/#primaryimage\"},\"thumbnailUrl\":\"https:\/\/agribiomix.com\/wp-content\/uploads\/2026\/01\/Pack-biomasse-2500m2.webp\",\"datePublished\":\"2026-01-22T16:35:13+00:00\",\"description\":\"A\u00f1ade valor a 0,25 ha de terreno con este kit llave en mano. 1700 plantas para una autonom\u00eda total de calefacci\u00f3n y revegetaci\u00f3n. Altamente rentable.\",\"breadcrumb\":{\"@id\":\"https:\/\/agribiomix.com\/es\/produit\/2500-m%c2%b2-pack-inversor-microbosque-de-produccion\/#breadcrumb\"},\"inLanguage\":\"es\",\"potentialAction\":[{\"@type\":\"ReadAction\",\"target\":[\"https:\/\/agribiomix.com\/es\/produit\/2500-m%c2%b2-pack-inversor-microbosque-de-produccion\/\"]}]},{\"@type\":\"ImageObject\",\"inLanguage\":\"es\",\"@id\":\"https:\/\/agribiomix.com\/es\/produit\/2500-m%c2%b2-pack-inversor-microbosque-de-produccion\/#primaryimage\",\"url\":\"https:\/\/agribiomix.com\/wp-content\/uploads\/2026\/01\/Pack-biomasse-2500m2.webp\",\"contentUrl\":\"https:\/\/agribiomix.com\/wp-content\/uploads\/2026\/01\/Pack-biomasse-2500m2.webp\",\"width\":1024,\"height\":1024,\"caption\":\"A\u00f1ade valor a 0,25 ha de terreno con este kit llave en mano. 1700 plantas para una autonom\u00eda total de calefacci\u00f3n y revegetaci\u00f3n. Muy rentable. Ideal para un rinc\u00f3n del campo o un descampado.\"},{\"@type\":\"BreadcrumbList\",\"@id\":\"https:\/\/agribiomix.com\/es\/produit\/2500-m%c2%b2-pack-inversor-microbosque-de-produccion\/#breadcrumb\",\"itemListElement\":[{\"@type\":\"ListItem\",\"position\":1,\"name\":\"Accueil\",\"item\":\"https:\/\/agribiomix.com\/es\/\"},{\"@type\":\"ListItem\",\"position\":2,\"name\":\"Tienda\",\"item\":\"https:\/\/agribiomix.com\/es\/tienda\/\"},{\"@type\":\"ListItem\",\"position\":3,\"name\":\"2500 m\u00b2 Pack Inversor: Microbosque de producci\u00f3n\"}]},{\"@type\":\"WebSite\",\"@id\":\"https:\/\/agribiomix.com\/es\/#website\",\"url\":\"https:\/\/agribiomix.com\/es\/\",\"name\":\"AGRIBIOMIX\",\"description\":\"Biomasse agricole\",\"publisher\":{\"@id\":\"https:\/\/agribiomix.com\/es\/#organization\"},\"potentialAction\":[{\"@type\":\"SearchAction\",\"target\":{\"@type\":\"EntryPoint\",\"urlTemplate\":\"https:\/\/agribiomix.com\/es\/?s={search_term_string}\"},\"query-input\":{\"@type\":\"PropertyValueSpecification\",\"valueRequired\":true,\"valueName\":\"search_term_string\"}}],\"inLanguage\":\"es\"},{\"@type\":\"Organization\",\"@id\":\"https:\/\/agribiomix.com\/es\/#organization\",\"name\":\"AGRIBIOMIX\",\"url\":\"https:\/\/agribiomix.com\/es\/\",\"logo\":{\"@type\":\"ImageObject\",\"inLanguage\":\"es\",\"@id\":\"https:\/\/agribiomix.com\/es\/#\/schema\/logo\/image\/\",\"url\":\"https:\/\/agribiomix.com\/wp-content\/uploads\/2023\/06\/AGRIBIOMIX-1-2.png\",\"contentUrl\":\"https:\/\/agribiomix.com\/wp-content\/uploads\/2023\/06\/AGRIBIOMIX-1-2.png\",\"width\":151,\"height\":134,\"caption\":\"AGRIBIOMIX\"},\"image\":{\"@id\":\"https:\/\/agribiomix.com\/es\/#\/schema\/logo\/image\/\"}}]}<\/script>\n<meta property=\"product:price:amount\" content=\"1001.20\" \/>\n<meta property=\"product:price:currency\" content=\"EUR\" \/>\n<meta property=\"og:availability\" content=\"instock\" \/>\n<meta property=\"product:availability\" content=\"instock\" \/>\n<meta property=\"product:retailer_item_id\" content=\"PACK-2500\" \/>\n<meta property=\"product:condition\" content=\"new\" \/>\n<!-- \/ Yoast SEO Premium plugin. -->","yoast_head_json":{"title":"2500 m\u00b2 Pack Inversor: Microbosque de producci\u00f3n","description":"A\u00f1ade valor a 0,25 ha de terreno con este kit llave en mano. 1700 plantas para una autonom\u00eda total de calefacci\u00f3n y revegetaci\u00f3n. Altamente rentable.","robots":{"index":"index","follow":"follow","max-snippet":"max-snippet:-1","max-image-preview":"max-image-preview:large","max-video-preview":"max-video-preview:-1"},"canonical":"https:\/\/agribiomix.com\/es\/produit\/2500-m%c2%b2-pack-inversor-microbosque-de-produccion\/","og_locale":"es_ES","og_type":"article","og_title":"2500 m\u00b2 Pack Inversor: Microbosque de producci\u00f3n","og_description":"A\u00f1ade valor a 0,25 ha de terreno con este kit llave en mano. 1700 plantas para una autonom\u00eda total de calefacci\u00f3n y revegetaci\u00f3n. Altamente rentable.","og_url":"https:\/\/agribiomix.com\/es\/produit\/2500-m%c2%b2-pack-inversor-microbosque-de-produccion\/","og_site_name":"AGRIBIOMIX","og_image":[{"width":1024,"height":1024,"url":"https:\/\/i0.wp.com\/agribiomix.com\/wp-content\/uploads\/2026\/01\/Pack-biomasse-2500m2.webp?fit=1024%2C1024&ssl=1","type":"image\/webp"}],"twitter_card":"summary_large_image","twitter_misc":{"Precio":"1 001,20&euro; 949,00&euro; HT","Disponibilidad":"Disponible"},"schema":{"@context":"https:\/\/schema.org","@graph":[{"@type":"WebPage","@id":"https:\/\/agribiomix.com\/es\/produit\/2500-m%c2%b2-pack-inversor-microbosque-de-produccion\/","url":"https:\/\/agribiomix.com\/es\/produit\/2500-m%c2%b2-pack-inversor-microbosque-de-produccion\/","name":"2500 m\u00b2 Pack Inversor: Microbosque de producci\u00f3n","isPartOf":{"@id":"https:\/\/agribiomix.com\/es\/#website"},"primaryImageOfPage":{"@id":"https:\/\/agribiomix.com\/es\/produit\/2500-m%c2%b2-pack-inversor-microbosque-de-produccion\/#primaryimage"},"image":{"@id":"https:\/\/agribiomix.com\/es\/produit\/2500-m%c2%b2-pack-inversor-microbosque-de-produccion\/#primaryimage"},"thumbnailUrl":"https:\/\/agribiomix.com\/wp-content\/uploads\/2026\/01\/Pack-biomasse-2500m2.webp","datePublished":"2026-01-22T16:35:13+00:00","description":"A\u00f1ade valor a 0,25 ha de terreno con este kit llave en mano. 1700 plantas para una autonom\u00eda total de calefacci\u00f3n y revegetaci\u00f3n. Altamente rentable.","breadcrumb":{"@id":"https:\/\/agribiomix.com\/es\/produit\/2500-m%c2%b2-pack-inversor-microbosque-de-produccion\/#breadcrumb"},"inLanguage":"es","potentialAction":[{"@type":"ReadAction","target":["https:\/\/agribiomix.com\/es\/produit\/2500-m%c2%b2-pack-inversor-microbosque-de-produccion\/"]}]},{"@type":"ImageObject","inLanguage":"es","@id":"https:\/\/agribiomix.com\/es\/produit\/2500-m%c2%b2-pack-inversor-microbosque-de-produccion\/#primaryimage","url":"https:\/\/agribiomix.com\/wp-content\/uploads\/2026\/01\/Pack-biomasse-2500m2.webp","contentUrl":"https:\/\/agribiomix.com\/wp-content\/uploads\/2026\/01\/Pack-biomasse-2500m2.webp","width":1024,"height":1024,"caption":"A\u00f1ade valor a 0,25 ha de terreno con este kit llave en mano. 1700 plantas para una autonom\u00eda total de calefacci\u00f3n y revegetaci\u00f3n. Muy rentable. Ideal para un rinc\u00f3n del campo o un descampado."},{"@type":"BreadcrumbList","@id":"https:\/\/agribiomix.com\/es\/produit\/2500-m%c2%b2-pack-inversor-microbosque-de-produccion\/#breadcrumb","itemListElement":[{"@type":"ListItem","position":1,"name":"Accueil","item":"https:\/\/agribiomix.com\/es\/"},{"@type":"ListItem","position":2,"name":"Tienda","item":"https:\/\/agribiomix.com\/es\/tienda\/"},{"@type":"ListItem","position":3,"name":"2500 m\u00b2 Pack Inversor: Microbosque de producci\u00f3n"}]},{"@type":"WebSite","@id":"https:\/\/agribiomix.com\/es\/#website","url":"https:\/\/agribiomix.com\/es\/","name":"AGRIBIOMIX","description":"Biomasse agricole","publisher":{"@id":"https:\/\/agribiomix.com\/es\/#organization"},"potentialAction":[{"@type":"SearchAction","target":{"@type":"EntryPoint","urlTemplate":"https:\/\/agribiomix.com\/es\/?s={search_term_string}"},"query-input":{"@type":"PropertyValueSpecification","valueRequired":true,"valueName":"search_term_string"}}],"inLanguage":"es"},{"@type":"Organization","@id":"https:\/\/agribiomix.com\/es\/#organization","name":"AGRIBIOMIX","url":"https:\/\/agribiomix.com\/es\/","logo":{"@type":"ImageObject","inLanguage":"es","@id":"https:\/\/agribiomix.com\/es\/#\/schema\/logo\/image\/","url":"https:\/\/agribiomix.com\/wp-content\/uploads\/2023\/06\/AGRIBIOMIX-1-2.png","contentUrl":"https:\/\/agribiomix.com\/wp-content\/uploads\/2023\/06\/AGRIBIOMIX-1-2.png","width":151,"height":134,"caption":"AGRIBIOMIX"},"image":{"@id":"https:\/\/agribiomix.com\/es\/#\/schema\/logo\/image\/"}}]},"product_price_amount":"1001.20","product_price_currency":"EUR","og_availability":"instock","product_availability":"instock","product_retailer_item_id":"PACK-2500","product_condition":"new"},"_links":{"self":[{"href":"https:\/\/agribiomix.com\/es\/wp-json\/wp\/v2\/product\/4636","targetHints":{"allow":["GET"]}}],"collection":[{"href":"https:\/\/agribiomix.com\/es\/wp-json\/wp\/v2\/product"}],"about":[{"href":"https:\/\/agribiomix.com\/es\/wp-json\/wp\/v2\/types\/product"}],"wp:featuredmedia":[{"embeddable":true,"href":"https:\/\/agribiomix.com\/es\/wp-json\/wp\/v2\/media\/4385"}],"wp:attachment":[{"href":"https:\/\/agribiomix.com\/es\/wp-json\/wp\/v2\/media?parent=4636"}],"wp:term":[{"taxonomy":"product_brand","embeddable":true,"href":"https:\/\/agribiomix.com\/es\/wp-json\/wp\/v2\/product_brand?post=4636"},{"taxonomy":"product_cat","embeddable":true,"href":"https:\/\/agribiomix.com\/es\/wp-json\/wp\/v2\/product_cat?post=4636"},{"taxonomy":"product_tag","embeddable":true,"href":"https:\/\/agribiomix.com\/es\/wp-json\/wp\/v2\/product_tag?post=4636"}],"curies":[{"name":"wp","href":"https:\/\/api.w.org\/{rel}","templated":true}]}}