{"id":4632,"date":"2023-03-01T12:48:20","date_gmt":"2023-03-01T11:48:20","guid":{"rendered":"https:\/\/agribiomix.com\/produit\/sauce-salix-viminalis\/"},"modified":"2026-02-02T16:50:26","modified_gmt":"2026-02-02T15:50:26","slug":"sauce-salix-viminalis","status":"publish","type":"product","link":"https:\/\/agribiomix.com\/es\/produit\/sauce-salix-viminalis\/","title":{"rendered":"Sauce Salix Viminalis"},"content":{"rendered":"<h1 data-path-to-node=\"7\">Lote de 100 plantas de Sauce<i data-path-to-node=\"7\" data-index-in-node=\"41\">(Salix Viminalis<\/i>) &#8211; Esquejes certificados<\/h1>\n<p data-path-to-node=\"8\"><b data-path-to-node=\"8\" data-index-in-node=\"0\">El sauce vers\u00e1til por excelencia: biomasa de alto rendimiento o cester\u00eda fina.<\/b><\/p>\n<p data-path-to-node=\"9\">Este paquete contiene <b data-path-to-node=\"9\" data-index-in-node=\"16\">100 esquejes<\/b> <i data-path-to-node=\"9\" data-index-in-node=\"49\">de Salix Viminalis<\/i> <b data-path-to-node=\"9\" data-index-in-node=\"16\">listos para plantar<\/b>. Esta vigorosa variedad es la referencia absoluta tanto para la producci\u00f3n de le\u00f1a (TCR\/TTCR) como para la artesan\u00eda (creaci\u00f3n de cestas, muebles, plessis).<\/p>\n<h3 data-path-to-node=\"10\">\u00bfPor qu\u00e9 elegir nuestras plantas preparadas Agribiomix?<\/h3>\n<p data-path-to-node=\"11\">No vendemos plantas latentes, sino <b data-path-to-node=\"11\" data-index-in-node=\"49\">frescas<\/b>. Tus plantas se preparan con tijeras de podar tras la validaci\u00f3n de tu pedido para garantizar una tasa de recuperaci\u00f3n cercana <b data-path-to-node=\"11\" data-index-in-node=\"175\">al 100%<\/b>.<\/p>\n<ul data-path-to-node=\"12\">\n<li>\n<p data-path-to-node=\"12,0,0\">\u2705 <b data-path-to-node=\"12,0,0\" data-index-in-node=\"2\">Innovaci\u00f3n \u00abError Cero\u00bb:<\/b> Cada esqueje (20-22 cm) tiene una <b data-path-to-node=\"12,0,0\" data-index-in-node=\"67\">punta pintada de blanco<\/b>. Este marcador indica la parte superior del tallo para evitar plantar al rev\u00e9s, al tiempo que cura el esqueje contra la desecaci\u00f3n y las enfermedades.<\/p>\n<\/li>\n<li>\n<p data-path-to-node=\"12,1,0\">\u2705 <b data-path-to-node=\"12,1,0\" data-index-in-node=\"2\">Garant\u00eda sanitaria:<\/b> Todos nuestros lotes van acompa\u00f1ados del <b data-path-to-node=\"12,1,0\" data-index-in-node=\"59\">Pasaporte Fitosanitario<\/b> Europeo, que certifica la ausencia de virus y enfermedades espec\u00edficos del sauce.<\/p>\n<\/li>\n<li>\n<p data-path-to-node=\"12,2,0\">\u2705 <b data-path-to-node=\"12,2,0\" data-index-in-node=\"2\">Doble uso :<\/b><\/p>\n<ul data-path-to-node=\"12,2,1\">\n<li>\n<p data-path-to-node=\"12,2,1,0,0\"><b data-path-to-node=\"12,2,1,0,0\" data-index-in-node=\"0\">Mimbre:<\/b> Producido a partir de hebras largas, flexibles y resistentes, ideal para tejer y plantar muebles.<\/p>\n<\/li>\n<li>\n<p data-path-to-node=\"12,2,1,1,0\"><b data-path-to-node=\"12,2,1,1,0\" data-index-in-node=\"0\">Biomasa:<\/b> Crecimiento ultrarr\u00e1pido para la recuperaci\u00f3n de energ\u00eda.<\/p>\n<\/li>\n<\/ul>\n<\/li>\n<\/ul>\n<hr data-path-to-node=\"13\" \/>\n<h3 data-path-to-node=\"14\">Itinerario t\u00e9cnico y cultural<\/h3>\n<ul data-path-to-node=\"15\">\n<li>\n<p data-path-to-node=\"15,0,0\"><b data-path-to-node=\"15,0,0\" data-index-in-node=\"0\">Densidad de plantaci\u00f3n (biomasa):<\/b> Aproximadamente <b data-path-to-node=\"15,0,0\" data-index-in-node=\"43\">45.000 plantas\/hect\u00e1rea<\/b> para un rendimiento \u00f3ptimo en monte bajo denso.<\/p>\n<\/li>\n<li>\n<p data-path-to-node=\"15,1,0\"><b data-path-to-node=\"15,1,0\" data-index-in-node=\"0\">Periodo de plantaci\u00f3n:<\/b> De oto\u00f1o a finales de abril (excepto en periodos de heladas).<\/p>\n<\/li>\n<li>\n<p data-path-to-node=\"15,2,0\"><b data-path-to-node=\"15,2,0\" data-index-in-node=\"0\">Consejo tard\u00edo:<\/b> Para cualquier plantaci\u00f3n despu\u00e9s del 1 de abril, recomendamos remojar los esquejes en agua durante 24 horas antes de plantarlos para reactivar el flujo de savia.<\/p>\n<\/li>\n<\/ul>\n<p data-path-to-node=\"16\"><b data-path-to-node=\"16\" data-index-in-node=\"0\">Almacenamiento antes de plantar:<\/b> Si no plantas inmediatamente, mant\u00e9n tus esquejes frescos (m\u00e1x. +5\u00b0C) y alejados de la luz. Evita absolutamente la exposici\u00f3n al roc\u00edo o a la humedad c\u00e1lida para no desencadenar una germinaci\u00f3n prematura en la superficie.<\/p>\n<hr data-path-to-node=\"17\" \/>\n<h3 data-path-to-node=\"18\">Enfoque Agricultor: Cultivo TCR \/ TTCR<\/h3>\n<p data-path-to-node=\"19\">El Sauce de Vanniers es una especie importante para el <b data-path-to-node=\"19\" data-index-in-node=\"65\"><a href=\"https:\/\/agribiomix.com\/es\/el-monte-bajo-de-rotacion-corta-srt-frente-al-monte-bajo-de-rotacion-muy-corta-vscr-cuales-son-las-diferencias\/\">monte bajo de rotaci\u00f3n corta (TCR<\/a> ) o de rotaci\u00f3n muy corta (TTCR)<\/b>. Este m\u00e9todo agroforestal ofrece grandes ventajas econ\u00f3micas y ecol\u00f3gicas:<\/p>\n<ol start=\"1\" data-path-to-node=\"20\">\n<li>\n<p data-path-to-node=\"20,0,0\"><b data-path-to-node=\"20,0,0\" data-index-in-node=\"0\">Rentabilidad energ\u00e9tica:<\/b> Producci\u00f3n masiva de biomasa y dendroenerg\u00eda. Los ciclos de recolecci\u00f3n (de 2 a 20 a\u00f1os seg\u00fan el di\u00e1metro deseado) garantizan ingresos recurrentes.<\/p>\n<\/li>\n<li>\n<p data-path-to-node=\"20,1,0\"><b data-path-to-node=\"20,1,0\" data-index-in-node=\"0\">Servicios ecosist\u00e9micos:<\/b> El denso sistema radicular del Salix combate eficazmente la erosi\u00f3n del suelo y favorece la infiltraci\u00f3n del agua.<\/p>\n<\/li>\n<li>\n<p data-path-to-node=\"20,2,0\"><b data-path-to-node=\"20,2,0\" data-index-in-node=\"0\">Rusticidad:<\/b> Una especie todoterreno, capaz de sacar el m\u00e1ximo partido de los suelos h\u00famedos o dif\u00edciles, a la vez que secuestra carbono a largo plazo.<\/p>\n<\/li>\n<\/ol>\n","protected":false},"excerpt":{"rendered":"<ul>\n<li>Lote de 100 ramas de sauce Salix Viminalis, o sauce canasta<\/li>\n<li>Ramas de 20 a 22 cm, de 35 a 45 gramos listas para plantar<\/li>\n<li>Aproximadamente 45.000 plantas necesarias para 1 hect\u00e1rea de TTCR<\/li>\n<li>DISPONIBILIDAD: marzo-abril de 2026<\/li>\n<li>Gu\u00e1rdalo en un lugar fresco (+5 grados como m\u00e1ximo) y h\u00famedo<\/li>\n<li>Con pasaporte fitosanitario<\/li>\n<\/ul>\n","protected":false},"featured_media":5121,"template":"","meta":{"site-sidebar-layout":"default","site-content-layout":"default","ast-site-content-layout":"default","site-content-style":"default","site-sidebar-style":"default","ast-global-header-display":"","ast-banner-title-visibility":"","ast-main-header-display":"","ast-hfb-above-header-display":"","ast-hfb-below-header-display":"","ast-hfb-mobile-header-display":"","site-post-title":"","ast-breadcrumbs-content":"","ast-featured-img":"","footer-sml-layout":"","ast-disable-related-posts":"","theme-transparent-header-meta":"default","adv-header-id-meta":"","stick-header-meta":"default","header-above-stick-meta":"","header-main-stick-meta":"","header-below-stick-meta":"","astra-migrate-meta-layouts":"set","ast-page-background-enabled":"default","ast-page-background-meta":{"desktop":{"background-color":"","background-image":"","background-repeat":"repeat","background-position":"center center","background-size":"auto","background-attachment":"scroll","background-type":"","background-media":"","overlay-type":"","overlay-color":"","overlay-opacity":"","overlay-gradient":""},"tablet":{"background-color":"","background-image":"","background-repeat":"repeat","background-position":"center center","background-size":"auto","background-attachment":"scroll","background-type":"","background-media":"","overlay-type":"","overlay-color":"","overlay-opacity":"","overlay-gradient":""},"mobile":{"background-color":"","background-image":"","background-repeat":"repeat","background-position":"center center","background-size":"auto","background-attachment":"scroll","background-type":"","background-media":"","overlay-type":"","overlay-color":"","overlay-opacity":"","overlay-gradient":""}},"ast-content-background-meta":{"desktop":{"background-color":"var(--ast-global-color-5)","background-image":"","background-repeat":"repeat","background-position":"center center","background-size":"auto","background-attachment":"scroll","background-type":"","background-media":"","overlay-type":"","overlay-color":"","overlay-opacity":"","overlay-gradient":""},"tablet":{"background-color":"var(--ast-global-color-5)","background-image":"","background-repeat":"repeat","background-position":"center center","background-size":"auto","background-attachment":"scroll","background-type":"","background-media":"","overlay-type":"","overlay-color":"","overlay-opacity":"","overlay-gradient":""},"mobile":{"background-color":"var(--ast-global-color-5)","background-image":"","background-repeat":"repeat","background-position":"center center","background-size":"auto","background-attachment":"scroll","background-type":"","background-media":"","overlay-type":"","overlay-color":"","overlay-opacity":"","overlay-gradient":""}}},"product_brand":[],"product_cat":[107],"product_tag":[],"class_list":{"0":"post-4632","1":"product","2":"type-product","3":"status-publish","4":"has-post-thumbnail","6":"product_cat-energia-de-biomasa","7":"desktop-align-left","8":"tablet-align-left","9":"mobile-align-left","10":"ast-product-gallery-layout-horizontal-slider","11":"ast-product-gallery-with-no-image","12":"ast-product-tabs-layout-horizontal","13":"ast-qv-on-image","15":"first","16":"instock","17":"taxable","18":"shipping-taxable","19":"purchasable","20":"product-type-simple"},"yoast_head":"<!-- This site is optimized with the Yoast SEO Premium plugin v22.7 (Yoast SEO v26.8) - https:\/\/yoast.com\/product\/yoast-seo-premium-wordpress\/ -->\n<title>Sauce Salix Viminalis - AGRIBIOMIX<\/title>\n<meta name=\"description\" content=\"Pl\u00e1ntulas de sauce Salix Viminalis para la producci\u00f3n de biomasa, ideales para su uso en RCW o CRW, adaptadas a los climas frescos y h\u00famedos del norte de Francia.\" \/>\n<meta name=\"robots\" content=\"index, follow, max-snippet:-1, max-image-preview:large, max-video-preview:-1\" \/>\n<link rel=\"canonical\" href=\"https:\/\/agribiomix.com\/es\/produit\/sauce-salix-viminalis\/\" \/>\n<meta property=\"og:locale\" content=\"es_ES\" \/>\n<meta property=\"og:type\" content=\"article\" \/>\n<meta property=\"og:title\" content=\"Sauce Salix Viminalis\" \/>\n<meta property=\"og:description\" content=\"Pl\u00e1ntulas de sauce Salix Viminalis para la producci\u00f3n de biomasa, ideales para su uso en RCW o CRW, adaptadas a los climas frescos y h\u00famedos del norte de Francia.\" \/>\n<meta property=\"og:url\" content=\"https:\/\/agribiomix.com\/es\/produit\/sauce-salix-viminalis\/\" \/>\n<meta property=\"og:site_name\" content=\"AGRIBIOMIX\" \/>\n<meta property=\"article:modified_time\" content=\"2026-02-02T15:50:26+00:00\" \/>\n<meta property=\"og:image\" content=\"https:\/\/agribiomix.com\/wp-content\/uploads\/2026\/02\/Saule-x100-1-1.webp\" \/>\n\t<meta property=\"og:image:width\" content=\"467\" \/>\n\t<meta property=\"og:image:height\" content=\"350\" \/>\n\t<meta property=\"og:image:type\" content=\"image\/webp\" \/>\n<meta name=\"twitter:card\" content=\"summary_large_image\" \/>\n<meta name=\"twitter:label1\" content=\"Precio\" \/>\n\t<meta name=\"twitter:data1\" content=\"33,76&euro; 32,00&euro; HT\" \/>\n\t<meta name=\"twitter:label2\" content=\"Disponibilidad\" \/>\n\t<meta name=\"twitter:data2\" content=\"Disponible\" \/>\n<script type=\"application\/ld+json\" class=\"yoast-schema-graph\">{\"@context\":\"https:\/\/schema.org\",\"@graph\":[{\"@type\":\"WebPage\",\"@id\":\"https:\/\/agribiomix.com\/es\/produit\/sauce-salix-viminalis\/\",\"url\":\"https:\/\/agribiomix.com\/es\/produit\/sauce-salix-viminalis\/\",\"name\":\"Sauce Salix Viminalis - AGRIBIOMIX\",\"isPartOf\":{\"@id\":\"https:\/\/agribiomix.com\/es\/#website\"},\"primaryImageOfPage\":{\"@id\":\"https:\/\/agribiomix.com\/es\/produit\/sauce-salix-viminalis\/#primaryimage\"},\"image\":{\"@id\":\"https:\/\/agribiomix.com\/es\/produit\/sauce-salix-viminalis\/#primaryimage\"},\"thumbnailUrl\":\"https:\/\/agribiomix.com\/wp-content\/uploads\/2026\/02\/Saule-x100-1-1.webp\",\"datePublished\":\"2023-03-01T11:48:20+00:00\",\"dateModified\":\"2026-02-02T15:50:26+00:00\",\"description\":\"Pl\u00e1ntulas de sauce Salix Viminalis para la producci\u00f3n de biomasa, ideales para su uso en RCW o CRW, adaptadas a los climas frescos y h\u00famedos del norte de Francia.\",\"breadcrumb\":{\"@id\":\"https:\/\/agribiomix.com\/es\/produit\/sauce-salix-viminalis\/#breadcrumb\"},\"inLanguage\":\"es\",\"potentialAction\":[{\"@type\":\"ReadAction\",\"target\":[\"https:\/\/agribiomix.com\/es\/produit\/sauce-salix-viminalis\/\"]}]},{\"@type\":\"ImageObject\",\"inLanguage\":\"es\",\"@id\":\"https:\/\/agribiomix.com\/es\/produit\/sauce-salix-viminalis\/#primaryimage\",\"url\":\"https:\/\/agribiomix.com\/wp-content\/uploads\/2026\/02\/Saule-x100-1-1.webp\",\"contentUrl\":\"https:\/\/agribiomix.com\/wp-content\/uploads\/2026\/02\/Saule-x100-1-1.webp\",\"width\":467,\"height\":350,\"caption\":\"Saule des vanniers ou salix viminalis vendu en lot de 100 plan\u00e7ons pr\u00eat \u00e0 planter\"},{\"@type\":\"BreadcrumbList\",\"@id\":\"https:\/\/agribiomix.com\/es\/produit\/sauce-salix-viminalis\/#breadcrumb\",\"itemListElement\":[{\"@type\":\"ListItem\",\"position\":1,\"name\":\"Accueil\",\"item\":\"https:\/\/agribiomix.com\/es\/\"},{\"@type\":\"ListItem\",\"position\":2,\"name\":\"Tienda\",\"item\":\"https:\/\/agribiomix.com\/es\/tienda\/\"},{\"@type\":\"ListItem\",\"position\":3,\"name\":\"Sauce Salix Viminalis\"}]},{\"@type\":\"WebSite\",\"@id\":\"https:\/\/agribiomix.com\/es\/#website\",\"url\":\"https:\/\/agribiomix.com\/es\/\",\"name\":\"AGRIBIOMIX\",\"description\":\"Biomasse agricole\",\"publisher\":{\"@id\":\"https:\/\/agribiomix.com\/es\/#organization\"},\"potentialAction\":[{\"@type\":\"SearchAction\",\"target\":{\"@type\":\"EntryPoint\",\"urlTemplate\":\"https:\/\/agribiomix.com\/es\/?s={search_term_string}\"},\"query-input\":{\"@type\":\"PropertyValueSpecification\",\"valueRequired\":true,\"valueName\":\"search_term_string\"}}],\"inLanguage\":\"es\"},{\"@type\":\"Organization\",\"@id\":\"https:\/\/agribiomix.com\/es\/#organization\",\"name\":\"AGRIBIOMIX\",\"url\":\"https:\/\/agribiomix.com\/es\/\",\"logo\":{\"@type\":\"ImageObject\",\"inLanguage\":\"es\",\"@id\":\"https:\/\/agribiomix.com\/es\/#\/schema\/logo\/image\/\",\"url\":\"https:\/\/agribiomix.com\/wp-content\/uploads\/2023\/06\/AGRIBIOMIX-1-2.png\",\"contentUrl\":\"https:\/\/agribiomix.com\/wp-content\/uploads\/2023\/06\/AGRIBIOMIX-1-2.png\",\"width\":151,\"height\":134,\"caption\":\"AGRIBIOMIX\"},\"image\":{\"@id\":\"https:\/\/agribiomix.com\/es\/#\/schema\/logo\/image\/\"}}]}<\/script>\n<meta property=\"product:price:amount\" content=\"33.76\" \/>\n<meta property=\"product:price:currency\" content=\"EUR\" \/>\n<meta property=\"og:availability\" content=\"instock\" \/>\n<meta property=\"product:availability\" content=\"instock\" \/>\n<meta property=\"product:retailer_item_id\" content=\"SAU\" \/>\n<meta property=\"product:condition\" content=\"new\" \/>\n<!-- \/ Yoast SEO Premium plugin. -->","yoast_head_json":{"title":"Sauce Salix Viminalis - AGRIBIOMIX","description":"Pl\u00e1ntulas de sauce Salix Viminalis para la producci\u00f3n de biomasa, ideales para su uso en RCW o CRW, adaptadas a los climas frescos y h\u00famedos del norte de Francia.","robots":{"index":"index","follow":"follow","max-snippet":"max-snippet:-1","max-image-preview":"max-image-preview:large","max-video-preview":"max-video-preview:-1"},"canonical":"https:\/\/agribiomix.com\/es\/produit\/sauce-salix-viminalis\/","og_locale":"es_ES","og_type":"article","og_title":"Sauce Salix Viminalis","og_description":"Pl\u00e1ntulas de sauce Salix Viminalis para la producci\u00f3n de biomasa, ideales para su uso en RCW o CRW, adaptadas a los climas frescos y h\u00famedos del norte de Francia.","og_url":"https:\/\/agribiomix.com\/es\/produit\/sauce-salix-viminalis\/","og_site_name":"AGRIBIOMIX","article_modified_time":"2026-02-02T15:50:26+00:00","og_image":[{"width":467,"height":350,"url":"https:\/\/agribiomix.com\/wp-content\/uploads\/2026\/02\/Saule-x100-1-1.webp","type":"image\/webp"}],"twitter_card":"summary_large_image","twitter_misc":{"Precio":"33,76&euro; 32,00&euro; HT","Disponibilidad":"Disponible"},"schema":{"@context":"https:\/\/schema.org","@graph":[{"@type":"WebPage","@id":"https:\/\/agribiomix.com\/es\/produit\/sauce-salix-viminalis\/","url":"https:\/\/agribiomix.com\/es\/produit\/sauce-salix-viminalis\/","name":"Sauce Salix Viminalis - AGRIBIOMIX","isPartOf":{"@id":"https:\/\/agribiomix.com\/es\/#website"},"primaryImageOfPage":{"@id":"https:\/\/agribiomix.com\/es\/produit\/sauce-salix-viminalis\/#primaryimage"},"image":{"@id":"https:\/\/agribiomix.com\/es\/produit\/sauce-salix-viminalis\/#primaryimage"},"thumbnailUrl":"https:\/\/agribiomix.com\/wp-content\/uploads\/2026\/02\/Saule-x100-1-1.webp","datePublished":"2023-03-01T11:48:20+00:00","dateModified":"2026-02-02T15:50:26+00:00","description":"Pl\u00e1ntulas de sauce Salix Viminalis para la producci\u00f3n de biomasa, ideales para su uso en RCW o CRW, adaptadas a los climas frescos y h\u00famedos del norte de Francia.","breadcrumb":{"@id":"https:\/\/agribiomix.com\/es\/produit\/sauce-salix-viminalis\/#breadcrumb"},"inLanguage":"es","potentialAction":[{"@type":"ReadAction","target":["https:\/\/agribiomix.com\/es\/produit\/sauce-salix-viminalis\/"]}]},{"@type":"ImageObject","inLanguage":"es","@id":"https:\/\/agribiomix.com\/es\/produit\/sauce-salix-viminalis\/#primaryimage","url":"https:\/\/agribiomix.com\/wp-content\/uploads\/2026\/02\/Saule-x100-1-1.webp","contentUrl":"https:\/\/agribiomix.com\/wp-content\/uploads\/2026\/02\/Saule-x100-1-1.webp","width":467,"height":350,"caption":"Saule des vanniers ou salix viminalis vendu en lot de 100 plan\u00e7ons pr\u00eat \u00e0 planter"},{"@type":"BreadcrumbList","@id":"https:\/\/agribiomix.com\/es\/produit\/sauce-salix-viminalis\/#breadcrumb","itemListElement":[{"@type":"ListItem","position":1,"name":"Accueil","item":"https:\/\/agribiomix.com\/es\/"},{"@type":"ListItem","position":2,"name":"Tienda","item":"https:\/\/agribiomix.com\/es\/tienda\/"},{"@type":"ListItem","position":3,"name":"Sauce Salix Viminalis"}]},{"@type":"WebSite","@id":"https:\/\/agribiomix.com\/es\/#website","url":"https:\/\/agribiomix.com\/es\/","name":"AGRIBIOMIX","description":"Biomasse agricole","publisher":{"@id":"https:\/\/agribiomix.com\/es\/#organization"},"potentialAction":[{"@type":"SearchAction","target":{"@type":"EntryPoint","urlTemplate":"https:\/\/agribiomix.com\/es\/?s={search_term_string}"},"query-input":{"@type":"PropertyValueSpecification","valueRequired":true,"valueName":"search_term_string"}}],"inLanguage":"es"},{"@type":"Organization","@id":"https:\/\/agribiomix.com\/es\/#organization","name":"AGRIBIOMIX","url":"https:\/\/agribiomix.com\/es\/","logo":{"@type":"ImageObject","inLanguage":"es","@id":"https:\/\/agribiomix.com\/es\/#\/schema\/logo\/image\/","url":"https:\/\/agribiomix.com\/wp-content\/uploads\/2023\/06\/AGRIBIOMIX-1-2.png","contentUrl":"https:\/\/agribiomix.com\/wp-content\/uploads\/2023\/06\/AGRIBIOMIX-1-2.png","width":151,"height":134,"caption":"AGRIBIOMIX"},"image":{"@id":"https:\/\/agribiomix.com\/es\/#\/schema\/logo\/image\/"}}]},"product_price_amount":"33.76","product_price_currency":"EUR","og_availability":"instock","product_availability":"instock","product_retailer_item_id":"SAU","product_condition":"new"},"_links":{"self":[{"href":"https:\/\/agribiomix.com\/es\/wp-json\/wp\/v2\/product\/4632","targetHints":{"allow":["GET"]}}],"collection":[{"href":"https:\/\/agribiomix.com\/es\/wp-json\/wp\/v2\/product"}],"about":[{"href":"https:\/\/agribiomix.com\/es\/wp-json\/wp\/v2\/types\/product"}],"wp:featuredmedia":[{"embeddable":true,"href":"https:\/\/agribiomix.com\/es\/wp-json\/wp\/v2\/media\/5121"}],"wp:attachment":[{"href":"https:\/\/agribiomix.com\/es\/wp-json\/wp\/v2\/media?parent=4632"}],"wp:term":[{"taxonomy":"product_brand","embeddable":true,"href":"https:\/\/agribiomix.com\/es\/wp-json\/wp\/v2\/product_brand?post=4632"},{"taxonomy":"product_cat","embeddable":true,"href":"https:\/\/agribiomix.com\/es\/wp-json\/wp\/v2\/product_cat?post=4632"},{"taxonomy":"product_tag","embeddable":true,"href":"https:\/\/agribiomix.com\/es\/wp-json\/wp\/v2\/product_tag?post=4632"}],"curies":[{"name":"wp","href":"https:\/\/api.w.org\/{rel}","templated":true}]}}