{"id":4579,"date":"2026-01-22T17:24:03","date_gmt":"2026-01-22T16:24:03","guid":{"rendered":"https:\/\/agribiomix.com\/produit\/pack-autonomia-100-m%c2%b2-mulching-e-iluminacion-kit-completo\/"},"modified":"2026-01-22T17:24:03","modified_gmt":"2026-01-22T16:24:03","slug":"pack-autonomia-100-m%c2%b2-mulching-e-iluminacion-kit-completo","status":"publish","type":"product","link":"https:\/\/agribiomix.com\/es\/produit\/pack-autonomia-100-m%c2%b2-mulching-e-iluminacion-kit-completo\/","title":{"rendered":"Pack Autonom\u00eda 100 m\u00b2: Mulching e Iluminaci\u00f3n (Kit Completo)"},"content":{"rendered":"<p data-path-to-node=\"12\"><b data-path-to-node=\"12\" data-index-in-node=\"0\">Qu\u00e9 hay en tu paquete :<\/b><\/p>\n<ul data-path-to-node=\"13\">\n<li>\n<p data-path-to-node=\"13,0,0\"><b data-path-to-node=\"13,0,0\" data-index-in-node=\"0\">50 rizomas de Miscanthus Giganteus:<\/b> Para crear una \u00abplaya\u00bb de mantillo al sur.<\/p>\n<\/li>\n<li>\n<p data-path-to-node=\"13,1,0\"><b data-path-to-node=\"13,1,0\" data-index-in-node=\"0\">20 Plantas de sauce canasta (Salix viminalis):<\/b> Para matorrales densos y bosques peque\u00f1os.<\/p>\n<\/li>\n<li>\n<p data-path-to-node=\"13,2,0\"><b data-path-to-node=\"13,2,0\" data-index-in-node=\"0\">3 \u00c1lamos (Robusta H275):<\/b> Para estructurar el seto en altura.<\/p>\n<\/li>\n<li>\n<p data-path-to-node=\"13,3,0\"><b data-path-to-node=\"13,3,0\" data-index-in-node=\"0\">2 Paulownias (ra\u00edz desnuda):<\/b> El toque est\u00e9tico con hojas grandes (sombra r\u00e1pida).<\/p>\n<\/li>\n<li>\n<p data-path-to-node=\"13,4,0\"><b data-path-to-node=\"13,4,0\" data-index-in-node=\"0\">BONUS:<\/b> El plan de plantaci\u00f3n en PDF \u00abDise\u00f1a la Permacultura\u00bb (enviado por correo electr\u00f3nico).<\/p>\n<\/li>\n<\/ul>\n<p data-path-to-node=\"14\"><b data-path-to-node=\"14\" data-index-in-node=\"0\">\u00bfPor qu\u00e9 elegir este paquete?<\/b> Por el precio de 10 bolsas de mantillo en un centro de jardiner\u00eda, compras la fuente que te proporcionar\u00e1 este mantillo de <i data-path-to-node=\"14\" data-index-in-node=\"131\">por vida<\/i>. Es la inversi\u00f3n m\u00e1s rentable para los jardineros aficionados. <\/p>\n<p data-path-to-node=\"14\">Para comparar los packs, consulta nuestro art\u00edculo<a href=\"https:\/\/agribiomix.com\/es\/convierte-tu-terreno-en-un-activo-estrategico-autonomia-energetica-y-vegetal\/\">\u00abConvierte tu terreno en un activo estrat\u00e9gico: autonom\u00eda energ\u00e9tica y vegetal<\/a>\u00ab.<\/p>\n","protected":false},"excerpt":{"rendered":"<p data-path-to-node=\"9,0\">Convierte 100 m\u00b2 de c\u00e9sped en una zona productiva. Este kit contiene todo lo que necesitas para producir tu propio <b data-path-to-node=\"9,0\" data-index-in-node=\"112\">mantillo<\/b> (se acabaron las largas compras) y <b data-path-to-node=\"9,0\" data-index-in-node=\"155\">le\u00f1a<\/b>. <\/p>\n<ul data-path-to-node=\"9,1\">\n<li>\n<p data-path-to-node=\"9,1,0,0\"><b data-path-to-node=\"9,1,0,0\" data-index-in-node=\"0\">Producci\u00f3n:<\/b> ~500 litros de mantillo\/a\u00f1o + madera peque\u00f1a.<\/p>\n<\/li>\n<li>\n<p data-path-to-node=\"9,1,1,0\"><b data-path-to-node=\"9,1,1,0\" data-index-in-node=\"0\">Mantenimiento:<\/b> 2 horas al a\u00f1o.<\/p>\n<\/li>\n<li>\n<p data-path-to-node=\"9,1,2,0\"><b data-path-to-node=\"9,1,2,0\" data-index-in-node=\"0\">Incluye:<\/b> 75 plantas certificadas (Miscanthus, Paulownia, \u00c1lamo, Sauce.) + Gu\u00eda de plantaci\u00f3n.<\/p>\n<\/li>\n<\/ul>\n","protected":false},"featured_media":4379,"template":"","meta":{"site-sidebar-layout":"default","site-content-layout":"","ast-site-content-layout":"default","site-content-style":"default","site-sidebar-style":"default","ast-global-header-display":"","ast-banner-title-visibility":"","ast-main-header-display":"","ast-hfb-above-header-display":"","ast-hfb-below-header-display":"","ast-hfb-mobile-header-display":"","site-post-title":"","ast-breadcrumbs-content":"","ast-featured-img":"","footer-sml-layout":"","ast-disable-related-posts":"","theme-transparent-header-meta":"default","adv-header-id-meta":"","stick-header-meta":"default","header-above-stick-meta":"","header-main-stick-meta":"","header-below-stick-meta":"","astra-migrate-meta-layouts":"default","ast-page-background-enabled":"default","ast-page-background-meta":{"desktop":{"background-color":"","background-image":"","background-repeat":"repeat","background-position":"center center","background-size":"auto","background-attachment":"scroll","background-type":"","background-media":"","overlay-type":"","overlay-color":"","overlay-opacity":"","overlay-gradient":""},"tablet":{"background-color":"","background-image":"","background-repeat":"repeat","background-position":"center center","background-size":"auto","background-attachment":"scroll","background-type":"","background-media":"","overlay-type":"","overlay-color":"","overlay-opacity":"","overlay-gradient":""},"mobile":{"background-color":"","background-image":"","background-repeat":"repeat","background-position":"center center","background-size":"auto","background-attachment":"scroll","background-type":"","background-media":"","overlay-type":"","overlay-color":"","overlay-opacity":"","overlay-gradient":""}},"ast-content-background-meta":{"desktop":{"background-color":"var(--ast-global-color-5)","background-image":"","background-repeat":"repeat","background-position":"center center","background-size":"auto","background-attachment":"scroll","background-type":"","background-media":"","overlay-type":"","overlay-color":"","overlay-opacity":"","overlay-gradient":""},"tablet":{"background-color":"var(--ast-global-color-5)","background-image":"","background-repeat":"repeat","background-position":"center center","background-size":"auto","background-attachment":"scroll","background-type":"","background-media":"","overlay-type":"","overlay-color":"","overlay-opacity":"","overlay-gradient":""},"mobile":{"background-color":"var(--ast-global-color-5)","background-image":"","background-repeat":"repeat","background-position":"center center","background-size":"auto","background-attachment":"scroll","background-type":"","background-media":"","overlay-type":"","overlay-color":"","overlay-opacity":"","overlay-gradient":""}}},"product_brand":[],"product_cat":[100],"product_tag":[102,101,103],"class_list":{"0":"post-4579","1":"product","2":"type-product","3":"status-publish","4":"has-post-thumbnail","6":"product_cat-pack-autonomia-biomasa","7":"product_tag-alamo","8":"product_tag-miscanthus-es","9":"product_tag-sauce","10":"desktop-align-left","11":"tablet-align-left","12":"mobile-align-left","13":"ast-product-gallery-layout-horizontal-slider","14":"ast-product-gallery-with-no-image","15":"ast-product-tabs-layout-horizontal","16":"ast-qv-on-image","18":"first","19":"instock","20":"sale","21":"taxable","22":"shipping-taxable","23":"purchasable","24":"product-type-simple"},"yoast_head":"<!-- This site is optimized with the Yoast SEO Premium plugin v22.7 (Yoast SEO v26.8) - https:\/\/yoast.com\/product\/yoast-seo-premium-wordpress\/ -->\n<title>Pack Autonom\u00eda 100 m\u00b2: Mulching e Iluminaci\u00f3n (Kit Completo)<\/title>\n<meta name=\"description\" content=\"\u00a1Deja de comprar lonas de mantillo! Este paquete (Miscanthus + Sauce + \u00c1lamo) convierte 100 m\u00b2 en una fuente de mantillo y le\u00f1a. Rentable en 2 a\u00f1os.\" \/>\n<meta name=\"robots\" content=\"index, follow, max-snippet:-1, max-image-preview:large, max-video-preview:-1\" \/>\n<link rel=\"canonical\" href=\"https:\/\/agribiomix.com\/es\/produit\/pack-autonomia-100-m%c2%b2-mulching-e-iluminacion-kit-completo\/\" \/>\n<meta property=\"og:locale\" content=\"es_ES\" \/>\n<meta property=\"og:type\" content=\"article\" \/>\n<meta property=\"og:title\" content=\"Pack Autonom\u00eda 100 m\u00b2: Mulching e Iluminaci\u00f3n (Kit Completo)\" \/>\n<meta property=\"og:description\" content=\"\u00a1Deja de comprar lonas de mantillo! Este paquete (Miscanthus + Sauce + \u00c1lamo) convierte 100 m\u00b2 en una fuente de mantillo y le\u00f1a. Rentable en 2 a\u00f1os.\" \/>\n<meta property=\"og:url\" content=\"https:\/\/agribiomix.com\/es\/produit\/pack-autonomia-100-m%c2%b2-mulching-e-iluminacion-kit-completo\/\" \/>\n<meta property=\"og:site_name\" content=\"AGRIBIOMIX\" \/>\n<meta property=\"og:image\" content=\"https:\/\/i0.wp.com\/agribiomix.com\/wp-content\/uploads\/2026\/01\/Pack-biomasse-100m2.webp?fit=1024%2C1024&ssl=1\" \/>\n\t<meta property=\"og:image:width\" content=\"1024\" \/>\n\t<meta property=\"og:image:height\" content=\"1024\" \/>\n\t<meta property=\"og:image:type\" content=\"image\/webp\" \/>\n<meta name=\"twitter:card\" content=\"summary_large_image\" \/>\n<meta name=\"twitter:label1\" content=\"Precio\" \/>\n\t<meta name=\"twitter:data1\" content=\"52,64&euro; 49,90&euro; HT\" \/>\n\t<meta name=\"twitter:label2\" content=\"Disponibilidad\" \/>\n\t<meta name=\"twitter:data2\" content=\"Disponible\" \/>\n<script type=\"application\/ld+json\" class=\"yoast-schema-graph\">{\"@context\":\"https:\/\/schema.org\",\"@graph\":[{\"@type\":\"WebPage\",\"@id\":\"https:\/\/agribiomix.com\/es\/produit\/pack-autonomia-100-m%c2%b2-mulching-e-iluminacion-kit-completo\/\",\"url\":\"https:\/\/agribiomix.com\/es\/produit\/pack-autonomia-100-m%c2%b2-mulching-e-iluminacion-kit-completo\/\",\"name\":\"Pack Autonom\u00eda 100 m\u00b2: Mulching e Iluminaci\u00f3n (Kit Completo)\",\"isPartOf\":{\"@id\":\"https:\/\/agribiomix.com\/es\/#website\"},\"primaryImageOfPage\":{\"@id\":\"https:\/\/agribiomix.com\/es\/produit\/pack-autonomia-100-m%c2%b2-mulching-e-iluminacion-kit-completo\/#primaryimage\"},\"image\":{\"@id\":\"https:\/\/agribiomix.com\/es\/produit\/pack-autonomia-100-m%c2%b2-mulching-e-iluminacion-kit-completo\/#primaryimage\"},\"thumbnailUrl\":\"https:\/\/agribiomix.com\/wp-content\/uploads\/2026\/01\/Pack-biomasse-100m2.webp\",\"datePublished\":\"2026-01-22T16:24:03+00:00\",\"description\":\"\u00a1Deja de comprar lonas de mantillo! Este paquete (Miscanthus + Sauce + \u00c1lamo) convierte 100 m\u00b2 en una fuente de mantillo y le\u00f1a. Rentable en 2 a\u00f1os.\",\"breadcrumb\":{\"@id\":\"https:\/\/agribiomix.com\/es\/produit\/pack-autonomia-100-m%c2%b2-mulching-e-iluminacion-kit-completo\/#breadcrumb\"},\"inLanguage\":\"es\",\"potentialAction\":[{\"@type\":\"ReadAction\",\"target\":[\"https:\/\/agribiomix.com\/es\/produit\/pack-autonomia-100-m%c2%b2-mulching-e-iluminacion-kit-completo\/\"]}]},{\"@type\":\"ImageObject\",\"inLanguage\":\"es\",\"@id\":\"https:\/\/agribiomix.com\/es\/produit\/pack-autonomia-100-m%c2%b2-mulching-e-iluminacion-kit-completo\/#primaryimage\",\"url\":\"https:\/\/agribiomix.com\/wp-content\/uploads\/2026\/01\/Pack-biomasse-100m2.webp\",\"contentUrl\":\"https:\/\/agribiomix.com\/wp-content\/uploads\/2026\/01\/Pack-biomasse-100m2.webp\",\"width\":1024,\"height\":1024,\"caption\":\"Rhizomes de miscanthus, 100 plan\u00e7ons de saule, racine nue de Paulownia\"},{\"@type\":\"BreadcrumbList\",\"@id\":\"https:\/\/agribiomix.com\/es\/produit\/pack-autonomia-100-m%c2%b2-mulching-e-iluminacion-kit-completo\/#breadcrumb\",\"itemListElement\":[{\"@type\":\"ListItem\",\"position\":1,\"name\":\"Accueil\",\"item\":\"https:\/\/agribiomix.com\/es\/\"},{\"@type\":\"ListItem\",\"position\":2,\"name\":\"Tienda\",\"item\":\"https:\/\/agribiomix.com\/es\/tienda\/\"},{\"@type\":\"ListItem\",\"position\":3,\"name\":\"Pack Autonom\u00eda 100 m\u00b2: Mulching e Iluminaci\u00f3n (Kit Completo)\"}]},{\"@type\":\"WebSite\",\"@id\":\"https:\/\/agribiomix.com\/es\/#website\",\"url\":\"https:\/\/agribiomix.com\/es\/\",\"name\":\"AGRIBIOMIX\",\"description\":\"Biomasse agricole\",\"publisher\":{\"@id\":\"https:\/\/agribiomix.com\/es\/#organization\"},\"potentialAction\":[{\"@type\":\"SearchAction\",\"target\":{\"@type\":\"EntryPoint\",\"urlTemplate\":\"https:\/\/agribiomix.com\/es\/?s={search_term_string}\"},\"query-input\":{\"@type\":\"PropertyValueSpecification\",\"valueRequired\":true,\"valueName\":\"search_term_string\"}}],\"inLanguage\":\"es\"},{\"@type\":\"Organization\",\"@id\":\"https:\/\/agribiomix.com\/es\/#organization\",\"name\":\"AGRIBIOMIX\",\"url\":\"https:\/\/agribiomix.com\/es\/\",\"logo\":{\"@type\":\"ImageObject\",\"inLanguage\":\"es\",\"@id\":\"https:\/\/agribiomix.com\/es\/#\/schema\/logo\/image\/\",\"url\":\"https:\/\/agribiomix.com\/wp-content\/uploads\/2023\/06\/AGRIBIOMIX-1-2.png\",\"contentUrl\":\"https:\/\/agribiomix.com\/wp-content\/uploads\/2023\/06\/AGRIBIOMIX-1-2.png\",\"width\":151,\"height\":134,\"caption\":\"AGRIBIOMIX\"},\"image\":{\"@id\":\"https:\/\/agribiomix.com\/es\/#\/schema\/logo\/image\/\"}}]}<\/script>\n<meta property=\"product:price:amount\" content=\"52.64\" \/>\n<meta property=\"product:price:currency\" content=\"EUR\" \/>\n<meta property=\"og:availability\" content=\"instock\" \/>\n<meta property=\"product:availability\" content=\"instock\" \/>\n<meta property=\"product:retailer_item_id\" content=\"PACK-100\" \/>\n<meta property=\"product:condition\" content=\"new\" \/>\n<!-- \/ Yoast SEO Premium plugin. -->","yoast_head_json":{"title":"Pack Autonom\u00eda 100 m\u00b2: Mulching e Iluminaci\u00f3n (Kit Completo)","description":"\u00a1Deja de comprar lonas de mantillo! Este paquete (Miscanthus + Sauce + \u00c1lamo) convierte 100 m\u00b2 en una fuente de mantillo y le\u00f1a. Rentable en 2 a\u00f1os.","robots":{"index":"index","follow":"follow","max-snippet":"max-snippet:-1","max-image-preview":"max-image-preview:large","max-video-preview":"max-video-preview:-1"},"canonical":"https:\/\/agribiomix.com\/es\/produit\/pack-autonomia-100-m%c2%b2-mulching-e-iluminacion-kit-completo\/","og_locale":"es_ES","og_type":"article","og_title":"Pack Autonom\u00eda 100 m\u00b2: Mulching e Iluminaci\u00f3n (Kit Completo)","og_description":"\u00a1Deja de comprar lonas de mantillo! Este paquete (Miscanthus + Sauce + \u00c1lamo) convierte 100 m\u00b2 en una fuente de mantillo y le\u00f1a. Rentable en 2 a\u00f1os.","og_url":"https:\/\/agribiomix.com\/es\/produit\/pack-autonomia-100-m%c2%b2-mulching-e-iluminacion-kit-completo\/","og_site_name":"AGRIBIOMIX","og_image":[{"width":1024,"height":1024,"url":"https:\/\/i0.wp.com\/agribiomix.com\/wp-content\/uploads\/2026\/01\/Pack-biomasse-100m2.webp?fit=1024%2C1024&ssl=1","type":"image\/webp"}],"twitter_card":"summary_large_image","twitter_misc":{"Precio":"52,64&euro; 49,90&euro; HT","Disponibilidad":"Disponible"},"schema":{"@context":"https:\/\/schema.org","@graph":[{"@type":"WebPage","@id":"https:\/\/agribiomix.com\/es\/produit\/pack-autonomia-100-m%c2%b2-mulching-e-iluminacion-kit-completo\/","url":"https:\/\/agribiomix.com\/es\/produit\/pack-autonomia-100-m%c2%b2-mulching-e-iluminacion-kit-completo\/","name":"Pack Autonom\u00eda 100 m\u00b2: Mulching e Iluminaci\u00f3n (Kit Completo)","isPartOf":{"@id":"https:\/\/agribiomix.com\/es\/#website"},"primaryImageOfPage":{"@id":"https:\/\/agribiomix.com\/es\/produit\/pack-autonomia-100-m%c2%b2-mulching-e-iluminacion-kit-completo\/#primaryimage"},"image":{"@id":"https:\/\/agribiomix.com\/es\/produit\/pack-autonomia-100-m%c2%b2-mulching-e-iluminacion-kit-completo\/#primaryimage"},"thumbnailUrl":"https:\/\/agribiomix.com\/wp-content\/uploads\/2026\/01\/Pack-biomasse-100m2.webp","datePublished":"2026-01-22T16:24:03+00:00","description":"\u00a1Deja de comprar lonas de mantillo! Este paquete (Miscanthus + Sauce + \u00c1lamo) convierte 100 m\u00b2 en una fuente de mantillo y le\u00f1a. Rentable en 2 a\u00f1os.","breadcrumb":{"@id":"https:\/\/agribiomix.com\/es\/produit\/pack-autonomia-100-m%c2%b2-mulching-e-iluminacion-kit-completo\/#breadcrumb"},"inLanguage":"es","potentialAction":[{"@type":"ReadAction","target":["https:\/\/agribiomix.com\/es\/produit\/pack-autonomia-100-m%c2%b2-mulching-e-iluminacion-kit-completo\/"]}]},{"@type":"ImageObject","inLanguage":"es","@id":"https:\/\/agribiomix.com\/es\/produit\/pack-autonomia-100-m%c2%b2-mulching-e-iluminacion-kit-completo\/#primaryimage","url":"https:\/\/agribiomix.com\/wp-content\/uploads\/2026\/01\/Pack-biomasse-100m2.webp","contentUrl":"https:\/\/agribiomix.com\/wp-content\/uploads\/2026\/01\/Pack-biomasse-100m2.webp","width":1024,"height":1024,"caption":"Rhizomes de miscanthus, 100 plan\u00e7ons de saule, racine nue de Paulownia"},{"@type":"BreadcrumbList","@id":"https:\/\/agribiomix.com\/es\/produit\/pack-autonomia-100-m%c2%b2-mulching-e-iluminacion-kit-completo\/#breadcrumb","itemListElement":[{"@type":"ListItem","position":1,"name":"Accueil","item":"https:\/\/agribiomix.com\/es\/"},{"@type":"ListItem","position":2,"name":"Tienda","item":"https:\/\/agribiomix.com\/es\/tienda\/"},{"@type":"ListItem","position":3,"name":"Pack Autonom\u00eda 100 m\u00b2: Mulching e Iluminaci\u00f3n (Kit Completo)"}]},{"@type":"WebSite","@id":"https:\/\/agribiomix.com\/es\/#website","url":"https:\/\/agribiomix.com\/es\/","name":"AGRIBIOMIX","description":"Biomasse agricole","publisher":{"@id":"https:\/\/agribiomix.com\/es\/#organization"},"potentialAction":[{"@type":"SearchAction","target":{"@type":"EntryPoint","urlTemplate":"https:\/\/agribiomix.com\/es\/?s={search_term_string}"},"query-input":{"@type":"PropertyValueSpecification","valueRequired":true,"valueName":"search_term_string"}}],"inLanguage":"es"},{"@type":"Organization","@id":"https:\/\/agribiomix.com\/es\/#organization","name":"AGRIBIOMIX","url":"https:\/\/agribiomix.com\/es\/","logo":{"@type":"ImageObject","inLanguage":"es","@id":"https:\/\/agribiomix.com\/es\/#\/schema\/logo\/image\/","url":"https:\/\/agribiomix.com\/wp-content\/uploads\/2023\/06\/AGRIBIOMIX-1-2.png","contentUrl":"https:\/\/agribiomix.com\/wp-content\/uploads\/2023\/06\/AGRIBIOMIX-1-2.png","width":151,"height":134,"caption":"AGRIBIOMIX"},"image":{"@id":"https:\/\/agribiomix.com\/es\/#\/schema\/logo\/image\/"}}]},"product_price_amount":"52.64","product_price_currency":"EUR","og_availability":"instock","product_availability":"instock","product_retailer_item_id":"PACK-100","product_condition":"new"},"_links":{"self":[{"href":"https:\/\/agribiomix.com\/es\/wp-json\/wp\/v2\/product\/4579","targetHints":{"allow":["GET"]}}],"collection":[{"href":"https:\/\/agribiomix.com\/es\/wp-json\/wp\/v2\/product"}],"about":[{"href":"https:\/\/agribiomix.com\/es\/wp-json\/wp\/v2\/types\/product"}],"wp:featuredmedia":[{"embeddable":true,"href":"https:\/\/agribiomix.com\/es\/wp-json\/wp\/v2\/media\/4379"}],"wp:attachment":[{"href":"https:\/\/agribiomix.com\/es\/wp-json\/wp\/v2\/media?parent=4579"}],"wp:term":[{"taxonomy":"product_brand","embeddable":true,"href":"https:\/\/agribiomix.com\/es\/wp-json\/wp\/v2\/product_brand?post=4579"},{"taxonomy":"product_cat","embeddable":true,"href":"https:\/\/agribiomix.com\/es\/wp-json\/wp\/v2\/product_cat?post=4579"},{"taxonomy":"product_tag","embeddable":true,"href":"https:\/\/agribiomix.com\/es\/wp-json\/wp\/v2\/product_tag?post=4579"}],"curies":[{"name":"wp","href":"https:\/\/api.w.org\/{rel}","templated":true}]}}