{"id":4578,"date":"2023-03-31T22:48:48","date_gmt":"2023-03-31T20:48:48","guid":{"rendered":"https:\/\/agribiomix.com\/produit\/plantas-de-paulownia-tomentosa\/"},"modified":"2026-02-02T11:01:51","modified_gmt":"2026-02-02T10:01:51","slug":"plantas-de-paulownia-tomentosa","status":"publish","type":"product","link":"https:\/\/agribiomix.com\/es\/produit\/plantas-de-paulownia-tomentosa\/","title":{"rendered":"Plantas de Paulownia Tomentosa"},"content":{"rendered":"<h1>Paulownia Tomentosa: \u00c1rbol de crecimiento r\u00e1pido con fines ornamentales o madereros<\/h1>\n<p>La planta Paulownia Tomentosa es ideal para los agricultores que deseen cultivar \u00e1rboles de crecimiento r\u00e1pido para la producci\u00f3n de madera, o para los jardineros particulares que busquen un \u00e1rbol mel\u00edfero y colorido.<\/p>\n<h2>Caracter\u00edsticas<\/h2>\n<ul>\n<li>Especie : Paulownia Tomentosa<\/li>\n<li>Altura en la madurez: de 15 a 20 metros<\/li>\n<li>Di\u00e1metro en la madurez: de 30 a 40 cm<\/li>\n<li>Crecimiento r\u00e1pido: hasta 4 metros al a\u00f1o<\/li>\n<li>Resistencia al fr\u00edo: hasta -15\u00b0C<\/li>\n<li>Alternativas: Fortunei, <a href=\"https:\/producto\/plantas-de-paulownia-shantong\/\">Shantong<\/a><\/li>\n<\/ul>\n<h2>Envases<\/h2>\n<p>Las plantas de Paulownia Tomentosa se venden en macetas de 9&#215;9 cm. Los pedidos pueden enviarse a cualquier lugar de Francia continental. Ten en cuenta que durante el invierno las hojas de una Paulownia se caen, por lo que recibir\u00e1s una maceta con una rama podada, lista para reanudarse en primavera.  <\/p>\n<h2>Resumen<\/h2>\n<p><a href=\"https:\/\/www.srs.fs.usda.gov\/pubs\/misc\/ag_654\/volume_2\/paulownia\/tomentosa.htm\">La Paulownia Tomentosa<\/a> es un \u00e1rbol de crecimiento r\u00e1pido originario de Asia. Es apreciado por su capacidad de absorber grandes cantidades de CO2 y producir ox\u00edgeno, as\u00ed como por su madera ligera y resistente. Nuestras plantas de Paulownia Tomentosa se seleccionan cuidadosamente para garantizar un crecimiento r\u00e1pido y una madera de buena calidad.  <\/p>\n<ul>\n<li>Crecimiento r\u00e1pido: Esta variedad es conocida por su crecimiento excepcionalmente r\u00e1pido. Puede alcanzar la madurez en tan s\u00f3lo 7 a 10 a\u00f1os, lo que es considerablemente m\u00e1s r\u00e1pido que muchos otros \u00e1rboles. <\/li>\n<li>Tolerancia a distintos suelos y climas: P. tomentosa es capaz de crecer en una amplia variedad de suelos y condiciones clim\u00e1ticas, lo que la convierte en una opci\u00f3n vers\u00e1til para plantar.<\/li>\n<li>Madera de calidad: la madera de P. tomentosa es ligera, fuerte y f\u00e1cil de trabajar. Es muy apreciada para fabricar muebles, instrumentos musicales y otros objetos. <\/li>\n<li>Buena capacidad de regeneraci\u00f3n: Tras la tala, la P. tomentosa es capaz de rebrotar del toc\u00f3n, lo que es beneficioso para la producci\u00f3n de madera de rotaci\u00f3n corta.<\/li>\n<\/ul>\n<div style=\"background-color: #fcfcfc; border: 1px solid #dcdcdc; border-left: 5px solid #1F8A5B; border-radius: 6px; padding: 30px; margin: 30px 0; box-shadow: 0 4px 6px rgba(0,0,0,0.04);\">\n<h3 style=\"color: #1f8a5b; margin-top: 0; margin-bottom: 10px; font-size: 1.3em; font-weight: bold;\">\u00bfNecesitas asesoramiento t\u00e9cnico?<\/h3>\n<p style=\"color: #555; font-size: 1em; line-height: 1.6; margin-top: 0; margin-bottom: 25px;\">Plantaci\u00f3n, poda, mantenimiento&#8230; Encuentra todas nuestras fichas t\u00e9cnicas detalladas en el Hub del Experto en Paulownia. <\/p>\n<p><a style=\"background-color: #1f8a5b; color: #ffffff !important; text-decoration: none !important; padding: 15px 30px; border-radius: 50px; font-weight: 600; font-size: 16px; line-height: 1.2; display: inline-block; box-shadow: 0 2px 4px rgba(31, 138, 91, 0.3);\" href=\"https:\/\/agribiomix.com\/es\/paulownia\/\" target=\"_blank\" rel=\"noopener\"><br \/>\n\u279c Accede a la Gu\u00eda T\u00e9cnica<br \/>\n<\/a><\/p>\n<\/div>\n<figure id=\"attachment_2238\" aria-describedby=\"caption-attachment-2238\" style=\"width: 1024px\" class=\"wp-caption aligncenter\"><img fetchpriority=\"high\" decoding=\"async\" class=\"wp-image-2238 size-large\" src=\"\/\/\/wp-content\/uploads\/2023\/06\/PAULOWNIA-1-1024x469.png\" alt=\"plantaci\u00f3n de paulownia\" width=\"1024\" height=\"469\" srcset=\"https:\/\/agribiomix.com\/wp-content\/uploads\/2023\/06\/PAULOWNIA-1-1024x469.png 1024w, https:\/\/agribiomix.com\/wp-content\/uploads\/2023\/06\/PAULOWNIA-1-300x137.png 300w, https:\/\/agribiomix.com\/wp-content\/uploads\/2023\/06\/PAULOWNIA-1-768x352.png 768w, https:\/\/agribiomix.com\/wp-content\/uploads\/2023\/06\/PAULOWNIA-1-1536x703.png 1536w, https:\/\/agribiomix.com\/wp-content\/uploads\/2023\/06\/PAULOWNIA-1-600x275.png 600w, https:\/\/agribiomix.com\/wp-content\/uploads\/2023\/06\/PAULOWNIA-1.png 1904w\" sizes=\"(max-width: 1024px) 100vw, 1024px\" \/><figcaption id=\"caption-attachment-2238\" class=\"wp-caption-text\">La Paulownia tomentosa puede plantarse en hileras de 5 a 10 metros de distancia en todas las direcciones.<\/figcaption><\/figure>\n","protected":false},"excerpt":{"rendered":"<p>&nbsp;<\/p>\n<ul>\n<li>Variedad Tomentosa<\/li>\n<li>Plantas en macetas de 9&#215;9 cm<\/li>\n<li>Se vende con garant\u00edas sanitarias<\/li>\n<li>Variedad resistente al fr\u00edo<\/li>\n<li>Para madera o energ\u00eda de biomasa.<\/li>\n<\/ul>\n<p>&nbsp;<\/p>\n","protected":false},"featured_media":4159,"template":"","meta":{"site-sidebar-layout":"default","site-content-layout":"default","ast-site-content-layout":"default","site-content-style":"default","site-sidebar-style":"default","ast-global-header-display":"","ast-banner-title-visibility":"","ast-main-header-display":"","ast-hfb-above-header-display":"","ast-hfb-below-header-display":"","ast-hfb-mobile-header-display":"","site-post-title":"","ast-breadcrumbs-content":"","ast-featured-img":"","footer-sml-layout":"","ast-disable-related-posts":"","theme-transparent-header-meta":"default","adv-header-id-meta":"","stick-header-meta":"default","header-above-stick-meta":"","header-main-stick-meta":"","header-below-stick-meta":"","astra-migrate-meta-layouts":"default","ast-page-background-enabled":"default","ast-page-background-meta":{"desktop":{"background-color":"","background-image":"","background-repeat":"repeat","background-position":"center center","background-size":"auto","background-attachment":"scroll","background-type":"","background-media":"","overlay-type":"","overlay-color":"","overlay-opacity":"","overlay-gradient":""},"tablet":{"background-color":"","background-image":"","background-repeat":"repeat","background-position":"center center","background-size":"auto","background-attachment":"scroll","background-type":"","background-media":"","overlay-type":"","overlay-color":"","overlay-opacity":"","overlay-gradient":""},"mobile":{"background-color":"","background-image":"","background-repeat":"repeat","background-position":"center center","background-size":"auto","background-attachment":"scroll","background-type":"","background-media":"","overlay-type":"","overlay-color":"","overlay-opacity":"","overlay-gradient":""}},"ast-content-background-meta":{"desktop":{"background-color":"var(--ast-global-color-5)","background-image":"","background-repeat":"repeat","background-position":"center center","background-size":"auto","background-attachment":"scroll","background-type":"","background-media":"","overlay-type":"","overlay-color":"","overlay-opacity":"","overlay-gradient":""},"tablet":{"background-color":"var(--ast-global-color-5)","background-image":"","background-repeat":"repeat","background-position":"center center","background-size":"auto","background-attachment":"scroll","background-type":"","background-media":"","overlay-type":"","overlay-color":"","overlay-opacity":"","overlay-gradient":""},"mobile":{"background-color":"var(--ast-global-color-5)","background-image":"","background-repeat":"repeat","background-position":"center center","background-size":"auto","background-attachment":"scroll","background-type":"","background-media":"","overlay-type":"","overlay-color":"","overlay-opacity":"","overlay-gradient":""}}},"product_brand":[],"product_cat":[99],"product_tag":[],"class_list":{"0":"post-4578","1":"product","2":"type-product","3":"status-publish","4":"has-post-thumbnail","6":"product_cat-plantas-para-biomateriales-y-eco-construccion-madera-aislantes","7":"desktop-align-left","8":"tablet-align-left","9":"mobile-align-left","10":"ast-product-gallery-layout-horizontal-slider","11":"ast-product-tabs-layout-horizontal","12":"ast-qv-on-image","14":"first","15":"outofstock","16":"taxable","17":"shipping-taxable","18":"purchasable","19":"product-type-simple"},"yoast_head":"<!-- This site is optimized with the Yoast SEO Premium plugin v22.7 (Yoast SEO v26.8) - https:\/\/yoast.com\/product\/yoast-seo-premium-wordpress\/ -->\n<title>Plantas de Paulownia Tomentosa - AGRIBIOMIX<\/title>\n<meta name=\"description\" content=\"Plantas de Paulownia tomentosa en macetas de 9x9 cm para la producci\u00f3n de biomasa o madera. \u00c1rbol Kiri, \u00e1rbol Impress. Vivero franc\u00e9s de paulownia.\" \/>\n<meta name=\"robots\" content=\"index, follow, max-snippet:-1, max-image-preview:large, max-video-preview:-1\" \/>\n<link rel=\"canonical\" href=\"https:\/\/agribiomix.com\/es\/produit\/plantas-de-paulownia-tomentosa\/\" \/>\n<meta property=\"og:locale\" content=\"es_ES\" \/>\n<meta property=\"og:type\" content=\"article\" \/>\n<meta property=\"og:title\" content=\"Plantas de Paulownia Tomentosa\" \/>\n<meta property=\"og:description\" content=\"Plantas de Paulownia tomentosa en macetas de 9x9 cm para la producci\u00f3n de biomasa o madera. \u00c1rbol Kiri, \u00e1rbol Impress. Vivero franc\u00e9s de paulownia.\" \/>\n<meta property=\"og:url\" content=\"https:\/\/agribiomix.com\/es\/produit\/plantas-de-paulownia-tomentosa\/\" \/>\n<meta property=\"og:site_name\" content=\"AGRIBIOMIX\" \/>\n<meta property=\"article:modified_time\" content=\"2026-02-02T10:01:51+00:00\" \/>\n<meta property=\"og:image\" content=\"https:\/\/i0.wp.com\/agribiomix.com\/wp-content\/uploads\/2024\/01\/Paulownia-Photoroom.webp?fit=1024%2C1024&ssl=1\" \/>\n\t<meta property=\"og:image:width\" content=\"1024\" \/>\n\t<meta property=\"og:image:height\" content=\"1024\" \/>\n\t<meta property=\"og:image:type\" content=\"image\/webp\" \/>\n<meta name=\"twitter:card\" content=\"summary_large_image\" \/>\n<meta name=\"twitter:label1\" content=\"Precio\" \/>\n\t<meta name=\"twitter:data1\" content=\"6,54&euro; 6,20&euro; HT\" \/>\n\t<meta name=\"twitter:label2\" content=\"Disponibilidad\" \/>\n\t<meta name=\"twitter:data2\" content=\"Sin existencias\" \/>\n<script type=\"application\/ld+json\" class=\"yoast-schema-graph\">{\"@context\":\"https:\/\/schema.org\",\"@graph\":[{\"@type\":\"WebPage\",\"@id\":\"https:\/\/agribiomix.com\/es\/produit\/plantas-de-paulownia-tomentosa\/\",\"url\":\"https:\/\/agribiomix.com\/es\/produit\/plantas-de-paulownia-tomentosa\/\",\"name\":\"Plantas de Paulownia Tomentosa - AGRIBIOMIX\",\"isPartOf\":{\"@id\":\"https:\/\/agribiomix.com\/es\/#website\"},\"primaryImageOfPage\":{\"@id\":\"https:\/\/agribiomix.com\/es\/produit\/plantas-de-paulownia-tomentosa\/#primaryimage\"},\"image\":{\"@id\":\"https:\/\/agribiomix.com\/es\/produit\/plantas-de-paulownia-tomentosa\/#primaryimage\"},\"thumbnailUrl\":\"https:\/\/agribiomix.com\/wp-content\/uploads\/2024\/01\/Paulownia-Photoroom.webp\",\"datePublished\":\"2023-03-31T20:48:48+00:00\",\"dateModified\":\"2026-02-02T10:01:51+00:00\",\"description\":\"Plantas de Paulownia tomentosa en macetas de 9x9 cm para la producci\u00f3n de biomasa o madera. \u00c1rbol Kiri, \u00e1rbol Impress. Vivero franc\u00e9s de paulownia.\",\"breadcrumb\":{\"@id\":\"https:\/\/agribiomix.com\/es\/produit\/plantas-de-paulownia-tomentosa\/#breadcrumb\"},\"inLanguage\":\"es\",\"potentialAction\":[{\"@type\":\"ReadAction\",\"target\":[\"https:\/\/agribiomix.com\/es\/produit\/plantas-de-paulownia-tomentosa\/\"]}]},{\"@type\":\"ImageObject\",\"inLanguage\":\"es\",\"@id\":\"https:\/\/agribiomix.com\/es\/produit\/plantas-de-paulownia-tomentosa\/#primaryimage\",\"url\":\"https:\/\/agribiomix.com\/wp-content\/uploads\/2024\/01\/Paulownia-Photoroom.webp\",\"contentUrl\":\"https:\/\/agribiomix.com\/wp-content\/uploads\/2024\/01\/Paulownia-Photoroom.webp\",\"width\":1024,\"height\":1024,\"caption\":\"Planta de paulwownia en maceta\"},{\"@type\":\"BreadcrumbList\",\"@id\":\"https:\/\/agribiomix.com\/es\/produit\/plantas-de-paulownia-tomentosa\/#breadcrumb\",\"itemListElement\":[{\"@type\":\"ListItem\",\"position\":1,\"name\":\"Accueil\",\"item\":\"https:\/\/agribiomix.com\/es\/\"},{\"@type\":\"ListItem\",\"position\":2,\"name\":\"Tienda\",\"item\":\"https:\/\/agribiomix.com\/es\/tienda\/\"},{\"@type\":\"ListItem\",\"position\":3,\"name\":\"Plantas de Paulownia Tomentosa\"}]},{\"@type\":\"WebSite\",\"@id\":\"https:\/\/agribiomix.com\/es\/#website\",\"url\":\"https:\/\/agribiomix.com\/es\/\",\"name\":\"AGRIBIOMIX\",\"description\":\"Biomasse agricole\",\"publisher\":{\"@id\":\"https:\/\/agribiomix.com\/es\/#organization\"},\"potentialAction\":[{\"@type\":\"SearchAction\",\"target\":{\"@type\":\"EntryPoint\",\"urlTemplate\":\"https:\/\/agribiomix.com\/es\/?s={search_term_string}\"},\"query-input\":{\"@type\":\"PropertyValueSpecification\",\"valueRequired\":true,\"valueName\":\"search_term_string\"}}],\"inLanguage\":\"es\"},{\"@type\":\"Organization\",\"@id\":\"https:\/\/agribiomix.com\/es\/#organization\",\"name\":\"AGRIBIOMIX\",\"url\":\"https:\/\/agribiomix.com\/es\/\",\"logo\":{\"@type\":\"ImageObject\",\"inLanguage\":\"es\",\"@id\":\"https:\/\/agribiomix.com\/es\/#\/schema\/logo\/image\/\",\"url\":\"https:\/\/agribiomix.com\/wp-content\/uploads\/2023\/06\/AGRIBIOMIX-1-2.png\",\"contentUrl\":\"https:\/\/agribiomix.com\/wp-content\/uploads\/2023\/06\/AGRIBIOMIX-1-2.png\",\"width\":151,\"height\":134,\"caption\":\"AGRIBIOMIX\"},\"image\":{\"@id\":\"https:\/\/agribiomix.com\/es\/#\/schema\/logo\/image\/\"}}]}<\/script>\n<meta property=\"product:price:amount\" content=\"6.54\" \/>\n<meta property=\"product:price:currency\" content=\"EUR\" \/>\n<meta property=\"og:availability\" content=\"out of stock\" \/>\n<meta property=\"product:availability\" content=\"out of stock\" \/>\n<meta property=\"product:retailer_item_id\" content=\"PLW-TOM\" \/>\n<meta property=\"product:condition\" content=\"new\" \/>\n<!-- \/ Yoast SEO Premium plugin. -->","yoast_head_json":{"title":"Plantas de Paulownia Tomentosa - AGRIBIOMIX","description":"Plantas de Paulownia tomentosa en macetas de 9x9 cm para la producci\u00f3n de biomasa o madera. \u00c1rbol Kiri, \u00e1rbol Impress. Vivero franc\u00e9s de paulownia.","robots":{"index":"index","follow":"follow","max-snippet":"max-snippet:-1","max-image-preview":"max-image-preview:large","max-video-preview":"max-video-preview:-1"},"canonical":"https:\/\/agribiomix.com\/es\/produit\/plantas-de-paulownia-tomentosa\/","og_locale":"es_ES","og_type":"article","og_title":"Plantas de Paulownia Tomentosa","og_description":"Plantas de Paulownia tomentosa en macetas de 9x9 cm para la producci\u00f3n de biomasa o madera. \u00c1rbol Kiri, \u00e1rbol Impress. Vivero franc\u00e9s de paulownia.","og_url":"https:\/\/agribiomix.com\/es\/produit\/plantas-de-paulownia-tomentosa\/","og_site_name":"AGRIBIOMIX","article_modified_time":"2026-02-02T10:01:51+00:00","og_image":[{"width":1024,"height":1024,"url":"https:\/\/i0.wp.com\/agribiomix.com\/wp-content\/uploads\/2024\/01\/Paulownia-Photoroom.webp?fit=1024%2C1024&ssl=1","type":"image\/webp"}],"twitter_card":"summary_large_image","twitter_misc":{"Precio":"6,54&euro; 6,20&euro; HT","Disponibilidad":"Sin existencias"},"schema":{"@context":"https:\/\/schema.org","@graph":[{"@type":"WebPage","@id":"https:\/\/agribiomix.com\/es\/produit\/plantas-de-paulownia-tomentosa\/","url":"https:\/\/agribiomix.com\/es\/produit\/plantas-de-paulownia-tomentosa\/","name":"Plantas de Paulownia Tomentosa - AGRIBIOMIX","isPartOf":{"@id":"https:\/\/agribiomix.com\/es\/#website"},"primaryImageOfPage":{"@id":"https:\/\/agribiomix.com\/es\/produit\/plantas-de-paulownia-tomentosa\/#primaryimage"},"image":{"@id":"https:\/\/agribiomix.com\/es\/produit\/plantas-de-paulownia-tomentosa\/#primaryimage"},"thumbnailUrl":"https:\/\/agribiomix.com\/wp-content\/uploads\/2024\/01\/Paulownia-Photoroom.webp","datePublished":"2023-03-31T20:48:48+00:00","dateModified":"2026-02-02T10:01:51+00:00","description":"Plantas de Paulownia tomentosa en macetas de 9x9 cm para la producci\u00f3n de biomasa o madera. \u00c1rbol Kiri, \u00e1rbol Impress. Vivero franc\u00e9s de paulownia.","breadcrumb":{"@id":"https:\/\/agribiomix.com\/es\/produit\/plantas-de-paulownia-tomentosa\/#breadcrumb"},"inLanguage":"es","potentialAction":[{"@type":"ReadAction","target":["https:\/\/agribiomix.com\/es\/produit\/plantas-de-paulownia-tomentosa\/"]}]},{"@type":"ImageObject","inLanguage":"es","@id":"https:\/\/agribiomix.com\/es\/produit\/plantas-de-paulownia-tomentosa\/#primaryimage","url":"https:\/\/agribiomix.com\/wp-content\/uploads\/2024\/01\/Paulownia-Photoroom.webp","contentUrl":"https:\/\/agribiomix.com\/wp-content\/uploads\/2024\/01\/Paulownia-Photoroom.webp","width":1024,"height":1024,"caption":"Planta de paulwownia en maceta"},{"@type":"BreadcrumbList","@id":"https:\/\/agribiomix.com\/es\/produit\/plantas-de-paulownia-tomentosa\/#breadcrumb","itemListElement":[{"@type":"ListItem","position":1,"name":"Accueil","item":"https:\/\/agribiomix.com\/es\/"},{"@type":"ListItem","position":2,"name":"Tienda","item":"https:\/\/agribiomix.com\/es\/tienda\/"},{"@type":"ListItem","position":3,"name":"Plantas de Paulownia Tomentosa"}]},{"@type":"WebSite","@id":"https:\/\/agribiomix.com\/es\/#website","url":"https:\/\/agribiomix.com\/es\/","name":"AGRIBIOMIX","description":"Biomasse agricole","publisher":{"@id":"https:\/\/agribiomix.com\/es\/#organization"},"potentialAction":[{"@type":"SearchAction","target":{"@type":"EntryPoint","urlTemplate":"https:\/\/agribiomix.com\/es\/?s={search_term_string}"},"query-input":{"@type":"PropertyValueSpecification","valueRequired":true,"valueName":"search_term_string"}}],"inLanguage":"es"},{"@type":"Organization","@id":"https:\/\/agribiomix.com\/es\/#organization","name":"AGRIBIOMIX","url":"https:\/\/agribiomix.com\/es\/","logo":{"@type":"ImageObject","inLanguage":"es","@id":"https:\/\/agribiomix.com\/es\/#\/schema\/logo\/image\/","url":"https:\/\/agribiomix.com\/wp-content\/uploads\/2023\/06\/AGRIBIOMIX-1-2.png","contentUrl":"https:\/\/agribiomix.com\/wp-content\/uploads\/2023\/06\/AGRIBIOMIX-1-2.png","width":151,"height":134,"caption":"AGRIBIOMIX"},"image":{"@id":"https:\/\/agribiomix.com\/es\/#\/schema\/logo\/image\/"}}]},"product_price_amount":"6.54","product_price_currency":"EUR","og_availability":"out of stock","product_availability":"out of stock","product_retailer_item_id":"PLW-TOM","product_condition":"new"},"_links":{"self":[{"href":"https:\/\/agribiomix.com\/es\/wp-json\/wp\/v2\/product\/4578","targetHints":{"allow":["GET"]}}],"collection":[{"href":"https:\/\/agribiomix.com\/es\/wp-json\/wp\/v2\/product"}],"about":[{"href":"https:\/\/agribiomix.com\/es\/wp-json\/wp\/v2\/types\/product"}],"wp:featuredmedia":[{"embeddable":true,"href":"https:\/\/agribiomix.com\/es\/wp-json\/wp\/v2\/media\/4159"}],"wp:attachment":[{"href":"https:\/\/agribiomix.com\/es\/wp-json\/wp\/v2\/media?parent=4578"}],"wp:term":[{"taxonomy":"product_brand","embeddable":true,"href":"https:\/\/agribiomix.com\/es\/wp-json\/wp\/v2\/product_brand?post=4578"},{"taxonomy":"product_cat","embeddable":true,"href":"https:\/\/agribiomix.com\/es\/wp-json\/wp\/v2\/product_cat?post=4578"},{"taxonomy":"product_tag","embeddable":true,"href":"https:\/\/agribiomix.com\/es\/wp-json\/wp\/v2\/product_tag?post=4578"}],"curies":[{"name":"wp","href":"https:\/\/api.w.org\/{rel}","templated":true}]}}