{"id":4596,"date":"2024-02-09T09:46:14","date_gmt":"2024-02-09T08:46:14","guid":{"rendered":"https:\/\/agribiomix.com\/condiciones-generales-de-venta\/"},"modified":"2026-01-26T13:20:27","modified_gmt":"2026-01-26T12:20:27","slug":"condiciones-generales-de-venta","status":"publish","type":"page","link":"https:\/\/agribiomix.com\/es\/condiciones-generales-de-venta\/","title":{"rendered":"Condiciones generales de venta"},"content":{"rendered":"\n<h2 class=\"wp-block-heading\" id=\"h-preambule\"><strong>PRE\u00c1MBULO<\/strong><\/h2>\n\n<p>Este sitio web agribiomix.com pertenece a la empresa HOPSTOCK SASU<\/p>\n\n<p>La realizaci\u00f3n de un pedido implica la aceptaci\u00f3n sin reservas de las condiciones de venta y de los precios indicados en el sitio AGRIBIOMIX. Nos comprometemos rec\u00edprocamente a respetar las obligaciones que le incumben. Estas condiciones se aplican exclusivamente a todos los pedidos realizados a trav\u00e9s del sitio agribiomix.com en l\u00ednea o por tel\u00e9fono.  <\/p>\n\n<p>Precios:<br\/>Todos los precios se indican con impuestos incluidos (I.V.A. incluido al tipo del 5,5%, 10% o 20% seg\u00fan el producto y excluidos los gastos de env\u00edo).<\/p>\n\n<p>Las fluctuaciones de precios no pueden dar lugar a ninguna compensaci\u00f3n.<br\/><em>Por ejemplo, una orden realizada el d\u00eda D no puede beneficiarse de un precio m\u00e1s ventajoso establecido el d\u00eda D+1.<\/em><\/p>\n\n<h2 class=\"wp-block-heading\" id=\"h-expeditions\"><strong>ENV\u00cdOS<\/strong><\/h2>\n\n<p>Los pedidos pagados por transferencia bancaria no se enviar\u00e1n hasta que nuestro banco haya confirmado que se ha recibido el pago.<\/p>\n\n<p>Garant\u00edas y litigios:<br\/>Salvo acuerdo en contrario, AGRIBIOMIX no se hace responsable de la muerte de las plantas entregadas, debida a factores ajenos a nuestra voluntad.<\/p>\n\n<h4 class=\"wp-block-heading\" id=\"h-1-acceptation-des-conditions\"><strong>1. ACEPTACI\u00d3N DE LAS CONDICIONES<\/strong><\/h4>\n\n<p>En el momento de realizar el pedido, el cliente reconoce haber le\u00eddo las condiciones generales de venta expuestas en esta pantalla y declara expresamente que las acepta sin reservas.<\/p>\n\n<p>Las presentes condiciones generales de venta rigen la relaci\u00f3n contractual entre AGRIBIOMIX y su cliente, acept\u00e1ndolas ambas partes sin reserva alguna. Estas condiciones generales de venta prevalecer\u00e1n sobre cualesquiera otras condiciones que figuren en cualquier otro documento, salvo derogaci\u00f3n previa, expresa y por escrito. <\/p>\n\n<h4 class=\"wp-block-heading\" id=\"h-2-produits\"><strong>2. PRODUCTOS<\/strong><\/h4>\n\n<p>Las fotograf\u00edas y las fichas t\u00e9cnicas o consejos que ilustran los productos no son vinculantes contractualmente. AGRIBIOMIX no se hace responsable de posibles errores, inexactitudes u omisiones. <\/p>\n\n<h4 class=\"wp-block-heading\" id=\"h-3-prix\"><strong>3. PRECIO<\/strong><\/h4>\n\n<p>Los precios se expresan en euros en agribiomix.com, los precios indicados en las fichas de producto no incluyen los gastos de transporte, salvo que se especifique lo contrario. Los gastos de env\u00edo var\u00edan seg\u00fan el pa\u00eds de destino. <\/p>\n\n<p>El importe total indicado en la confirmaci\u00f3n del pedido es el importe definitivo, expresado con todos los impuestos incluidos, incluido el IVA para Francia y los pa\u00edses de la C.E.E. Incluye el precio de los productos, los gastos de manipulaci\u00f3n, embalaje y almacenamiento de los productos, y los gastos de transporte.<\/p>\n\n<h4 class=\"wp-block-heading\" id=\"h-4-commande\"><strong>4. PEDIR<\/strong><\/h4>\n\n<p>Los sistemas de registro autom\u00e1tico se consideran prueba de la naturaleza, contenido y fecha del pedido. AGRIBIOMIX confirmar\u00e1 la aceptaci\u00f3n del pedido al cliente a la direcci\u00f3n de correo electr\u00f3nico facilitada. La venta s\u00f3lo se perfeccionar\u00e1 cuando se reciba el pago.  <\/p>\n\n<p>Todos los pedidos s\u00f3lo se considerar\u00e1n definitivos una vez que hayan sido confirmados por AGRIBIOMIX mediante el env\u00edo de un correo electr\u00f3nico de confirmaci\u00f3n al cliente.<\/p>\n\n<p>En caso de litigio, AGRIBIOMIX se reserva el derecho de no aceptar el pedido si el cliente no puede proporcionar un correo electr\u00f3nico de confirmaci\u00f3n.<\/p>\n\n<p>AGRIBIOMIX se reserva el derecho de anular cualquier pedido de un cliente con el que exista un litigio relativo al pago de un pedido anterior.<\/p>\n\n<p>Los pedidos no pueden enviarse hasta que se haya recibido el pago completo.<\/p>\n\n<p>Los pedidos se preparan en la medida en que lo permiten las condiciones de stock. En caso de que un producto no est\u00e9 disponible temporalmente, AGRIBIOMIX podr\u00e1 sustituirlo por un producto equivalente o de mayor valor, u ofrecer al cliente la posibilidad de elegir otro art\u00edculo de valor equivalente o el reembolso del art\u00edculo que falta. <\/p>\n\n<p>La informaci\u00f3n facilitada por el comprador al realizar un pedido es vinculante, incluso en el caso de pedidos realizados por tel\u00e9fono: en caso de error, imprecisi\u00f3n u omisi\u00f3n en los datos del destinatario, AGRIBIOMIX no podr\u00e1 ser considerada responsable de la imposibilidad de entregar el pedido del comprador. As\u00ed, el cliente deber\u00e1 pagar de nuevo los gastos de env\u00edo si la direcci\u00f3n introducida en el formulario de pedido es err\u00f3nea o incompleta. Si el cliente detecta un error, deber\u00e1 comunicarlo en un plazo de 24 horas a partir de la emisi\u00f3n del formulario de pedido.  <\/p>\n\n<h4 class=\"wp-block-heading\" id=\"h-5-paiement\"><strong>5. PAGO<\/strong><\/h4>\n\n<p>El importe facturado al cliente es el indicado en la confirmaci\u00f3n de pedido enviada. Este importe se abonar\u00e1 en efectivo el d\u00eda en que se realice el pedido. Cada pedido s\u00f3lo se enviar\u00e1 una vez que nuestro banco haya confirmado que se ha recibido el pago.  <\/p>\n\n<p>El pago se realiza mediante :<\/p>\n\n<p>A &#8211; mediante tarjeta bancaria con el s\u00edmbolo CB<\/p>\n\n<p>El PAGO EN L\u00cdNEA SEGURO te permite pagar a trav\u00e9s de los servicios de pago en l\u00ednea \u00abStripe\u00bb y \u00abPaypal\u00bb.<\/p>\n\n<p>Los datos bancarios del cliente viajan directamente desde su ordenador a su banco en un formato encriptado utilizando la tecnolog\u00eda SSL, la m\u00e1s utilizada actualmente para los pagos en l\u00ednea. Esta informaci\u00f3n no pasa por el sitio AGRIBIOMIX y no puede ser recuperada por AGRIBIOMIX de ninguna manera. <\/p>\n\n<p>El pedido validado por el cliente no se considerar\u00e1 efectivo hasta que los centros de pago bancarios correspondientes hayan dado su conformidad. En caso de rechazo por parte de dichos centros, el pedido se anular\u00e1 autom\u00e1ticamente y se informar\u00e1 al cliente por correo electr\u00f3nico. <\/p>\n\n<p>B &#8211; Pago por cheque<\/p>\n\n<p>Si el cliente no puede pagar mediante tarjeta de cr\u00e9dito o transferencia bancaria, puede solicitar excepcionalmente el pago por cheque enviando su pedido a <a href=\"mailto:contacto@\">contact@<\/a>. Una vez que el pedido haya sido preconfirmado por AGRIBIOMIX, puede enviar un cheque bancario por correo o traerlo en persona. El cliente debe enviar el cheque por correo a la orden de \u00abS.A.S. HOPSTOCK\u00bb junto con las referencias del pedido. <\/p>\n\n<p>Direcci\u00f3n postal de destino: HOPSTOCK SASU, 2131 Route de Merville, 59190 HAZEBROUCK, FRANCIA.  <\/p>\n\n<p>S\u00f3lo se aceptar\u00e1n cheques de bancos franceses, previa comprobaci\u00f3n con el servicio de consulta V\u00e9rifiance-FNCI-Banque de France para protegernos de los cheques impagados<a href=\"http:\/\/www.verifiance-fnci.fr\/\">(http:\/\/www.verifiance-fnci.fr\/)<\/a>. Para m\u00e1s informaci\u00f3n, <a href=\"https:\/\/www.planfor.fr\/PDF\/presentation-fnci.pdf\">haz clic aqu\u00ed<\/a>. <\/p>\n\n<p>Para m\u00e1s informaci\u00f3n sobre tu derecho de acceso a la informaci\u00f3n que el Banco de Francia tiene sobre tus datos bancarios en la FNCI, <a href=\"https:\/\/www.planfor.fr\/PDF\/info-droit-dacces-verifiance.pdf\">haz clic aqu\u00ed<\/a>.<\/p>\n\n<p>C &#8211; Pago por transferencia bancaria<\/p>\n\n<p>El cliente debe realizar la transferencia a los datos bancarios indicados en nuestro sitio, teniendo cuidado de citar las referencias del pedido. El pedido del cliente no se considerar\u00e1 efectivo hasta que nuestro banco nos lo haya abonado. Los gastos de transferencia son responsabilidad exclusiva del cliente.  <\/p>\n\n<p>En caso de pago incompleto, el pedido no ser\u00e1 efectivo y AGRIBIOMIX informar\u00e1 al cliente.<\/p>\n\n<p>Si el cliente desea anular el pedido tras el pago de un anticipo, \u00e9ste no podr\u00e1 ser reembolsado, por lo que AGRIBIOMIX y el cliente deber\u00e1n encontrar una soluci\u00f3n amistosa que podr\u00e1 consistir en un reembolso parcial, la entrega de la mercanc\u00eda correspondiente al importe ya pagado o la sustituci\u00f3n por otros productos.  <\/p>\n\n<p>En el caso de un pago no identificado, AGRIBIOMIX esperar\u00e1 a que el cliente se presente. Por tanto, es importante que en los pagos por transferencia bancaria o cheque se especifiquen las referencias del pedido. <\/p>\n\n<p>AGRIBIOMIX se reserva el derecho a rechazar cualquier pedido de un cliente con el que exista un litigio.<\/p>\n\n<p>En el marco de su pol\u00edtica antifraude, AGRIBIOMIX podr\u00e1 solicitar a sus clientes una prueba de identidad y\/o de residencia. Esta solicitud se realizar\u00e1 por correo electr\u00f3nico, y el cliente dispondr\u00e1 de un plazo m\u00e1ximo de quince d\u00edas para responder. Transcurrido este plazo, se anular\u00e1 el pedido.  <\/p>\n\n<h4 class=\"wp-block-heading\" id=\"h-6-livraison\"><strong>6. ENTREGA<\/strong><\/h4>\n\n<p>La entrega se realizar\u00e1 por Colissimo, GLS u otros transportistas de nuestra elecci\u00f3n.<\/p>\n\n<p>A &#8211; Entregas por Colissimo o GLS<\/p>\n\n<p>En caso de entrega por Colissimo, si el cliente no se encuentra en su domicilio el d\u00eda de la entrega, dispone de quince d\u00edas para recoger el paquete en su oficina de correos. Transcurrido este plazo, el paquete ser\u00e1 devuelto a AGRIBIOMIX y el cliente deber\u00e1 abonar de nuevo los gastos de env\u00edo para que el pedido sea reenviado. <\/p>\n\n<p>En caso de entrega por GLS, si el cliente no est\u00e1 en casa el d\u00eda de la entrega, el repartidor dejar\u00e1 una tarjeta de llamada. En ese caso, el cliente tendr\u00e1 que volver a ponerse en contacto con la agencia de reparto para reprogramar una nueva entrega. <\/p>\n\n<p>En caso de entrega por Colissimo o GLS, AGRIBIOMIX te informar\u00e1 por correo electr\u00f3nico de la fecha de env\u00edo de tu pedido. Un enlace de seguimiento permite a los clientes seguir su paquete. <\/p>\n\n<p>B &#8211; Entregas por transportistas distintos de Colissimo o GLS<\/p>\n\n<p>En el caso de entregas por transportista, AGRIBIOMIX o el propio transportista se ponen en contacto con los destinatarios para la entrega.<\/p>\n\n<p>Los plazos de entrega se dan a t\u00edtulo indicativo, y los posibles retrasos no dar\u00e1n derecho al comprador a reclamar da\u00f1os y perjuicios. No obstante, si estos plazos de entrega superan los anunciados, el cliente debe informar a AGRIBIOMIX para que lo compruebe con el transportista. <\/p>\n\n<h4 class=\"wp-block-heading\" id=\"h-7-retractation\"><strong>7. RETIRADA<\/strong><\/h4>\n\n<p>Para todos los art\u00edculos que no sean Plantas :<\/p>\n\n<p>El comprador dispone de 14 d\u00edas a partir de la fecha de entrega para rescindir el contrato. Debe informar a AGRIBIOMIX de su decisi\u00f3n por escrito (carta, correo electr\u00f3nico, fax). Deber\u00e1 informar al servicio de atenci\u00f3n al cliente de AGRIBIOMIX de su deseo de activar su derecho de desistimiento.  <\/p>\n\n<p>El comprador debe devolver la mercanc\u00eda a AGRIBIOMIX por sus propios medios y a su cargo.<\/p>\n\n<p>Si el comprador ejerce su derecho de desistimiento, AGRIBIOMIX est\u00e1 obligada a reembolsar gratuitamente las sumas pagadas por el cliente. El reembolso se efectuar\u00e1 en un plazo m\u00e1ximo de 14 d\u00edas a partir de la recepci\u00f3n e inspecci\u00f3n de la mercanc\u00eda devuelta. <\/p>\n\n<p>En caso de cambio o reembolso, los art\u00edculos nuevos deben devolverse en su embalaje original, intactos, acompa\u00f1ados de cualquier accesorio, instrucciones de uso y documentaci\u00f3n a la siguiente direcci\u00f3n: HOPSTOCK, 2131 route de Merville, 59190 HAZEBROUCK<\/p>\n\n<p>Para todas las plantas y productos perecederos:<\/p>\n\n<p>El comprador dispone de 7 d\u00edas a partir de la fecha de entrega para rescindir el contrato. Debe informarnos de su decisi\u00f3n por escrito (carta, correo electr\u00f3nico, fax). <\/p>\n\n<p>Previo acuerdo de AGRIBIOMIX, el comprador deber\u00e1 devolver la mercanc\u00eda a su cargo, despu\u00e9s de haberse asegurado de que dichos art\u00edculos pueden viajar en las mismas condiciones en las que fueron entregados.<\/p>\n\n<h4 class=\"wp-block-heading\" id=\"h-8-litiges\"><strong>8. DISPUTAS<\/strong><\/h4>\n\n<p>Este contrato est\u00e1 sujeto a la legislaci\u00f3n francesa. AGRIBIOMIX no se hace responsable de los da\u00f1os de cualquier tipo, ya sean materiales, inmateriales o f\u00edsicos, que puedan resultar del mal funcionamiento o del uso inadecuado de los productos vendidos. Lo mismo se aplica a cualquier modificaci\u00f3n realizada en los productos por los fabricantes.  <\/p>\n\n<p>La responsabilidad de AGRIBIOMIX se limitar\u00e1, en cualquier caso, al importe del pedido y no se har\u00e1 responsable de los simples errores u omisiones que se hayan podido producir, a pesar de todas las precauciones tomadas, en la presentaci\u00f3n de los productos.<\/p>\n\n<p>En caso de conflicto, siempre se buscar\u00e1 una soluci\u00f3n amistosa.<\/p>\n\n<h4 class=\"wp-block-heading\" id=\"h-9-garantie\"><strong>9. GARANT\u00cdA<\/strong><\/h4>\n\n<p>Las plantas se entregan de acuerdo con las normas y pr\u00e1cticas de producci\u00f3n aplicables.<\/p>\n\n<p>El vendedor garantiza que suministrar\u00e1 al comprador bienes justos, sanos y comerciables, de acuerdo con el estado de los conocimientos t\u00e9cnicos en el momento de la producci\u00f3n.<\/p>\n\n<p>Sin embargo, es importante recordar que las plantas son organismos vivos.<\/p>\n\n<p>Independientemente de la buena atenci\u00f3n del cliente y de la calidad de las plantas entregadas, muchos factores externos pueden obstaculizar el \u00e9xito de una plantaci\u00f3n.<\/p>\n\n<p>Por consiguiente, como la recuperaci\u00f3n de las plantas y los resultados obtenidos no dependen \u00fanicamente de la calidad de los productos entregados, el vendedor no puede garantizar la recuperaci\u00f3n, ni siquiera despu\u00e9s de ofrecer consejos y sugerencias.<\/p>\n\n<p>Compromiso con el \u00e9xito de la plantaci\u00f3n<br\/>Todas las plantas que ofrecemos son de vivero. Por tanto, siguen el ciclo de vida natural exactamente en las mismas condiciones que en el campo. Todas nuestras plantas se cultivan de varios meses a varios a\u00f1os antes de ser enviadas. As\u00ed las recibes en las mejores condiciones posibles para un crecimiento \u00f3ptimo.   <\/p>\n\n<p>No obstante, AGRIBIOMIX desea apoyar a sus clientes en el \u00e9xito de sus plantaciones, y cualquier solicitud relativa al estado de una planta surgida despu\u00e9s de la plantaci\u00f3n ser\u00e1 estudiada con nuestros profesionales para tratar t\u00e9cnica y comercialmente el problema encontrado.<\/p>\n\n<p>Por ello, podemos pedirte que nos proporciones fotos y\/o que rellenes un cuestionario.<\/p>\n\n<h4 class=\"wp-block-heading\" id=\"h-10-informations-legales\"><strong>10. INFORMACI\u00d3N LEGAL<\/strong><\/h4>\n\n<p>Los datos personales recogidos con fines de venta a distancia son obligatorios, ya que esta informaci\u00f3n es esencial para procesar y encaminar pedidos, y elaborar facturas y contratos de garant\u00eda.<\/p>\n\n<p>Si no se facilita esta informaci\u00f3n, no se validar\u00e1 el pedido. El cliente dispone de un derecho de acceso, modificaci\u00f3n, rectificaci\u00f3n y supresi\u00f3n de los datos que le conciernen (art\u00edculo 34 de la ley de 6 de enero de 1978), que puede ejercer. Adem\u00e1s, AGRIBIOMIX se compromete a no comunicar, a t\u00edtulo gratuito u oneroso, los datos de sus clientes a terceros.  <\/p>\n","protected":false},"excerpt":{"rendered":"<p>PRE\u00c1MBULO Este sitio web agribiomix.com pertenece a la empresa HOPSTOCK SASU La realizaci\u00f3n de un pedido implica la aceptaci\u00f3n sin reservas de las condiciones de venta y de los precios indicados en el sitio AGRIBIOMIX. Nos comprometemos rec\u00edprocamente a respetar las obligaciones que le incumben. Estas condiciones se aplican exclusivamente a todos los pedidos realizados [&hellip;]<\/p>\n","protected":false},"author":1,"featured_media":0,"parent":0,"menu_order":0,"comment_status":"closed","ping_status":"closed","template":"","meta":{"site-sidebar-layout":"default","site-content-layout":"","ast-site-content-layout":"default","site-content-style":"default","site-sidebar-style":"default","ast-global-header-display":"","ast-banner-title-visibility":"","ast-main-header-display":"","ast-hfb-above-header-display":"","ast-hfb-below-header-display":"","ast-hfb-mobile-header-display":"","site-post-title":"","ast-breadcrumbs-content":"","ast-featured-img":"","footer-sml-layout":"","ast-disable-related-posts":"","theme-transparent-header-meta":"","adv-header-id-meta":"","stick-header-meta":"","header-above-stick-meta":"","header-main-stick-meta":"","header-below-stick-meta":"","astra-migrate-meta-layouts":"set","ast-page-background-enabled":"default","ast-page-background-meta":{"desktop":{"background-color":"","background-image":"","background-repeat":"repeat","background-position":"center center","background-size":"auto","background-attachment":"scroll","background-type":"","background-media":"","overlay-type":"","overlay-color":"","overlay-opacity":"","overlay-gradient":""},"tablet":{"background-color":"","background-image":"","background-repeat":"repeat","background-position":"center center","background-size":"auto","background-attachment":"scroll","background-type":"","background-media":"","overlay-type":"","overlay-color":"","overlay-opacity":"","overlay-gradient":""},"mobile":{"background-color":"","background-image":"","background-repeat":"repeat","background-position":"center center","background-size":"auto","background-attachment":"scroll","background-type":"","background-media":"","overlay-type":"","overlay-color":"","overlay-opacity":"","overlay-gradient":""}},"ast-content-background-meta":{"desktop":{"background-color":"var(--ast-global-color-5)","background-image":"","background-repeat":"repeat","background-position":"center center","background-size":"auto","background-attachment":"scroll","background-type":"","background-media":"","overlay-type":"","overlay-color":"","overlay-opacity":"","overlay-gradient":""},"tablet":{"background-color":"var(--ast-global-color-5)","background-image":"","background-repeat":"repeat","background-position":"center center","background-size":"auto","background-attachment":"scroll","background-type":"","background-media":"","overlay-type":"","overlay-color":"","overlay-opacity":"","overlay-gradient":""},"mobile":{"background-color":"var(--ast-global-color-5)","background-image":"","background-repeat":"repeat","background-position":"center center","background-size":"auto","background-attachment":"scroll","background-type":"","background-media":"","overlay-type":"","overlay-color":"","overlay-opacity":"","overlay-gradient":""}},"footnotes":""},"class_list":["post-4596","page","type-page","status-publish","hentry"],"yoast_head":"<!-- This site is optimized with the Yoast SEO Premium plugin v22.7 (Yoast SEO v26.8) - https:\/\/yoast.com\/product\/yoast-seo-premium-wordpress\/ -->\n<title>Condiciones generales de venta - AGRIBIOMIX<\/title>\n<meta name=\"description\" content=\"Condiciones de venta de AGRIBIOMIX.COM\" \/>\n<meta name=\"robots\" content=\"noindex, follow\" \/>\n<meta property=\"og:locale\" content=\"es_ES\" \/>\n<meta property=\"og:type\" content=\"article\" \/>\n<meta property=\"og:title\" content=\"Condiciones generales de venta\" \/>\n<meta property=\"og:description\" content=\"Condiciones de venta de AGRIBIOMIX.COM\" \/>\n<meta property=\"og:url\" content=\"https:\/\/agribiomix.com\/es\/condiciones-generales-de-venta\/\" \/>\n<meta property=\"og:site_name\" content=\"AGRIBIOMIX\" \/>\n<meta property=\"article:modified_time\" content=\"2026-01-26T12:20:27+00:00\" \/>\n<meta name=\"twitter:card\" content=\"summary_large_image\" \/>\n<meta name=\"twitter:label1\" content=\"Tiempo de lectura\" \/>\n\t<meta name=\"twitter:data1\" content=\"11 minutos\" \/>\n<script type=\"application\/ld+json\" class=\"yoast-schema-graph\">{\"@context\":\"https:\/\/schema.org\",\"@graph\":[{\"@type\":\"WebPage\",\"@id\":\"https:\/\/agribiomix.com\/es\/condiciones-generales-de-venta\/\",\"url\":\"https:\/\/agribiomix.com\/es\/condiciones-generales-de-venta\/\",\"name\":\"Condiciones generales de venta - AGRIBIOMIX\",\"isPartOf\":{\"@id\":\"https:\/\/agribiomix.com\/es\/#website\"},\"datePublished\":\"2024-02-09T08:46:14+00:00\",\"dateModified\":\"2026-01-26T12:20:27+00:00\",\"description\":\"Condiciones de venta de AGRIBIOMIX.COM\",\"breadcrumb\":{\"@id\":\"https:\/\/agribiomix.com\/es\/condiciones-generales-de-venta\/#breadcrumb\"},\"inLanguage\":\"es\",\"potentialAction\":[{\"@type\":\"ReadAction\",\"target\":[\"https:\/\/agribiomix.com\/es\/condiciones-generales-de-venta\/\"]}]},{\"@type\":\"BreadcrumbList\",\"@id\":\"https:\/\/agribiomix.com\/es\/condiciones-generales-de-venta\/#breadcrumb\",\"itemListElement\":[{\"@type\":\"ListItem\",\"position\":1,\"name\":\"Accueil\",\"item\":\"https:\/\/agribiomix.com\/es\/\"},{\"@type\":\"ListItem\",\"position\":2,\"name\":\"Condiciones generales de venta\"}]},{\"@type\":\"WebSite\",\"@id\":\"https:\/\/agribiomix.com\/es\/#website\",\"url\":\"https:\/\/agribiomix.com\/es\/\",\"name\":\"AGRIBIOMIX\",\"description\":\"Biomasse agricole\",\"publisher\":{\"@id\":\"https:\/\/agribiomix.com\/es\/#organization\"},\"potentialAction\":[{\"@type\":\"SearchAction\",\"target\":{\"@type\":\"EntryPoint\",\"urlTemplate\":\"https:\/\/agribiomix.com\/es\/?s={search_term_string}\"},\"query-input\":{\"@type\":\"PropertyValueSpecification\",\"valueRequired\":true,\"valueName\":\"search_term_string\"}}],\"inLanguage\":\"es\"},{\"@type\":\"Organization\",\"@id\":\"https:\/\/agribiomix.com\/es\/#organization\",\"name\":\"AGRIBIOMIX\",\"url\":\"https:\/\/agribiomix.com\/es\/\",\"logo\":{\"@type\":\"ImageObject\",\"inLanguage\":\"es\",\"@id\":\"https:\/\/agribiomix.com\/es\/#\/schema\/logo\/image\/\",\"url\":\"https:\/\/agribiomix.com\/wp-content\/uploads\/2023\/06\/AGRIBIOMIX-1-2.png\",\"contentUrl\":\"https:\/\/agribiomix.com\/wp-content\/uploads\/2023\/06\/AGRIBIOMIX-1-2.png\",\"width\":151,\"height\":134,\"caption\":\"AGRIBIOMIX\"},\"image\":{\"@id\":\"https:\/\/agribiomix.com\/es\/#\/schema\/logo\/image\/\"}}]}<\/script>\n<!-- \/ Yoast SEO Premium plugin. -->","yoast_head_json":{"title":"Condiciones generales de venta - AGRIBIOMIX","description":"Condiciones de venta de AGRIBIOMIX.COM","robots":{"index":"noindex","follow":"follow"},"og_locale":"es_ES","og_type":"article","og_title":"Condiciones generales de venta","og_description":"Condiciones de venta de AGRIBIOMIX.COM","og_url":"https:\/\/agribiomix.com\/es\/condiciones-generales-de-venta\/","og_site_name":"AGRIBIOMIX","article_modified_time":"2026-01-26T12:20:27+00:00","twitter_card":"summary_large_image","twitter_misc":{"Tiempo de lectura":"11 minutos"},"schema":{"@context":"https:\/\/schema.org","@graph":[{"@type":"WebPage","@id":"https:\/\/agribiomix.com\/es\/condiciones-generales-de-venta\/","url":"https:\/\/agribiomix.com\/es\/condiciones-generales-de-venta\/","name":"Condiciones generales de venta - AGRIBIOMIX","isPartOf":{"@id":"https:\/\/agribiomix.com\/es\/#website"},"datePublished":"2024-02-09T08:46:14+00:00","dateModified":"2026-01-26T12:20:27+00:00","description":"Condiciones de venta de AGRIBIOMIX.COM","breadcrumb":{"@id":"https:\/\/agribiomix.com\/es\/condiciones-generales-de-venta\/#breadcrumb"},"inLanguage":"es","potentialAction":[{"@type":"ReadAction","target":["https:\/\/agribiomix.com\/es\/condiciones-generales-de-venta\/"]}]},{"@type":"BreadcrumbList","@id":"https:\/\/agribiomix.com\/es\/condiciones-generales-de-venta\/#breadcrumb","itemListElement":[{"@type":"ListItem","position":1,"name":"Accueil","item":"https:\/\/agribiomix.com\/es\/"},{"@type":"ListItem","position":2,"name":"Condiciones generales de venta"}]},{"@type":"WebSite","@id":"https:\/\/agribiomix.com\/es\/#website","url":"https:\/\/agribiomix.com\/es\/","name":"AGRIBIOMIX","description":"Biomasse agricole","publisher":{"@id":"https:\/\/agribiomix.com\/es\/#organization"},"potentialAction":[{"@type":"SearchAction","target":{"@type":"EntryPoint","urlTemplate":"https:\/\/agribiomix.com\/es\/?s={search_term_string}"},"query-input":{"@type":"PropertyValueSpecification","valueRequired":true,"valueName":"search_term_string"}}],"inLanguage":"es"},{"@type":"Organization","@id":"https:\/\/agribiomix.com\/es\/#organization","name":"AGRIBIOMIX","url":"https:\/\/agribiomix.com\/es\/","logo":{"@type":"ImageObject","inLanguage":"es","@id":"https:\/\/agribiomix.com\/es\/#\/schema\/logo\/image\/","url":"https:\/\/agribiomix.com\/wp-content\/uploads\/2023\/06\/AGRIBIOMIX-1-2.png","contentUrl":"https:\/\/agribiomix.com\/wp-content\/uploads\/2023\/06\/AGRIBIOMIX-1-2.png","width":151,"height":134,"caption":"AGRIBIOMIX"},"image":{"@id":"https:\/\/agribiomix.com\/es\/#\/schema\/logo\/image\/"}}]}},"_links":{"self":[{"href":"https:\/\/agribiomix.com\/es\/wp-json\/wp\/v2\/pages\/4596","targetHints":{"allow":["GET"]}}],"collection":[{"href":"https:\/\/agribiomix.com\/es\/wp-json\/wp\/v2\/pages"}],"about":[{"href":"https:\/\/agribiomix.com\/es\/wp-json\/wp\/v2\/types\/page"}],"author":[{"embeddable":true,"href":"https:\/\/agribiomix.com\/es\/wp-json\/wp\/v2\/users\/1"}],"replies":[{"embeddable":true,"href":"https:\/\/agribiomix.com\/es\/wp-json\/wp\/v2\/comments?post=4596"}],"version-history":[{"count":0,"href":"https:\/\/agribiomix.com\/es\/wp-json\/wp\/v2\/pages\/4596\/revisions"}],"wp:attachment":[{"href":"https:\/\/agribiomix.com\/es\/wp-json\/wp\/v2\/media?parent=4596"}],"curies":[{"name":"wp","href":"https:\/\/api.w.org\/{rel}","templated":true}]}}