{"id":4562,"date":"2023-03-29T06:36:23","date_gmt":"2023-03-29T04:36:23","guid":{"rendered":"https:\/\/agribiomix.com\/politica-de-privacidad\/"},"modified":"2026-01-26T12:41:27","modified_gmt":"2026-01-26T11:41:27","slug":"politica-de-privacidad","status":"publish","type":"page","link":"https:\/\/agribiomix.com\/es\/politica-de-privacidad\/","title":{"rendered":"Pol\u00edtica de privacidad"},"content":{"rendered":"\n<h2 class=\"wp-block-heading\" id=\"h-qui-sommes-nous-nbsp\">\u00bfQui\u00e9nes somos?<\/h2>\n\n<p>El sitio es propiedad de SASU HOPSTOCK con un capital de 1000\u20ac registrado en el Tribunal de Comercio de Dunkerque en el RCS 838136794<\/p>\n\n<h2 class=\"wp-block-heading\" id=\"h-commentaires\">Comentarios<\/h2>\n\n<p>Cuando dejas un comentario en nuestro sitio, los datos introducidos en el formulario de comentarios, as\u00ed como tu direcci\u00f3n IP y el agente de usuario de tu navegador, se recogen para ayudarnos a detectar comentarios no deseados.<\/p>\n\n<p>Se puede enviar una cadena anonimizada creada a partir de tu direcci\u00f3n de correo electr\u00f3nico (tambi\u00e9n conocida como hash) al servicio Gravatar para comprobar que la est\u00e1s utilizando. La pol\u00edtica de privacidad de Gravatar est\u00e1 disponible aqu\u00ed: https:\/\/automattic.com\/privacy\/. Una vez validado tu comentario, tu foto de perfil ser\u00e1 visible p\u00fablicamente junto a tu comentario.<\/p>\n\n<h2 class=\"wp-block-heading\" id=\"h-medias\">Medios de comunicaci\u00f3n<\/h2>\n\n<p>Si subes im\u00e1genes al sitio, te aconsejamos que evites subir im\u00e1genes que contengan datos EXIF de coordenadas GPS. Las personas que visiten tu web pueden descargar y extraer datos de localizaci\u00f3n de estas im\u00e1genes.<\/p>\n\n<h2 class=\"wp-block-heading\" id=\"h-cookies\">Cookies<\/h2>\n\n<p>Si dejas un comentario en nuestro sitio, se te pedir\u00e1 que guardes tu nombre, direcci\u00f3n de correo electr\u00f3nico y sitio en las cookies. Esto es s\u00f3lo para tu comodidad, para que no tengas que introducir esta informaci\u00f3n si publicas otro comentario m\u00e1s tarde. Estas cookies caducan al cabo de un a\u00f1o.<\/p>\n\n<p>Si vas a la p\u00e1gina de inicio de sesi\u00f3n, se crear\u00e1 una cookie temporal para determinar si tu navegador acepta cookies. No contiene ning\u00fan dato personal y se borrar\u00e1 autom\u00e1ticamente cuando cierres el navegador.<\/p>\n\n<p>Cuando te conectes, instalaremos una serie de cookies para registrar tus datos de acceso y tus preferencias de pantalla. La vida \u00fatil de una cookie de conexi\u00f3n es de dos d\u00edas, la de una cookie de opci\u00f3n de pantalla es de un a\u00f1o. Si marcas \u00abRecordarme\u00bb, tu cookie de conexi\u00f3n se almacenar\u00e1 durante quince d\u00edas. Si cierras la sesi\u00f3n de tu cuenta, se borrar\u00e1 la cookie de conexi\u00f3n.<\/p>\n\n<p>Al modificar o publicar una publicaci\u00f3n, se almacenar\u00e1 una cookie adicional en tu navegador. Esta cookie no contiene ning\u00fan dato personal. Simplemente indica el ID de la publicaci\u00f3n que acabas de modificar. Caduca al cabo de un d\u00eda.<\/p>\n\n<h2 class=\"wp-block-heading\" id=\"h-contenu-embarque-depuis-d-autres-sites\">Contenido incrustado de otros sitios<\/h2>\n\n<p>Los art\u00edculos de este sitio pueden incluir contenido incrustado (por ejemplo, v\u00eddeos, im\u00e1genes, art\u00edculos, etc.). El contenido integrado desde otros sitios se comporta de la misma manera que si el visitante estuviera visitando ese otro sitio.<\/p>\n\n<p>Estos sitios web pueden recopilar datos sobre ti, utilizar cookies, incrustar herramientas de seguimiento de terceros y rastrear tus interacciones con este contenido incrustado si tienes una cuenta conectada a su sitio web.<\/p>\n\n<h2 class=\"wp-block-heading\" id=\"h-utilisation-et-transmission-de-vos-donnees-personnelles\">Uso y transmisi\u00f3n de tus datos personales<\/h2>\n\n<p>Si solicitas un restablecimiento de contrase\u00f1a, tu direcci\u00f3n IP se incluir\u00e1 en el correo electr\u00f3nico de restablecimiento.<\/p>\n\n<h2 class=\"wp-block-heading\" id=\"h-durees-de-stockage-de-vos-donnees\">Periodos de almacenamiento de tus datos<\/h2>\n\n<p>Si dejas un comentario, el comentario y sus metadatos se conservan indefinidamente. Esto permite que los comentarios posteriores se reconozcan y aprueben autom\u00e1ticamente en lugar de quedarse en la cola de moderaci\u00f3n.<\/p>\n\n<p>Para las cuentas que se registran en nuestro sitio (si procede), tambi\u00e9n almacenamos los datos personales indicados en su perfil. Todas las cuentas pueden ver, modificar o eliminar su informaci\u00f3n personal en cualquier momento (a excepci\u00f3n de su nombre de usuario). Los administradores del centro tambi\u00e9n pueden ver y modificar esta informaci\u00f3n.<\/p>\n\n<h2 class=\"wp-block-heading\" id=\"h-les-droits-que-vous-avez-sur-vos-donnees\">Los derechos que tienes sobre tus datos<\/h2>\n\n<p>Si tienes una cuenta o si has dejado comentarios en el sitio, puedes solicitar que te enviemos un archivo con todos los datos personales que tenemos sobre ti, incluidos los que nos has facilitado. Tambi\u00e9n puedes pedir que se supriman tus datos personales. Esto no incluye los datos almacenados con fines administrativos, legales o de seguridad.<\/p>\n\n<h2 class=\"wp-block-heading\" id=\"h-transmission-de-vos-donnees-personnelles\">Transmisi\u00f3n de tus datos personales<\/h2>\n\n<p>Los comentarios de los visitantes pueden comprobarse mediante un servicio automatizado para detectar comentarios indeseables.<\/p>\n","protected":false},"excerpt":{"rendered":"<p>\u00bfQui\u00e9nes somos? El sitio es propiedad de SASU HOPSTOCK con un capital de 1000\u20ac registrado en el Tribunal de Comercio de Dunkerque en el RCS 838136794 Comentarios Cuando dejas un comentario en nuestro sitio, los datos introducidos en el formulario de comentarios, as\u00ed como tu direcci\u00f3n IP y el agente de usuario de tu navegador, [&hellip;]<\/p>\n","protected":false},"author":1,"featured_media":0,"parent":0,"menu_order":0,"comment_status":"closed","ping_status":"open","template":"","meta":{"site-sidebar-layout":"default","site-content-layout":"","ast-site-content-layout":"default","site-content-style":"default","site-sidebar-style":"default","ast-global-header-display":"","ast-banner-title-visibility":"","ast-main-header-display":"","ast-hfb-above-header-display":"","ast-hfb-below-header-display":"","ast-hfb-mobile-header-display":"","site-post-title":"","ast-breadcrumbs-content":"","ast-featured-img":"","footer-sml-layout":"","ast-disable-related-posts":"","theme-transparent-header-meta":"","adv-header-id-meta":"","stick-header-meta":"","header-above-stick-meta":"","header-main-stick-meta":"","header-below-stick-meta":"","astra-migrate-meta-layouts":"default","ast-page-background-enabled":"default","ast-page-background-meta":{"desktop":{"background-color":"","background-image":"","background-repeat":"repeat","background-position":"center center","background-size":"auto","background-attachment":"scroll","background-type":"","background-media":"","overlay-type":"","overlay-color":"","overlay-opacity":"","overlay-gradient":""},"tablet":{"background-color":"","background-image":"","background-repeat":"repeat","background-position":"center center","background-size":"auto","background-attachment":"scroll","background-type":"","background-media":"","overlay-type":"","overlay-color":"","overlay-opacity":"","overlay-gradient":""},"mobile":{"background-color":"","background-image":"","background-repeat":"repeat","background-position":"center center","background-size":"auto","background-attachment":"scroll","background-type":"","background-media":"","overlay-type":"","overlay-color":"","overlay-opacity":"","overlay-gradient":""}},"ast-content-background-meta":{"desktop":{"background-color":"var(--ast-global-color-5)","background-image":"","background-repeat":"repeat","background-position":"center center","background-size":"auto","background-attachment":"scroll","background-type":"","background-media":"","overlay-type":"","overlay-color":"","overlay-opacity":"","overlay-gradient":""},"tablet":{"background-color":"var(--ast-global-color-5)","background-image":"","background-repeat":"repeat","background-position":"center center","background-size":"auto","background-attachment":"scroll","background-type":"","background-media":"","overlay-type":"","overlay-color":"","overlay-opacity":"","overlay-gradient":""},"mobile":{"background-color":"var(--ast-global-color-5)","background-image":"","background-repeat":"repeat","background-position":"center center","background-size":"auto","background-attachment":"scroll","background-type":"","background-media":"","overlay-type":"","overlay-color":"","overlay-opacity":"","overlay-gradient":""}},"footnotes":""},"class_list":["post-4562","page","type-page","status-publish","hentry"],"yoast_head":"<!-- This site is optimized with the Yoast SEO Premium plugin v22.7 (Yoast SEO v26.8) - https:\/\/yoast.com\/product\/yoast-seo-premium-wordpress\/ -->\n<title>Pol\u00edtica de privacidad - AGRIBIOMIX<\/title>\n<meta name=\"description\" content=\"P\u00e1gina de pol\u00edtica de privacidad del sitio web agribiomix.com\" \/>\n<meta name=\"robots\" content=\"index, follow, max-snippet:-1, max-image-preview:large, max-video-preview:-1\" \/>\n<link rel=\"canonical\" href=\"https:\/\/agribiomix.com\/es\/politica-de-privacidad\/\" \/>\n<meta property=\"og:locale\" content=\"es_ES\" \/>\n<meta property=\"og:type\" content=\"article\" \/>\n<meta property=\"og:title\" content=\"Pol\u00edtica de privacidad\" \/>\n<meta property=\"og:description\" content=\"P\u00e1gina de pol\u00edtica de privacidad del sitio web agribiomix.com\" \/>\n<meta property=\"og:url\" content=\"https:\/\/agribiomix.com\/es\/politica-de-privacidad\/\" \/>\n<meta property=\"og:site_name\" content=\"AGRIBIOMIX\" \/>\n<meta property=\"article:modified_time\" content=\"2026-01-26T11:41:27+00:00\" \/>\n<meta name=\"twitter:card\" content=\"summary_large_image\" \/>\n<meta name=\"twitter:label1\" content=\"Tiempo de lectura\" \/>\n\t<meta name=\"twitter:data1\" content=\"3 minutos\" \/>\n<script type=\"application\/ld+json\" class=\"yoast-schema-graph\">{\"@context\":\"https:\/\/schema.org\",\"@graph\":[{\"@type\":\"WebPage\",\"@id\":\"https:\/\/agribiomix.com\/es\/politica-de-privacidad\/\",\"url\":\"https:\/\/agribiomix.com\/es\/politica-de-privacidad\/\",\"name\":\"Pol\u00edtica de privacidad - AGRIBIOMIX\",\"isPartOf\":{\"@id\":\"https:\/\/agribiomix.com\/es\/#website\"},\"datePublished\":\"2023-03-29T04:36:23+00:00\",\"dateModified\":\"2026-01-26T11:41:27+00:00\",\"description\":\"P\u00e1gina de pol\u00edtica de privacidad del sitio web agribiomix.com\",\"breadcrumb\":{\"@id\":\"https:\/\/agribiomix.com\/es\/politica-de-privacidad\/#breadcrumb\"},\"inLanguage\":\"es\",\"potentialAction\":[{\"@type\":\"ReadAction\",\"target\":[\"https:\/\/agribiomix.com\/es\/politica-de-privacidad\/\"]}]},{\"@type\":\"BreadcrumbList\",\"@id\":\"https:\/\/agribiomix.com\/es\/politica-de-privacidad\/#breadcrumb\",\"itemListElement\":[{\"@type\":\"ListItem\",\"position\":1,\"name\":\"Accueil\",\"item\":\"https:\/\/agribiomix.com\/es\/\"},{\"@type\":\"ListItem\",\"position\":2,\"name\":\"Pol\u00edtica de privacidad\"}]},{\"@type\":\"WebSite\",\"@id\":\"https:\/\/agribiomix.com\/es\/#website\",\"url\":\"https:\/\/agribiomix.com\/es\/\",\"name\":\"AGRIBIOMIX\",\"description\":\"Biomasse agricole\",\"publisher\":{\"@id\":\"https:\/\/agribiomix.com\/es\/#organization\"},\"potentialAction\":[{\"@type\":\"SearchAction\",\"target\":{\"@type\":\"EntryPoint\",\"urlTemplate\":\"https:\/\/agribiomix.com\/es\/?s={search_term_string}\"},\"query-input\":{\"@type\":\"PropertyValueSpecification\",\"valueRequired\":true,\"valueName\":\"search_term_string\"}}],\"inLanguage\":\"es\"},{\"@type\":\"Organization\",\"@id\":\"https:\/\/agribiomix.com\/es\/#organization\",\"name\":\"AGRIBIOMIX\",\"url\":\"https:\/\/agribiomix.com\/es\/\",\"logo\":{\"@type\":\"ImageObject\",\"inLanguage\":\"es\",\"@id\":\"https:\/\/agribiomix.com\/es\/#\/schema\/logo\/image\/\",\"url\":\"https:\/\/agribiomix.com\/wp-content\/uploads\/2023\/06\/AGRIBIOMIX-1-2.png\",\"contentUrl\":\"https:\/\/agribiomix.com\/wp-content\/uploads\/2023\/06\/AGRIBIOMIX-1-2.png\",\"width\":151,\"height\":134,\"caption\":\"AGRIBIOMIX\"},\"image\":{\"@id\":\"https:\/\/agribiomix.com\/es\/#\/schema\/logo\/image\/\"}}]}<\/script>\n<!-- \/ Yoast SEO Premium plugin. -->","yoast_head_json":{"title":"Pol\u00edtica de privacidad - AGRIBIOMIX","description":"P\u00e1gina de pol\u00edtica de privacidad del sitio web agribiomix.com","robots":{"index":"index","follow":"follow","max-snippet":"max-snippet:-1","max-image-preview":"max-image-preview:large","max-video-preview":"max-video-preview:-1"},"canonical":"https:\/\/agribiomix.com\/es\/politica-de-privacidad\/","og_locale":"es_ES","og_type":"article","og_title":"Pol\u00edtica de privacidad","og_description":"P\u00e1gina de pol\u00edtica de privacidad del sitio web agribiomix.com","og_url":"https:\/\/agribiomix.com\/es\/politica-de-privacidad\/","og_site_name":"AGRIBIOMIX","article_modified_time":"2026-01-26T11:41:27+00:00","twitter_card":"summary_large_image","twitter_misc":{"Tiempo de lectura":"3 minutos"},"schema":{"@context":"https:\/\/schema.org","@graph":[{"@type":"WebPage","@id":"https:\/\/agribiomix.com\/es\/politica-de-privacidad\/","url":"https:\/\/agribiomix.com\/es\/politica-de-privacidad\/","name":"Pol\u00edtica de privacidad - AGRIBIOMIX","isPartOf":{"@id":"https:\/\/agribiomix.com\/es\/#website"},"datePublished":"2023-03-29T04:36:23+00:00","dateModified":"2026-01-26T11:41:27+00:00","description":"P\u00e1gina de pol\u00edtica de privacidad del sitio web agribiomix.com","breadcrumb":{"@id":"https:\/\/agribiomix.com\/es\/politica-de-privacidad\/#breadcrumb"},"inLanguage":"es","potentialAction":[{"@type":"ReadAction","target":["https:\/\/agribiomix.com\/es\/politica-de-privacidad\/"]}]},{"@type":"BreadcrumbList","@id":"https:\/\/agribiomix.com\/es\/politica-de-privacidad\/#breadcrumb","itemListElement":[{"@type":"ListItem","position":1,"name":"Accueil","item":"https:\/\/agribiomix.com\/es\/"},{"@type":"ListItem","position":2,"name":"Pol\u00edtica de privacidad"}]},{"@type":"WebSite","@id":"https:\/\/agribiomix.com\/es\/#website","url":"https:\/\/agribiomix.com\/es\/","name":"AGRIBIOMIX","description":"Biomasse agricole","publisher":{"@id":"https:\/\/agribiomix.com\/es\/#organization"},"potentialAction":[{"@type":"SearchAction","target":{"@type":"EntryPoint","urlTemplate":"https:\/\/agribiomix.com\/es\/?s={search_term_string}"},"query-input":{"@type":"PropertyValueSpecification","valueRequired":true,"valueName":"search_term_string"}}],"inLanguage":"es"},{"@type":"Organization","@id":"https:\/\/agribiomix.com\/es\/#organization","name":"AGRIBIOMIX","url":"https:\/\/agribiomix.com\/es\/","logo":{"@type":"ImageObject","inLanguage":"es","@id":"https:\/\/agribiomix.com\/es\/#\/schema\/logo\/image\/","url":"https:\/\/agribiomix.com\/wp-content\/uploads\/2023\/06\/AGRIBIOMIX-1-2.png","contentUrl":"https:\/\/agribiomix.com\/wp-content\/uploads\/2023\/06\/AGRIBIOMIX-1-2.png","width":151,"height":134,"caption":"AGRIBIOMIX"},"image":{"@id":"https:\/\/agribiomix.com\/es\/#\/schema\/logo\/image\/"}}]}},"_links":{"self":[{"href":"https:\/\/agribiomix.com\/es\/wp-json\/wp\/v2\/pages\/4562","targetHints":{"allow":["GET"]}}],"collection":[{"href":"https:\/\/agribiomix.com\/es\/wp-json\/wp\/v2\/pages"}],"about":[{"href":"https:\/\/agribiomix.com\/es\/wp-json\/wp\/v2\/types\/page"}],"author":[{"embeddable":true,"href":"https:\/\/agribiomix.com\/es\/wp-json\/wp\/v2\/users\/1"}],"replies":[{"embeddable":true,"href":"https:\/\/agribiomix.com\/es\/wp-json\/wp\/v2\/comments?post=4562"}],"version-history":[{"count":0,"href":"https:\/\/agribiomix.com\/es\/wp-json\/wp\/v2\/pages\/4562\/revisions"}],"wp:attachment":[{"href":"https:\/\/agribiomix.com\/es\/wp-json\/wp\/v2\/media?parent=4562"}],"curies":[{"name":"wp","href":"https:\/\/api.w.org\/{rel}","templated":true}]}}