{"id":4557,"date":"2023-03-01T11:20:19","date_gmt":"2023-03-01T10:20:19","guid":{"rendered":"https:\/\/agribiomix.com\/sobre-nosotros\/"},"modified":"2026-01-26T12:41:27","modified_gmt":"2026-01-26T11:41:27","slug":"sobre-nosotros","status":"publish","type":"page","link":"https:\/\/agribiomix.com\/es\/sobre-nosotros\/","title":{"rendered":"Sobre nosotros"},"content":{"rendered":"\t\t<div data-elementor-type=\"wp-page\" data-elementor-id=\"4557\" class=\"elementor elementor-4557 elementor-433\" data-elementor-post-type=\"page\">\n\t\t\t\t\t\t<section class=\"elementor-section elementor-top-section elementor-element elementor-element-f3339bc elementor-section-boxed elementor-section-height-default elementor-section-height-default\" data-id=\"f3339bc\" data-element_type=\"section\" data-e-type=\"section\" data-settings=\"{&quot;background_background&quot;:&quot;classic&quot;,&quot;background_motion_fx_motion_fx_mouse&quot;:&quot;yes&quot;}\">\n\t\t\t\t\t\t\t<div class=\"elementor-background-overlay\"><\/div>\n\t\t\t\t\t\t\t<div class=\"elementor-container elementor-column-gap-no\">\n\t\t\t\t\t<div class=\"elementor-column elementor-col-100 elementor-top-column elementor-element elementor-element-ad96ba9\" data-id=\"ad96ba9\" data-element_type=\"column\" data-e-type=\"column\">\n\t\t\t<div class=\"elementor-widget-wrap elementor-element-populated\">\n\t\t\t\t\t\t<div class=\"elementor-element elementor-element-3150b9d elementor-widget elementor-widget-heading\" data-id=\"3150b9d\" data-element_type=\"widget\" data-e-type=\"widget\" data-widget_type=\"heading.default\">\n\t\t\t\t<div class=\"elementor-widget-container\">\n\t\t\t\t\t<h1 class=\"elementor-heading-title elementor-size-default\">Acerca de Agribiomix: de agricultor a agricultor  <\/h1>\t\t\t\t<\/div>\n\t\t\t\t<\/div>\n\t\t\t\t\t<\/div>\n\t\t<\/div>\n\t\t\t\t\t<\/div>\n\t\t<\/section>\n\t\t\t\t<section class=\"elementor-section elementor-top-section elementor-element elementor-element-e90114c elementor-section-boxed elementor-section-height-default elementor-section-height-default\" data-id=\"e90114c\" data-element_type=\"section\" data-e-type=\"section\" data-settings=\"{&quot;background_background&quot;:&quot;gradient&quot;}\">\n\t\t\t\t\t\t<div class=\"elementor-container elementor-column-gap-no\">\n\t\t\t\t\t<div class=\"elementor-column elementor-col-100 elementor-top-column elementor-element elementor-element-c8f9663\" data-id=\"c8f9663\" data-element_type=\"column\" data-e-type=\"column\">\n\t\t\t<div class=\"elementor-widget-wrap elementor-element-populated\">\n\t\t\t\t\t\t<section class=\"elementor-section elementor-inner-section elementor-element elementor-element-bc6748c elementor-section-boxed elementor-section-height-default elementor-section-height-default\" data-id=\"bc6748c\" data-element_type=\"section\" data-e-type=\"section\">\n\t\t\t\t\t\t<div class=\"elementor-container elementor-column-gap-no\">\n\t\t\t\t\t<div class=\"elementor-column elementor-col-100 elementor-inner-column elementor-element elementor-element-6bac1f8\" data-id=\"6bac1f8\" data-element_type=\"column\" data-e-type=\"column\">\n\t\t\t<div class=\"elementor-widget-wrap elementor-element-populated\">\n\t\t\t\t\t\t<div class=\"elementor-element elementor-element-bc671c3 elementor-widget-divider--view-line elementor-widget elementor-widget-divider\" data-id=\"bc671c3\" data-element_type=\"widget\" data-e-type=\"widget\" data-widget_type=\"divider.default\">\n\t\t\t\t<div class=\"elementor-widget-container\">\n\t\t\t\t\t\t\t<div class=\"elementor-divider\">\n\t\t\t<span class=\"elementor-divider-separator\">\n\t\t\t\t\t\t<\/span>\n\t\t<\/div>\n\t\t\t\t\t\t<\/div>\n\t\t\t\t<\/div>\n\t\t\t\t\t<\/div>\n\t\t<\/div>\n\t\t\t\t\t<\/div>\n\t\t<\/section>\n\t\t\t\t<div class=\"elementor-element elementor-element-f1cfe67 elementor-widget elementor-widget-text-editor\" data-id=\"f1cfe67\" data-element_type=\"widget\" data-e-type=\"widget\" data-widget_type=\"text-editor.default\">\n\t\t\t\t<div class=\"elementor-widget-container\">\n\t\t\t\t\t\t\t\t\t<p><b data-path-to-node=\"16,0\" data-index-in-node=\"0\">Nuestra historia: del l\u00fapulo a la biomasa<\/b><\/p>\n<p data-path-to-node=\"16,1\">La aventura Agribiomix se basa en un enfoque pr\u00e1ctico de la diversificaci\u00f3n agr\u00edcola. Todo empez\u00f3 con <b data-path-to-node=\"16,1\" data-index-in-node=\"108\">Hopstock<\/b>, nuestra organizaci\u00f3n dedicada a relocalizar la industria del l\u00fapulo en Francia. Al apoyar cientos de proyectos de cultivo de l\u00fapulo, llegamos a una sencilla conclusi\u00f3n: los agricultores buscan soluciones a largo plazo para diversificar sus ingresos m\u00e1s all\u00e1 de los cultivos anuales tradicionales.  <\/p>\n<p data-path-to-node=\"16,2\">Aprovechando nuestra experiencia en propagaci\u00f3n de plantas y log\u00edstica adquirida con Hopstock y Brewstock, creamos <b data-path-to-node=\"16,2\" data-index-in-node=\"121\">Agribiomix en 2023<\/b>. \u00bfNuestro objetivo? Aplicar el mismo rigor t\u00e9cnico a los nuevos cultivos de biomasa: Miscanthus, Paulownia, Silphia y \u00c1lamo.  <\/p>\n<p data-path-to-node=\"16,3\"><b data-path-to-node=\"16,3\" data-index-in-node=\"0\">Un vivero, no un mercado<\/b><\/p>\n<p data-path-to-node=\"16,4\">Lo que nos diferencia es nuestro v\u00ednculo con la tierra. Agribiomix tiene su propio vivero y parcelas de ensayo. Cuando recomendamos una variedad de Paulownia o una densidad de plantaci\u00f3n de Miscanthus, no es algo te\u00f3rico: es el resultado de pruebas realizadas en condiciones reales.  <\/p>\n<p data-path-to-node=\"16,5\"><b data-path-to-node=\"16,5\" data-index-in-node=\"0\">Nuestros compromisos con la Granja de Francia<\/b><\/p>\n<ul data-path-to-node=\"16,6\">\n<li>\n<p data-path-to-node=\"16,6,0,0\"><b data-path-to-node=\"16,6,0,0\" data-index-in-node=\"0\">Soberan\u00eda:<\/b> Ayudar a las explotaciones a producir su propia energ\u00eda y reducir su dependencia de insumos externos.<\/p>\n<\/li>\n<li>\n<p data-path-to-node=\"16,6,1,0\"><b data-path-to-node=\"16,6,1,0\" data-index-in-node=\"0\">Calidad sanitaria:<\/b> Suministramos plantas certificadas, sanas y vigorosas, acondicionadas para soportar el transporte y garantizar una recuperaci\u00f3n \u00f3ptima en el campo.<\/p>\n<\/li>\n<li>\n<p data-path-to-node=\"16,6,2,0\"><b data-path-to-node=\"16,6,2,0\" data-index-in-node=\"0\">Enfoque global:<\/b> No nos limitamos a vender una planta. Trabajamos contigo para estudiar la viabilidad t\u00e9cnica (suelo, clima) y econ\u00f3mica (salidas locales) de tu proyecto. <\/p>\n<\/li>\n<\/ul>\n<p data-path-to-node=\"16,7\"><b data-path-to-node=\"16,7\" data-index-in-node=\"0\">\u00bfQui\u00e9nes somos?<\/b><\/p>\n<p data-path-to-node=\"16,8\">Fundada por Edouard Roussez, agricultor desde 2017 en la explotaci\u00f3n familiar de Hazebrouck (59), somos un equipo de empresarios y agr\u00f3nomos apasionados por las plantas. Convencidos de que la diversificaci\u00f3n del mix agr\u00edcola con la biomasa es una de las principales soluciones a los retos sociales, geopol\u00edticos, clim\u00e1ticos (almacenamiento de carbono, materiales de base biol\u00f3gica) y econ\u00f3micos a los que se enfrenta la agricultura francesa, ponemos nuestras instalaciones de producci\u00f3n y nuestra experiencia a tu servicio para ayudarte a tener \u00e9xito. <\/p>\t\t\t\t\t\t\t\t<\/div>\n\t\t\t\t<\/div>\n\t\t\t\t\t<\/div>\n\t\t<\/div>\n\t\t\t\t\t<\/div>\n\t\t<\/section>\n\t\t\t\t<\/div>\n\t\t","protected":false},"excerpt":{"rendered":"<p>Acerca de Agribiomix: de agricultor a agricultor Nuestra historia: del l\u00fapulo a la biomasa La aventura Agribiomix se basa en un enfoque pr\u00e1ctico de la diversificaci\u00f3n agr\u00edcola. Todo empez\u00f3 con Hopstock, nuestra organizaci\u00f3n dedicada a relocalizar la industria del l\u00fapulo en Francia. Al apoyar cientos de proyectos de cultivo de l\u00fapulo, llegamos a una sencilla [&hellip;]<\/p>\n","protected":false},"author":1,"featured_media":0,"parent":0,"menu_order":0,"comment_status":"closed","ping_status":"closed","template":"","meta":{"site-sidebar-layout":"no-sidebar","site-content-layout":"page-builder","ast-site-content-layout":"full-width-container","site-content-style":"unboxed","site-sidebar-style":"unboxed","ast-global-header-display":"","ast-banner-title-visibility":"","ast-main-header-display":"","ast-hfb-above-header-display":"","ast-hfb-below-header-display":"","ast-hfb-mobile-header-display":"","site-post-title":"disabled","ast-breadcrumbs-content":"disabled","ast-featured-img":"disabled","footer-sml-layout":"","ast-disable-related-posts":"","theme-transparent-header-meta":"enabled","adv-header-id-meta":"","stick-header-meta":"","header-above-stick-meta":"","header-main-stick-meta":"","header-below-stick-meta":"","astra-migrate-meta-layouts":"default","ast-page-background-enabled":"default","ast-page-background-meta":{"desktop":{"background-color":"","background-image":"","background-repeat":"repeat","background-position":"center center","background-size":"auto","background-attachment":"scroll","background-type":"","background-media":"","overlay-type":"","overlay-color":"","overlay-opacity":"","overlay-gradient":""},"tablet":{"background-color":"","background-image":"","background-repeat":"repeat","background-position":"center center","background-size":"auto","background-attachment":"scroll","background-type":"","background-media":"","overlay-type":"","overlay-color":"","overlay-opacity":"","overlay-gradient":""},"mobile":{"background-color":"","background-image":"","background-repeat":"repeat","background-position":"center center","background-size":"auto","background-attachment":"scroll","background-type":"","background-media":"","overlay-type":"","overlay-color":"","overlay-opacity":"","overlay-gradient":""}},"ast-content-background-meta":{"desktop":{"background-color":"var(--ast-global-color-5)","background-image":"","background-repeat":"repeat","background-position":"center center","background-size":"auto","background-attachment":"scroll","background-type":"","background-media":"","overlay-type":"","overlay-color":"","overlay-opacity":"","overlay-gradient":""},"tablet":{"background-color":"var(--ast-global-color-5)","background-image":"","background-repeat":"repeat","background-position":"center center","background-size":"auto","background-attachment":"scroll","background-type":"","background-media":"","overlay-type":"","overlay-color":"","overlay-opacity":"","overlay-gradient":""},"mobile":{"background-color":"var(--ast-global-color-5)","background-image":"","background-repeat":"repeat","background-position":"center center","background-size":"auto","background-attachment":"scroll","background-type":"","background-media":"","overlay-type":"","overlay-color":"","overlay-opacity":"","overlay-gradient":""}},"footnotes":""},"class_list":["post-4557","page","type-page","status-publish","hentry"],"yoast_head":"<!-- This site is optimized with the Yoast SEO Premium plugin v22.7 (Yoast SEO v26.8) - https:\/\/yoast.com\/product\/yoast-seo-premium-wordpress\/ -->\n<title>Nuestra experiencia en viveros y Hopstock<\/title>\n<meta name=\"description\" content=\"Acerca de Agribiomix: soluciones de plantaci\u00f3n para cultivos energ\u00e9ticos y biomateriales. Paulownia, bamb\u00fa, sauce, miscanthus.\" \/>\n<meta name=\"robots\" content=\"index, follow, max-snippet:-1, max-image-preview:large, max-video-preview:-1\" \/>\n<link rel=\"canonical\" href=\"https:\/\/agribiomix.com\/es\/sobre-nosotros\/\" \/>\n<meta property=\"og:locale\" content=\"es_ES\" \/>\n<meta property=\"og:type\" content=\"article\" \/>\n<meta property=\"og:title\" content=\"Sobre nosotros\" \/>\n<meta property=\"og:description\" content=\"Acerca de Agribiomix: soluciones de plantaci\u00f3n para cultivos energ\u00e9ticos y biomateriales. Paulownia, bamb\u00fa, sauce, miscanthus.\" \/>\n<meta property=\"og:url\" content=\"https:\/\/agribiomix.com\/es\/sobre-nosotros\/\" \/>\n<meta property=\"og:site_name\" content=\"AGRIBIOMIX\" \/>\n<meta property=\"article:modified_time\" content=\"2026-01-26T11:41:27+00:00\" \/>\n<meta name=\"twitter:card\" content=\"summary_large_image\" \/>\n<meta name=\"twitter:label1\" content=\"Tiempo de lectura\" \/>\n\t<meta name=\"twitter:data1\" content=\"2 minutos\" \/>\n<script type=\"application\/ld+json\" class=\"yoast-schema-graph\">{\"@context\":\"https:\/\/schema.org\",\"@graph\":[{\"@type\":\"WebPage\",\"@id\":\"https:\/\/agribiomix.com\/es\/sobre-nosotros\/\",\"url\":\"https:\/\/agribiomix.com\/es\/sobre-nosotros\/\",\"name\":\"Nuestra experiencia en viveros y Hopstock\",\"isPartOf\":{\"@id\":\"https:\/\/agribiomix.com\/es\/#website\"},\"datePublished\":\"2023-03-01T10:20:19+00:00\",\"dateModified\":\"2026-01-26T11:41:27+00:00\",\"description\":\"Acerca de Agribiomix: soluciones de plantaci\u00f3n para cultivos energ\u00e9ticos y biomateriales. Paulownia, bamb\u00fa, sauce, miscanthus.\",\"breadcrumb\":{\"@id\":\"https:\/\/agribiomix.com\/es\/sobre-nosotros\/#breadcrumb\"},\"inLanguage\":\"es\",\"potentialAction\":[{\"@type\":\"ReadAction\",\"target\":[\"https:\/\/agribiomix.com\/es\/sobre-nosotros\/\"]}]},{\"@type\":\"BreadcrumbList\",\"@id\":\"https:\/\/agribiomix.com\/es\/sobre-nosotros\/#breadcrumb\",\"itemListElement\":[{\"@type\":\"ListItem\",\"position\":1,\"name\":\"Accueil\",\"item\":\"https:\/\/agribiomix.com\/es\/\"},{\"@type\":\"ListItem\",\"position\":2,\"name\":\"Sobre nosotros\"}]},{\"@type\":\"WebSite\",\"@id\":\"https:\/\/agribiomix.com\/es\/#website\",\"url\":\"https:\/\/agribiomix.com\/es\/\",\"name\":\"AGRIBIOMIX\",\"description\":\"Biomasse agricole\",\"publisher\":{\"@id\":\"https:\/\/agribiomix.com\/es\/#organization\"},\"potentialAction\":[{\"@type\":\"SearchAction\",\"target\":{\"@type\":\"EntryPoint\",\"urlTemplate\":\"https:\/\/agribiomix.com\/es\/?s={search_term_string}\"},\"query-input\":{\"@type\":\"PropertyValueSpecification\",\"valueRequired\":true,\"valueName\":\"search_term_string\"}}],\"inLanguage\":\"es\"},{\"@type\":\"Organization\",\"@id\":\"https:\/\/agribiomix.com\/es\/#organization\",\"name\":\"AGRIBIOMIX\",\"url\":\"https:\/\/agribiomix.com\/es\/\",\"logo\":{\"@type\":\"ImageObject\",\"inLanguage\":\"es\",\"@id\":\"https:\/\/agribiomix.com\/es\/#\/schema\/logo\/image\/\",\"url\":\"https:\/\/agribiomix.com\/wp-content\/uploads\/2023\/06\/AGRIBIOMIX-1-2.png\",\"contentUrl\":\"https:\/\/agribiomix.com\/wp-content\/uploads\/2023\/06\/AGRIBIOMIX-1-2.png\",\"width\":151,\"height\":134,\"caption\":\"AGRIBIOMIX\"},\"image\":{\"@id\":\"https:\/\/agribiomix.com\/es\/#\/schema\/logo\/image\/\"}}]}<\/script>\n<!-- \/ Yoast SEO Premium plugin. -->","yoast_head_json":{"title":"Nuestra experiencia en viveros y Hopstock","description":"Acerca de Agribiomix: soluciones de plantaci\u00f3n para cultivos energ\u00e9ticos y biomateriales. Paulownia, bamb\u00fa, sauce, miscanthus.","robots":{"index":"index","follow":"follow","max-snippet":"max-snippet:-1","max-image-preview":"max-image-preview:large","max-video-preview":"max-video-preview:-1"},"canonical":"https:\/\/agribiomix.com\/es\/sobre-nosotros\/","og_locale":"es_ES","og_type":"article","og_title":"Sobre nosotros","og_description":"Acerca de Agribiomix: soluciones de plantaci\u00f3n para cultivos energ\u00e9ticos y biomateriales. Paulownia, bamb\u00fa, sauce, miscanthus.","og_url":"https:\/\/agribiomix.com\/es\/sobre-nosotros\/","og_site_name":"AGRIBIOMIX","article_modified_time":"2026-01-26T11:41:27+00:00","twitter_card":"summary_large_image","twitter_misc":{"Tiempo de lectura":"2 minutos"},"schema":{"@context":"https:\/\/schema.org","@graph":[{"@type":"WebPage","@id":"https:\/\/agribiomix.com\/es\/sobre-nosotros\/","url":"https:\/\/agribiomix.com\/es\/sobre-nosotros\/","name":"Nuestra experiencia en viveros y Hopstock","isPartOf":{"@id":"https:\/\/agribiomix.com\/es\/#website"},"datePublished":"2023-03-01T10:20:19+00:00","dateModified":"2026-01-26T11:41:27+00:00","description":"Acerca de Agribiomix: soluciones de plantaci\u00f3n para cultivos energ\u00e9ticos y biomateriales. Paulownia, bamb\u00fa, sauce, miscanthus.","breadcrumb":{"@id":"https:\/\/agribiomix.com\/es\/sobre-nosotros\/#breadcrumb"},"inLanguage":"es","potentialAction":[{"@type":"ReadAction","target":["https:\/\/agribiomix.com\/es\/sobre-nosotros\/"]}]},{"@type":"BreadcrumbList","@id":"https:\/\/agribiomix.com\/es\/sobre-nosotros\/#breadcrumb","itemListElement":[{"@type":"ListItem","position":1,"name":"Accueil","item":"https:\/\/agribiomix.com\/es\/"},{"@type":"ListItem","position":2,"name":"Sobre nosotros"}]},{"@type":"WebSite","@id":"https:\/\/agribiomix.com\/es\/#website","url":"https:\/\/agribiomix.com\/es\/","name":"AGRIBIOMIX","description":"Biomasse agricole","publisher":{"@id":"https:\/\/agribiomix.com\/es\/#organization"},"potentialAction":[{"@type":"SearchAction","target":{"@type":"EntryPoint","urlTemplate":"https:\/\/agribiomix.com\/es\/?s={search_term_string}"},"query-input":{"@type":"PropertyValueSpecification","valueRequired":true,"valueName":"search_term_string"}}],"inLanguage":"es"},{"@type":"Organization","@id":"https:\/\/agribiomix.com\/es\/#organization","name":"AGRIBIOMIX","url":"https:\/\/agribiomix.com\/es\/","logo":{"@type":"ImageObject","inLanguage":"es","@id":"https:\/\/agribiomix.com\/es\/#\/schema\/logo\/image\/","url":"https:\/\/agribiomix.com\/wp-content\/uploads\/2023\/06\/AGRIBIOMIX-1-2.png","contentUrl":"https:\/\/agribiomix.com\/wp-content\/uploads\/2023\/06\/AGRIBIOMIX-1-2.png","width":151,"height":134,"caption":"AGRIBIOMIX"},"image":{"@id":"https:\/\/agribiomix.com\/es\/#\/schema\/logo\/image\/"}}]}},"_links":{"self":[{"href":"https:\/\/agribiomix.com\/es\/wp-json\/wp\/v2\/pages\/4557","targetHints":{"allow":["GET"]}}],"collection":[{"href":"https:\/\/agribiomix.com\/es\/wp-json\/wp\/v2\/pages"}],"about":[{"href":"https:\/\/agribiomix.com\/es\/wp-json\/wp\/v2\/types\/page"}],"author":[{"embeddable":true,"href":"https:\/\/agribiomix.com\/es\/wp-json\/wp\/v2\/users\/1"}],"replies":[{"embeddable":true,"href":"https:\/\/agribiomix.com\/es\/wp-json\/wp\/v2\/comments?post=4557"}],"version-history":[{"count":0,"href":"https:\/\/agribiomix.com\/es\/wp-json\/wp\/v2\/pages\/4557\/revisions"}],"wp:attachment":[{"href":"https:\/\/agribiomix.com\/es\/wp-json\/wp\/v2\/media?parent=4557"}],"curies":[{"name":"wp","href":"https:\/\/api.w.org\/{rel}","templated":true}]}}