{"id":4694,"date":"2023-03-01T12:48:20","date_gmt":"2023-03-01T11:48:20","guid":{"rendered":"https:\/\/agribiomix.com\/produit\/willow-salix-viminalis\/"},"modified":"2026-02-02T16:49:42","modified_gmt":"2026-02-02T15:49:42","slug":"willow-salix-viminalis","status":"publish","type":"product","link":"https:\/\/agribiomix.com\/en\/produit\/willow-salix-viminalis\/","title":{"rendered":"Willow Salix Viminalis"},"content":{"rendered":"<h1 data-path-to-node=\"7\">Batch of 100 Basket Willow<i data-path-to-node=\"7\" data-index-in-node=\"41\">(Salix Viminalis<\/i>) Plants &#8211; Certified Cuttings<\/h1>\n<p data-path-to-node=\"8\"><b data-path-to-node=\"8\" data-index-in-node=\"0\">The versatile willow par excellence: High-performance biomass or fine basketry.<\/b><\/p>\n<p data-path-to-node=\"9\">This lot includes <b data-path-to-node=\"9\" data-index-in-node=\"16\">100 ready-to-plant<\/b> <i data-path-to-node=\"9\" data-index-in-node=\"49\">Salix Viminalis<\/i> <b data-path-to-node=\"9\" data-index-in-node=\"16\">cuttings<\/b>. This vigorous variety is the absolute reference for both wood-energy production (TCR\/TTCR) and crafts (creation of baskets, furniture, plessis).<\/p>\n<h3 data-path-to-node=\"10\">Why choose our Agribiomix prepared plants?<\/h3>\n<p data-path-to-node=\"11\">We don&#8217;t sell dormant stock, we sell <b data-path-to-node=\"11\" data-index-in-node=\"49\">fresh<\/b> stock. Your plants are prepared with shears after validation of your order to guarantee a recovery rate close to <b data-path-to-node=\"11\" data-index-in-node=\"175\">100%<\/b>.<\/p>\n<ul data-path-to-node=\"12\">\n<li>\n<p data-path-to-node=\"12,0,0\">\u2705 <b data-path-to-node=\"12,0,0\" data-index-in-node=\"2\">Innovation &#8220;Z\u00e9ro Erreur&#8221;:<\/b> Each cutting (20-22 cm) has a <b data-path-to-node=\"12,0,0\" data-index-in-node=\"67\">white-painted tip<\/b>. This marker indicates the top of the stem to avoid planting upside down, while healing the cut against desiccation and disease.<\/p>\n<\/li>\n<li>\n<p data-path-to-node=\"12,1,0\">\u2705 <b data-path-to-node=\"12,1,0\" data-index-in-node=\"2\">Health guarantee:<\/b> All our batches come with a European <b data-path-to-node=\"12,1,0\" data-index-in-node=\"59\">Phytosanitary Passport<\/b>, certifying the absence of viruses and diseases specific to Willow.<\/p>\n<\/li>\n<li>\n<p data-path-to-node=\"12,2,0\">\u2705 <b data-path-to-node=\"12,2,0\" data-index-in-node=\"2\">Double Usage :<\/b><\/p>\n<ul data-path-to-node=\"12,2,1\">\n<li>\n<p data-path-to-node=\"12,2,1,0,0\"><b data-path-to-node=\"12,2,1,0,0\" data-index-in-node=\"0\">Wickerwork:<\/b> A product of long, flexible and resistant strands, ideal for weaving and plant furniture.<\/p>\n<\/li>\n<li>\n<p data-path-to-node=\"12,2,1,1,0\"><b data-path-to-node=\"12,2,1,1,0\" data-index-in-node=\"0\">Biomass:<\/b> Ultra-fast growth for energy recovery.<\/p>\n<\/li>\n<\/ul>\n<\/li>\n<\/ul>\n<hr data-path-to-node=\"13\" \/>\n<h3 data-path-to-node=\"14\">Technical &amp; Cultural Itinerary<\/h3>\n<ul data-path-to-node=\"15\">\n<li>\n<p data-path-to-node=\"15,0,0\"><b data-path-to-node=\"15,0,0\" data-index-in-node=\"0\">Planting density (biomass):<\/b> Around <b data-path-to-node=\"15,0,0\" data-index-in-node=\"43\">45,000 plants\/hectare<\/b> for optimum yield in dense coppicing.<\/p>\n<\/li>\n<li>\n<p data-path-to-node=\"15,1,0\"><b data-path-to-node=\"15,1,0\" data-index-in-node=\"0\">Planting period:<\/b> Autumn to end of April (excluding frost periods).<\/p>\n<\/li>\n<li>\n<p data-path-to-node=\"15,2,0\"><b data-path-to-node=\"15,2,0\" data-index-in-node=\"0\">Late tip:<\/b> For any planting after April 1st, we recommend soaking the cuttings in water for 24 hours before planting to reactivate the sap flow.<\/p>\n<\/li>\n<\/ul>\n<p data-path-to-node=\"16\"><b data-path-to-node=\"16\" data-index-in-node=\"0\">Storage before planting:<\/b> If you don&#8217;t plant immediately, keep your cuttings cool (max +5\u00b0C) and away from light. Avoid exposure to dew or warm humidity to prevent premature germination above ground.<\/p>\n<hr data-path-to-node=\"17\" \/>\n<h3 data-path-to-node=\"18\">Farmer Focus: TCR \/ TTCR Cultivation<\/h3>\n<p data-path-to-node=\"19\">Vanniers willow is a major species for <b data-path-to-node=\"19\" data-index-in-node=\"65\"><a href=\"https:\/\/agribiomix.com\/en\/short-rotation-coppice-tcr-vs-very-short-rotation-coppice-ttcr-what-are-the-differences\/\">short-rotation coppicing (TCR ) or very short-rotationcoppicing<\/a> (TTCR)<\/b>. This agro-forestry method offers major economic and ecological advantages:<\/p>\n<ol start=\"1\" data-path-to-node=\"20\">\n<li>\n<p data-path-to-node=\"20,0,0\"><b data-path-to-node=\"20,0,0\" data-index-in-node=\"0\">Energy profitability:<\/b> Mass production of biomass and wood energy. Harvesting cycles (from 2 to 20 years depending on the desired diameter) ensure recurring income.<\/p>\n<\/li>\n<li>\n<p data-path-to-node=\"20,1,0\"><b data-path-to-node=\"20,1,0\" data-index-in-node=\"0\">Ecosystem services:<\/b> Salix&#8217;s dense root system effectively combats soil erosion and promotes water infiltration.<\/p>\n<\/li>\n<li>\n<p data-path-to-node=\"20,2,0\"><b data-path-to-node=\"20,2,0\" data-index-in-node=\"0\">Hardiness:<\/b> An all-terrain species, capable of making the most of wet or difficult soils, while sequestering carbon over the long term.<\/p>\n<\/li>\n<\/ol>\n","protected":false},"excerpt":{"rendered":"<ul>\n<li>Batch of 100 willow branches Salix Viminalis, or Basket Willow<\/li>\n<li>20 to 22 cm branches, 35 to 45 grams ready to plant<\/li>\n<li>Approximately 45,000 plants required for 1 hectare of TTCR<\/li>\n<li>AVAILABILITY: March-April 2026<\/li>\n<li>Store in a cool (+5 degrees max), damp place.<\/li>\n<li>With plant passport<\/li>\n<\/ul>\n","protected":false},"featured_media":5120,"template":"","meta":{"site-sidebar-layout":"default","site-content-layout":"default","ast-site-content-layout":"default","site-content-style":"default","site-sidebar-style":"default","ast-global-header-display":"","ast-banner-title-visibility":"","ast-main-header-display":"","ast-hfb-above-header-display":"","ast-hfb-below-header-display":"","ast-hfb-mobile-header-display":"","site-post-title":"","ast-breadcrumbs-content":"","ast-featured-img":"","footer-sml-layout":"","ast-disable-related-posts":"","theme-transparent-header-meta":"default","adv-header-id-meta":"","stick-header-meta":"default","header-above-stick-meta":"","header-main-stick-meta":"","header-below-stick-meta":"","astra-migrate-meta-layouts":"set","ast-page-background-enabled":"default","ast-page-background-meta":{"desktop":{"background-color":"","background-image":"","background-repeat":"repeat","background-position":"center center","background-size":"auto","background-attachment":"scroll","background-type":"","background-media":"","overlay-type":"","overlay-color":"","overlay-opacity":"","overlay-gradient":""},"tablet":{"background-color":"","background-image":"","background-repeat":"repeat","background-position":"center center","background-size":"auto","background-attachment":"scroll","background-type":"","background-media":"","overlay-type":"","overlay-color":"","overlay-opacity":"","overlay-gradient":""},"mobile":{"background-color":"","background-image":"","background-repeat":"repeat","background-position":"center center","background-size":"auto","background-attachment":"scroll","background-type":"","background-media":"","overlay-type":"","overlay-color":"","overlay-opacity":"","overlay-gradient":""}},"ast-content-background-meta":{"desktop":{"background-color":"var(--ast-global-color-5)","background-image":"","background-repeat":"repeat","background-position":"center center","background-size":"auto","background-attachment":"scroll","background-type":"","background-media":"","overlay-type":"","overlay-color":"","overlay-opacity":"","overlay-gradient":""},"tablet":{"background-color":"var(--ast-global-color-5)","background-image":"","background-repeat":"repeat","background-position":"center center","background-size":"auto","background-attachment":"scroll","background-type":"","background-media":"","overlay-type":"","overlay-color":"","overlay-opacity":"","overlay-gradient":""},"mobile":{"background-color":"var(--ast-global-color-5)","background-image":"","background-repeat":"repeat","background-position":"center center","background-size":"auto","background-attachment":"scroll","background-type":"","background-media":"","overlay-type":"","overlay-color":"","overlay-opacity":"","overlay-gradient":""}}},"product_brand":[],"product_cat":[108],"product_tag":[],"class_list":{"0":"post-4694","1":"product","2":"type-product","3":"status-publish","4":"has-post-thumbnail","6":"product_cat-biomass-energy","7":"desktop-align-left","8":"tablet-align-left","9":"mobile-align-left","10":"ast-product-gallery-layout-horizontal-slider","11":"ast-product-gallery-with-no-image","12":"ast-product-tabs-layout-horizontal","13":"ast-qv-on-image","15":"first","16":"instock","17":"taxable","18":"shipping-taxable","19":"purchasable","20":"product-type-simple"},"yoast_head":"<!-- This site is optimized with the Yoast SEO Premium plugin v22.7 (Yoast SEO v26.8) - https:\/\/yoast.com\/product\/yoast-seo-premium-wordpress\/ -->\n<title>Willow Salix Viminalis - AGRIBIOMIX<\/title>\n<meta name=\"description\" content=\"Willow Salix Viminalis plants for biomass production, ideal for TCR or TTCR, adapted to the cool, damp climates of northern France.\" \/>\n<meta name=\"robots\" content=\"index, follow, max-snippet:-1, max-image-preview:large, max-video-preview:-1\" \/>\n<link rel=\"canonical\" href=\"https:\/\/agribiomix.com\/en\/produit\/willow-salix-viminalis\/\" \/>\n<meta property=\"og:locale\" content=\"en_US\" \/>\n<meta property=\"og:type\" content=\"article\" \/>\n<meta property=\"og:title\" content=\"Willow Salix Viminalis\" \/>\n<meta property=\"og:description\" content=\"Willow Salix Viminalis plants for biomass production, ideal for TCR or TTCR, adapted to the cool, damp climates of northern France.\" \/>\n<meta property=\"og:url\" content=\"https:\/\/agribiomix.com\/en\/produit\/willow-salix-viminalis\/\" \/>\n<meta property=\"og:site_name\" content=\"AGRIBIOMIX\" \/>\n<meta property=\"article:modified_time\" content=\"2026-02-02T15:49:42+00:00\" \/>\n<meta property=\"og:image\" content=\"https:\/\/agribiomix.com\/wp-content\/uploads\/2026\/02\/Saule-x100-1-1.webp\" \/>\n\t<meta property=\"og:image:width\" content=\"467\" \/>\n\t<meta property=\"og:image:height\" content=\"350\" \/>\n\t<meta property=\"og:image:type\" content=\"image\/webp\" \/>\n<meta name=\"twitter:card\" content=\"summary_large_image\" \/>\n<meta name=\"twitter:label1\" content=\"Price\" \/>\n\t<meta name=\"twitter:data1\" content=\"33,76&euro; 32,00&euro; HT\" \/>\n\t<meta name=\"twitter:label2\" content=\"Availability\" \/>\n\t<meta name=\"twitter:data2\" content=\"In stock\" \/>\n<script type=\"application\/ld+json\" class=\"yoast-schema-graph\">{\"@context\":\"https:\/\/schema.org\",\"@graph\":[{\"@type\":\"WebPage\",\"@id\":\"https:\/\/agribiomix.com\/en\/produit\/willow-salix-viminalis\/\",\"url\":\"https:\/\/agribiomix.com\/en\/produit\/willow-salix-viminalis\/\",\"name\":\"Willow Salix Viminalis - AGRIBIOMIX\",\"isPartOf\":{\"@id\":\"https:\/\/agribiomix.com\/en\/#website\"},\"primaryImageOfPage\":{\"@id\":\"https:\/\/agribiomix.com\/en\/produit\/willow-salix-viminalis\/#primaryimage\"},\"image\":{\"@id\":\"https:\/\/agribiomix.com\/en\/produit\/willow-salix-viminalis\/#primaryimage\"},\"thumbnailUrl\":\"https:\/\/agribiomix.com\/wp-content\/uploads\/2026\/02\/Saule-x100-1-1.webp\",\"datePublished\":\"2023-03-01T11:48:20+00:00\",\"dateModified\":\"2026-02-02T15:49:42+00:00\",\"description\":\"Willow Salix Viminalis plants for biomass production, ideal for TCR or TTCR, adapted to the cool, damp climates of northern France.\",\"breadcrumb\":{\"@id\":\"https:\/\/agribiomix.com\/en\/produit\/willow-salix-viminalis\/#breadcrumb\"},\"inLanguage\":\"en-US\",\"potentialAction\":[{\"@type\":\"ReadAction\",\"target\":[\"https:\/\/agribiomix.com\/en\/produit\/willow-salix-viminalis\/\"]}]},{\"@type\":\"ImageObject\",\"inLanguage\":\"en-US\",\"@id\":\"https:\/\/agribiomix.com\/en\/produit\/willow-salix-viminalis\/#primaryimage\",\"url\":\"https:\/\/agribiomix.com\/wp-content\/uploads\/2026\/02\/Saule-x100-1-1.webp\",\"contentUrl\":\"https:\/\/agribiomix.com\/wp-content\/uploads\/2026\/02\/Saule-x100-1-1.webp\",\"width\":467,\"height\":350,\"caption\":\"Saule des vanniers ou salix viminalis vendu en lot de 100 plan\u00e7ons pr\u00eat \u00e0 planter\"},{\"@type\":\"BreadcrumbList\",\"@id\":\"https:\/\/agribiomix.com\/en\/produit\/willow-salix-viminalis\/#breadcrumb\",\"itemListElement\":[{\"@type\":\"ListItem\",\"position\":1,\"name\":\"Accueil\",\"item\":\"https:\/\/agribiomix.com\/en\/\"},{\"@type\":\"ListItem\",\"position\":2,\"name\":\"Store\",\"item\":\"https:\/\/agribiomix.com\/en\/shop\/\"},{\"@type\":\"ListItem\",\"position\":3,\"name\":\"Willow Salix Viminalis\"}]},{\"@type\":\"WebSite\",\"@id\":\"https:\/\/agribiomix.com\/en\/#website\",\"url\":\"https:\/\/agribiomix.com\/en\/\",\"name\":\"AGRIBIOMIX\",\"description\":\"P\u00e9pini\u00e8re de Biomasse agricole\",\"publisher\":{\"@id\":\"https:\/\/agribiomix.com\/en\/#organization\"},\"potentialAction\":[{\"@type\":\"SearchAction\",\"target\":{\"@type\":\"EntryPoint\",\"urlTemplate\":\"https:\/\/agribiomix.com\/en\/?s={search_term_string}\"},\"query-input\":{\"@type\":\"PropertyValueSpecification\",\"valueRequired\":true,\"valueName\":\"search_term_string\"}}],\"inLanguage\":\"en-US\"},{\"@type\":\"Organization\",\"@id\":\"https:\/\/agribiomix.com\/en\/#organization\",\"name\":\"AGRIBIOMIX\",\"url\":\"https:\/\/agribiomix.com\/en\/\",\"logo\":{\"@type\":\"ImageObject\",\"inLanguage\":\"en-US\",\"@id\":\"https:\/\/agribiomix.com\/en\/#\/schema\/logo\/image\/\",\"url\":\"https:\/\/agribiomix.com\/wp-content\/uploads\/2023\/06\/AGRIBIOMIX-1-2.png\",\"contentUrl\":\"https:\/\/agribiomix.com\/wp-content\/uploads\/2023\/06\/AGRIBIOMIX-1-2.png\",\"width\":151,\"height\":134,\"caption\":\"AGRIBIOMIX\"},\"image\":{\"@id\":\"https:\/\/agribiomix.com\/en\/#\/schema\/logo\/image\/\"}}]}<\/script>\n<meta property=\"product:price:amount\" content=\"33.76\" \/>\n<meta property=\"product:price:currency\" content=\"EUR\" \/>\n<meta property=\"og:availability\" content=\"instock\" \/>\n<meta property=\"product:availability\" content=\"instock\" \/>\n<meta property=\"product:retailer_item_id\" content=\"SAU\" \/>\n<meta property=\"product:condition\" content=\"new\" \/>\n<!-- \/ Yoast SEO Premium plugin. -->","yoast_head_json":{"title":"Willow Salix Viminalis - AGRIBIOMIX","description":"Willow Salix Viminalis plants for biomass production, ideal for TCR or TTCR, adapted to the cool, damp climates of northern France.","robots":{"index":"index","follow":"follow","max-snippet":"max-snippet:-1","max-image-preview":"max-image-preview:large","max-video-preview":"max-video-preview:-1"},"canonical":"https:\/\/agribiomix.com\/en\/produit\/willow-salix-viminalis\/","og_locale":"en_US","og_type":"article","og_title":"Willow Salix Viminalis","og_description":"Willow Salix Viminalis plants for biomass production, ideal for TCR or TTCR, adapted to the cool, damp climates of northern France.","og_url":"https:\/\/agribiomix.com\/en\/produit\/willow-salix-viminalis\/","og_site_name":"AGRIBIOMIX","article_modified_time":"2026-02-02T15:49:42+00:00","og_image":[{"width":467,"height":350,"url":"https:\/\/agribiomix.com\/wp-content\/uploads\/2026\/02\/Saule-x100-1-1.webp","type":"image\/webp"}],"twitter_card":"summary_large_image","twitter_misc":{"Price":"33,76&euro; 32,00&euro; HT","Availability":"In stock"},"schema":{"@context":"https:\/\/schema.org","@graph":[{"@type":"WebPage","@id":"https:\/\/agribiomix.com\/en\/produit\/willow-salix-viminalis\/","url":"https:\/\/agribiomix.com\/en\/produit\/willow-salix-viminalis\/","name":"Willow Salix Viminalis - AGRIBIOMIX","isPartOf":{"@id":"https:\/\/agribiomix.com\/en\/#website"},"primaryImageOfPage":{"@id":"https:\/\/agribiomix.com\/en\/produit\/willow-salix-viminalis\/#primaryimage"},"image":{"@id":"https:\/\/agribiomix.com\/en\/produit\/willow-salix-viminalis\/#primaryimage"},"thumbnailUrl":"https:\/\/agribiomix.com\/wp-content\/uploads\/2026\/02\/Saule-x100-1-1.webp","datePublished":"2023-03-01T11:48:20+00:00","dateModified":"2026-02-02T15:49:42+00:00","description":"Willow Salix Viminalis plants for biomass production, ideal for TCR or TTCR, adapted to the cool, damp climates of northern France.","breadcrumb":{"@id":"https:\/\/agribiomix.com\/en\/produit\/willow-salix-viminalis\/#breadcrumb"},"inLanguage":"en-US","potentialAction":[{"@type":"ReadAction","target":["https:\/\/agribiomix.com\/en\/produit\/willow-salix-viminalis\/"]}]},{"@type":"ImageObject","inLanguage":"en-US","@id":"https:\/\/agribiomix.com\/en\/produit\/willow-salix-viminalis\/#primaryimage","url":"https:\/\/agribiomix.com\/wp-content\/uploads\/2026\/02\/Saule-x100-1-1.webp","contentUrl":"https:\/\/agribiomix.com\/wp-content\/uploads\/2026\/02\/Saule-x100-1-1.webp","width":467,"height":350,"caption":"Saule des vanniers ou salix viminalis vendu en lot de 100 plan\u00e7ons pr\u00eat \u00e0 planter"},{"@type":"BreadcrumbList","@id":"https:\/\/agribiomix.com\/en\/produit\/willow-salix-viminalis\/#breadcrumb","itemListElement":[{"@type":"ListItem","position":1,"name":"Accueil","item":"https:\/\/agribiomix.com\/en\/"},{"@type":"ListItem","position":2,"name":"Store","item":"https:\/\/agribiomix.com\/en\/shop\/"},{"@type":"ListItem","position":3,"name":"Willow Salix Viminalis"}]},{"@type":"WebSite","@id":"https:\/\/agribiomix.com\/en\/#website","url":"https:\/\/agribiomix.com\/en\/","name":"AGRIBIOMIX","description":"P\u00e9pini\u00e8re de Biomasse agricole","publisher":{"@id":"https:\/\/agribiomix.com\/en\/#organization"},"potentialAction":[{"@type":"SearchAction","target":{"@type":"EntryPoint","urlTemplate":"https:\/\/agribiomix.com\/en\/?s={search_term_string}"},"query-input":{"@type":"PropertyValueSpecification","valueRequired":true,"valueName":"search_term_string"}}],"inLanguage":"en-US"},{"@type":"Organization","@id":"https:\/\/agribiomix.com\/en\/#organization","name":"AGRIBIOMIX","url":"https:\/\/agribiomix.com\/en\/","logo":{"@type":"ImageObject","inLanguage":"en-US","@id":"https:\/\/agribiomix.com\/en\/#\/schema\/logo\/image\/","url":"https:\/\/agribiomix.com\/wp-content\/uploads\/2023\/06\/AGRIBIOMIX-1-2.png","contentUrl":"https:\/\/agribiomix.com\/wp-content\/uploads\/2023\/06\/AGRIBIOMIX-1-2.png","width":151,"height":134,"caption":"AGRIBIOMIX"},"image":{"@id":"https:\/\/agribiomix.com\/en\/#\/schema\/logo\/image\/"}}]},"product_price_amount":"33.76","product_price_currency":"EUR","og_availability":"instock","product_availability":"instock","product_retailer_item_id":"SAU","product_condition":"new"},"_links":{"self":[{"href":"https:\/\/agribiomix.com\/en\/wp-json\/wp\/v2\/product\/4694","targetHints":{"allow":["GET"]}}],"collection":[{"href":"https:\/\/agribiomix.com\/en\/wp-json\/wp\/v2\/product"}],"about":[{"href":"https:\/\/agribiomix.com\/en\/wp-json\/wp\/v2\/types\/product"}],"wp:featuredmedia":[{"embeddable":true,"href":"https:\/\/agribiomix.com\/en\/wp-json\/wp\/v2\/media\/5120"}],"wp:attachment":[{"href":"https:\/\/agribiomix.com\/en\/wp-json\/wp\/v2\/media?parent=4694"}],"wp:term":[{"taxonomy":"product_brand","embeddable":true,"href":"https:\/\/agribiomix.com\/en\/wp-json\/wp\/v2\/product_brand?post=4694"},{"taxonomy":"product_cat","embeddable":true,"href":"https:\/\/agribiomix.com\/en\/wp-json\/wp\/v2\/product_cat?post=4694"},{"taxonomy":"product_tag","embeddable":true,"href":"https:\/\/agribiomix.com\/en\/wp-json\/wp\/v2\/product_tag?post=4694"}],"curies":[{"name":"wp","href":"https:\/\/api.w.org\/{rel}","templated":true}]}}